{"id":151253,"date":"2026-02-16T14:43:55","date_gmt":"2026-02-16T13:43:55","guid":{"rendered":"https:\/\/hibike.com\/carrera-profesional\/"},"modified":"2026-03-09T19:37:31","modified_gmt":"2026-03-09T18:37:31","slug":"carrera-profesional","status":"publish","type":"page","link":"https:\/\/hibike.com\/es\/carrera-profesional\/","title":{"rendered":"Carrera profesional"},"content":{"rendered":"\t\t<div data-elementor-type=\"wp-page\" data-elementor-id=\"151253\" class=\"elementor elementor-151253 elementor-66005\" data-elementor-post-type=\"page\">\n\t\t\t\t<div class=\"elementor-element elementor-element-b37291c e-flex e-con-boxed e-con e-parent\" data-id=\"b37291c\" data-element_type=\"container\" data-e-type=\"container\">\n\t\t\t\t\t<div class=\"e-con-inner\">\n\t\t\t\t<div class=\"elementor-element elementor-element-7b2afb8 elementor-widget elementor-widget-html\" data-id=\"7b2afb8\" data-element_type=\"widget\" data-e-type=\"widget\" data-widget_type=\"html.default\">\n\t\t\t\t\t<div class=\"container\">\n  <div class=\"hero\">\n    <h1>Empleo en hibike<\/h1>\n    <div class=\"subtitle\">\u00bfNo est\u00e1s de humor para trajes y aburrimiento? Entonces, \u00a1ven y \u00fanete a nosotros! <\/div>\n    <div class=\"tagline\">Oficina - Almac\u00e9n - Tienda - Taller<\/div>\n    <div class=\"description\">\n  hibike es una potente marca de Merlin Cycles GmbH, con sede en Kronberg im Taunus.\n  \u00bfTe apetece algo nuevo? Entonces has venido al lugar adecuado. \n  Ya sea en la oficina, en el almac\u00e9n, en la tienda o en el taller, \u00a1siempre estamos buscando nuevos talentos!\n    <\/div>\n  <\/div>\n\n  <div class=\"content\">\n    <div class=\"section\">\n      <h2 class=\"section-title\">Vacantes<\/h2>\n\n     <a href=\"ENLACE A ANUNCIO DE EMPLEO 1\" class=\"job-box\">\n  <div class=\"package\">\n    <h3>Empleado de taller (h\/m\/x)<\/h3>\n    <p class=\"tagline\">A tiempo completo<\/p>\n  <\/div>\n<\/a>\n\n<a href=\"ENLACE A ANUNCIO DE EMPLEO 2\" class=\"job-box\">\n  <div class=\"package\">\n    <h3>Log\u00edstica de almac\u00e9n \/ empleado a comisi\u00f3n (h\/m\/x)<\/h3>\n    <p class=\"tagline\">A tiempo completo<\/p>\n  <\/div>\n<\/a>\n\n<a href=\"ENLACE A ANUNCIO DE EMPLEO 3\" class=\"job-box\">\n  <div class=\"package\">\n    <h3>Asistente de equipo \/ Director de oficina (h\/m\/x)<\/h3>\n    <p class=\"tagline\">A tiempo completo<\/p>\n  <\/div>\n<\/a>\n\n     \n      <\/div>\n\n      <div class=\"divider\">\u2e3b<\/div>\n\n      <div class=\"package\">\n        <h3>Solicitud no solicitada<\/h3>\n        <p class=\"tagline\">\n  \u00bfQuiz\u00e1 no encuentras la oferta de trabajo adecuada en este momento? Entonces quiz\u00e1 deber\u00edamos iniciar un di\u00e1logo de todos modos. \n  Muchas oportunidades se han convertido en una gran colaboraci\u00f3n.\n        <\/p>\n\n        <p style=\"font-weight:300; line-height:1.8; margin-top: 15px;\">\n  Por tanto, siempre nos complace recibir buenas candidaturas no solicitadas. Env\u00edanos tu CV y describe a\n qu\u00e9 te gustar\u00eda hacer en tu vida profesional y en qu\u00e9 eres realmente bueno. Nos encantar\u00eda saber c\u00f3mo puedes contribuir a nuestro equipo.  \n  \u00a1Estamos entusiasmados!\n        <\/p>\n      <\/div>\n    <\/div>\n\n    <div class=\"divider\">\u2e3b<\/div>\n\n    <div class=\"section\">\n      <h2 class=\"section-title\">Y as\u00ed sucesivamente...<\/h2>\n\n      <div class=\"package\">\n        <h3>C\u00f3mo solicitarlo<\/h3>\n        <p class=\"tagline\">\n  Si quieres presentar tu candidatura, env\u00edanos un correo electr\u00f3nico con tu solicitud.\n Por favor, deja claro para qu\u00e9 solicitas el puesto o indica la referencia o palabra clave mencionada en la oferta de trabajo.\n        <\/p>\n\n        <div class=\"result\">\n          <strong>Env\u00eda tus documentos a<\/strong><br>          <span style=\"font-weight:300;\">bewerbung@merlincycles.de<\/span> <span style=\"font-weight:300;\">(preferiblemente en PDF)<\/span>\n        <\/div>\n\n        <div class=\"result\">\n          <strong>Confidencialidad:<\/strong>\n          <span style=\"font-weight:300;\">\u00a1Te garantizamos que tu solicitud se tramitar\u00e1 de forma confidencial!<\/span>\n        <\/div>\n      <\/div>\n    <\/div>\n  <\/div>\n<\/div>\n\n<style>\n  .hero { margin-bottom: 60px; }\n  .hero h1 { font-size: 30px; margin-bottom: 20px; font-weight: 700; }\n  .hero .subtitle { font-size: 1.3em; margin-bottom: 15px; font-weight: 600; }\n  .hero .tagline { font-size: 1em; margin-bottom: 25px; font-weight: 300; }\n  .hero .description { font-size: 0.95em; line-height: 1.8; font-weight: 300; }\n\n  .content { padding: 0; }\n  .section { margin-bottom: 60px; }\n  .section-title {\n    font-size: 28px;\n    margin-bottom: 40px;\n    font-weight: 700;\n    border-bottom: 2px solid #000;\n    padding-bottom: 15px;\n  }\n\n  .package {\n    border: 2px solid #000;\n    padding: 30px;\n    margin-bottom: 25px;\n  }\n  .package h3 { font-size: 20px; margin-bottom: 10px; font-weight: 700; }\n  .package .tagline { font-size: 0.95em; margin-bottom: 0; font-weight: 300; line-height: 1.7; }\n\n  .result {\n    border-top: 1px solid #000;\n    padding-top: 18px;\n    margin-top: 18px;\n    font-size: 0.95em;\n  }\n  .result strong { font-weight: 600; }\n\n  .divider { text-align: center; font-size: 1.5em; margin: 50px 0; }\n\n  @media (max-width: 768px) {\n    body { padding: 20px 15px; }\n    .hero h1 { font-size: 1.8em; }\n    .hero .subtitle { font-size: 1.2em; }\n    .package { padding: 20px; }\n  }\n<\/style>\n\t\t\t\t<\/div>\n\t\t\t\t\t<\/div>\n\t\t\t\t<\/div>\n\t\t\t\t<\/div>\n\t\t","protected":false},"excerpt":{"rendered":"<p>Empleo en hibike \u00bfNo est\u00e1s de humor para trajes y aburrimiento? Entonces, \u00a1ven y \u00fanete a nosotros! Oficina \u2013 Almac\u00e9n \u2013 Tienda \u2013 Taller hibike es una potente marca de Merlin Cycles GmbH, con sede en Kronberg im Taunus. \u00bfTe apetece algo nuevo? Entonces has venido al lugar adecuado. Ya sea en la oficina, en [&hellip;]<\/p>\n","protected":false},"author":1,"featured_media":0,"parent":0,"menu_order":0,"comment_status":"closed","ping_status":"closed","template":"","meta":{"footnotes":""},"class_list":["post-151253","page","type-page","status-publish","hentry"],"_links":{"self":[{"href":"https:\/\/hibike.com\/es\/wp-json\/wp\/v2\/pages\/151253","targetHints":{"allow":["GET"]}}],"collection":[{"href":"https:\/\/hibike.com\/es\/wp-json\/wp\/v2\/pages"}],"about":[{"href":"https:\/\/hibike.com\/es\/wp-json\/wp\/v2\/types\/page"}],"author":[{"embeddable":true,"href":"https:\/\/hibike.com\/es\/wp-json\/wp\/v2\/users\/1"}],"replies":[{"embeddable":true,"href":"https:\/\/hibike.com\/es\/wp-json\/wp\/v2\/comments?post=151253"}],"version-history":[{"count":0,"href":"https:\/\/hibike.com\/es\/wp-json\/wp\/v2\/pages\/151253\/revisions"}],"wp:attachment":[{"href":"https:\/\/hibike.com\/es\/wp-json\/wp\/v2\/media?parent=151253"}],"curies":[{"name":"wp","href":"https:\/\/api.w.org\/{rel}","templated":true}]}}