{"id":151766,"date":"2026-02-10T12:39:49","date_gmt":"2026-02-10T11:39:49","guid":{"rendered":"https:\/\/hibike.com\/montaje-de-bicicletas\/"},"modified":"2026-03-18T18:39:15","modified_gmt":"2026-03-18T17:39:15","slug":"montaje-de-bicicletas","status":"publish","type":"page","link":"https:\/\/hibike.com\/es\/montaje-de-bicicletas\/","title":{"rendered":"Montaje de bicicletas"},"content":{"rendered":"\t\t<div data-elementor-type=\"wp-page\" data-elementor-id=\"151766\" class=\"elementor elementor-151766 elementor-42906\" data-elementor-post-type=\"page\">\n\t\t\t\t<div class=\"elementor-element elementor-element-8511d81 e-flex e-con-boxed e-con e-parent\" data-id=\"8511d81\" data-element_type=\"container\" data-e-type=\"container\">\n\t\t\t\t\t<div class=\"e-con-inner\">\n\t\t\t\t<div class=\"elementor-element elementor-element-091876b elementor-widget elementor-widget-html\" data-id=\"091876b\" data-element_type=\"widget\" data-e-type=\"widget\" data-widget_type=\"html.default\">\n\t\t\t\t\t<div class=\"bikefitting-page\">\r\n  <div class=\"content\">\r\n\r\n    <div class=\"section hero-section\">\r\n      <div class=\"hero-card\">\r\n        <div class=\"hero-content\">\r\n          <span class=\"hero-label\">Ajuste de la bicicleta y prueba de conducci\u00f3n<\/span>\r\n          <h1>Tu configuraci\u00f3n perfecta en la bicicleta<\/h1>\r\n          <h2 class=\"hero-title\">Ajuste profesional de la bicicleta<\/h2>\r\n          <p class=\"hero-tagline\">M\u00e1s confort. M\u00e1s potencia. M\u00e1s control.  <\/p>\r\n\r\n          <p class=\"hero-text\">\r\n  La posici\u00f3n de conducci\u00f3n correcta es crucial para la comodidad, el rendimiento y el placer de conducir.\r\n  Con nuestro ajuste profesional de bicicletas, adaptamos tu bicicleta perfectamente a tu cuerpo.\r\n  Esto reducir\u00e1 las molestias y te proporcionar\u00e1 mayor eficiencia y control en cada trayecto.\r\n          <\/p>\r\n\r\n          <p class=\"hero-text\">\r\n  Le ofrecemos diferentes paquetes de ajuste de bicicleta, desde una revisi\u00f3n b\u00e1sica hasta un an\u00e1lisis m\u00e1s completo.\r\n  Tambi\u00e9n puedes reservar una prueba de conducci\u00f3n directamente aqu\u00ed si deseas probar una bicicleta nueva en nuestras instalaciones.\r\n          <\/p>\r\n\r\n          <div class=\"hero-actions\">\r\n            <a href=\"#pakete\" class=\"cta-button\">Ver paquetes<\/a>\r\n <a href=\"#termin\" class=\"cta-button cta-button-secondary\">Reserva una cita<\/a>\r\n          <\/div>\r\n        <\/div>\r\n      <\/div>\r\n    <\/div>\r\n\r\n    <div class=\"section\" id=\"pakete\">\r\n      <h2 class=\"section-title\">Nuestros paquetes de ajuste de bicicletas<\/h2>\r\n\r\n      <div class=\"package-grid\">\r\n        <div class=\"package\">\r\n          <h3>Ajuste b\u00e1sico de la bicicleta<\/h3>\r\n          <p class=\"tagline\">El punto de entrada ideal para mayor comodidad y una mejor postura b\u00e1sica.<\/p>\r\n\r\n          <div class=\"package-info\">\r\n            <div class=\"info-item\">\r\n              <strong>Precio:<\/strong> 119\r\n            <\/div>\r\n          <\/div>\r\n\r\n          <h4>Servicios<\/h4>\r\n          <ul>\r\n            <li>An\u00e1lisis de su posici\u00f3n actual al sentarse<\/li>\r\n            <li>Adaptaci\u00f3n de los puntos de contacto clave<\/li>\r\n            <li>Optimizaci\u00f3n de la comodidad y la postura b\u00e1sica<\/li>\r\n          <\/ul>\r\n\r\n          <div class=\"result\">\r\n            <strong>Resultado:<\/strong> Una posici\u00f3n notablemente m\u00e1s c\u00f3moda y una mejor experiencia de conducci\u00f3n sobre la bicicleta.\r\n          <\/div>\r\n        <\/div>\r\n\r\n        <div class=\"package\">\r\n          <h3>Ajuste de bicicleta premium<\/h3>\r\n          <p class=\"tagline\">M\u00e1s an\u00e1lisis, m\u00e1s ajustes y una adaptaci\u00f3n a\u00fan m\u00e1s precisa a ti y a tu bicicleta.<\/p>\r\n\r\n          <div class=\"package-info\">\r\n            <div class=\"info-item\">\r\n              <strong>Precio:<\/strong> 159\r\n            <\/div>\r\n          <\/div>\r\n\r\n          <h4>Servicios<\/h4>\r\n          <ul>\r\n            <li>An\u00e1lisis m\u00e1s detallado de su posici\u00f3n y patrones de movimiento.<\/li>\r\n            <li>Ajuste fino del sill\u00edn, el manillar y los puntos de contacto relevantes.<\/li>\r\n            <li>Optimizaci\u00f3n para mayor comodidad, eficiencia y control.<\/li>\r\n          <\/ul>\r\n\r\n          <div class=\"result\">\r\n            <strong>Resultado:<\/strong> Una configuraci\u00f3n a\u00fan m\u00e1s personalizada para un rendimiento mejorado y una mejor experiencia de conducci\u00f3n.\r\n          <\/div>\r\n        <\/div>\r\n\r\n        <div class=\"package\">\r\n          <h3>Reserva una prueba de conducci\u00f3n<\/h3>\r\n          <p class=\"tagline\">Prueba la moto de tus sue\u00f1os directamente con nosotros en nuestras instalaciones.<\/p>\r\n\r\n          <div class=\"package-info\">\r\n            <div class=\"info-item\">\r\n              <strong>Precio:<\/strong> gratis\r\n            <\/div>\r\n          <\/div>\r\n\r\n          <h4>Servicios<\/h4>\r\n          <ul>\r\n            <li>Prueba de conducci\u00f3n con bicicletas seleccionadas de nuestra gama.<\/li>\r\n            <li>Asesoramiento sobre tama\u00f1o, configuraci\u00f3n y \u00e1rea de aplicaci\u00f3n.<\/li>\r\n            <li>Capacidad para comparar directamente diferentes modelos.<\/li>\r\n          <\/ul>\r\n\r\n          <div class=\"result\">\r\n            <strong>Resultado:<\/strong> Descubrir\u00e1s qu\u00e9 bicicleta te conviene m\u00e1s.\r\n          <\/div>\r\n        <\/div>\r\n      <\/div>\r\n\r\n      <div class=\"notice-box\">\r\n        <strong>Un aviso:<\/strong><br> Simplemente seleccione la oferta que le convenga en la herramienta de reservas: Ajuste b\u00e1sico de bicicleta, Ajuste premium de bicicleta o Prueba de conducci\u00f3n.\r\n      <\/div>\r\n    <\/div>\r\n\r\n    <div class=\"section\" id=\"ablauf\">\r\n      <h2 class=\"section-title\">Qu\u00e9 esperar durante el ajuste de la bicicleta<\/h2>\r\n\r\n      <div class=\"feature-grid\">\r\n        <div class=\"feature-card\">\r\n          <h3>An\u00e1lisis de tu posici\u00f3n inicial<\/h3>\r\n          <p>\r\n  Analizaremos detenidamente su postura actual al sentarse, sus patrones de movimiento y los puntos de contacto con la bicicleta.\r\n          <\/p>\r\n        <\/div>\r\n\r\n        <div class=\"feature-card\">\r\n          <h3>Personalizaci\u00f3n individual<\/h3>\r\n          <p>\r\n  El sill\u00edn, el manillar y dem\u00e1s componentes relevantes se adaptar\u00e1n a usted y a sus necesidades.\r\n          <\/p>\r\n        <\/div>\r\n\r\n        <div class=\"feature-card\">\r\n          <h3>Mayor comodidad y eficiencia<\/h3>\r\n          <p>\r\n  El objetivo es lograr una configuraci\u00f3n que reduzca los puntos de presi\u00f3n, prevenga las molestias y optimice tu rendimiento.\r\n          <\/p>\r\n        <\/div>\r\n\r\n        <div class=\"feature-card\">\r\n          <h3>Sensaci\u00f3n de conducci\u00f3n directa<\/h3>\r\n          <p>\r\n  Incluso peque\u00f1os ajustes pueden marcar una gran diferencia en cuanto a estabilidad, control y placer de conducci\u00f3n.\r\n          <\/p>\r\n        <\/div>\r\n      <\/div>\r\n    <\/div>\r\n\r\n    <div class=\"section\">\r\n      <h2 class=\"section-title\">\u00bfQui\u00e9n se beneficia del ajuste de la bicicleta?<\/h2>\r\n\r\n      <div class=\"info-card\">\r\n        <ul>\r\n          <li>Para dolencias como entumecimiento en las manos, dolor de cuello o problemas al sentarse.<\/li>\r\n          <li>Despu\u00e9s de una nueva compra o al cambiar a una bicicleta nueva<\/li>\r\n          <li>Si quieres mejorar tu rendimiento y eficiencia en la bicicleta<\/li>\r\n          <li>Para bicicletas de carretera, bicicletas de gravel, bicicletas de monta\u00f1a y ciclistas deportivos de uso diario.<\/li>\r\n        <\/ul>\r\n\r\n        <div class=\"result\">\r\n          <strong>Es bueno saberlo:<\/strong> Ajustar la bicicleta a tu medida merece la pena tanto para los ciclistas ambiciosos como para aquellos que simplemente quieren montar en bicicleta de una manera m\u00e1s relajada y sin dolor.\r\n        <\/div>\r\n      <\/div>\r\n    <\/div>\r\n\r\n    <div class=\"section\">\r\n      <h2 class=\"section-title\">Su persona de contacto<\/h2>\r\n\r\n      <div class=\"profile-card\">\r\n        <div class=\"profile-image-wrap\">\r\n          <img decoding=\"async\" src=\"https:\/\/hibike.com\/wp-content\/uploads\/2026\/03\/Aaron-scaled.jpg\" alt=\"Ajuste de bicicletas de Aaron\" class=\"profile-image\" title=\"\">\r\n        <\/div>\r\n\r\n        <div class=\"profile-content\">\r\n          <h3>Aaron<\/h3>\r\n          <p class=\"profile-subtitle\">Ajuste profesional de la bicicleta con \u00e9nfasis en la comodidad, el control y el rendimiento.<\/p>\r\n\r\n          <p>\r\n  Aaron te ayudar\u00e1 a ajustar tu bicicleta de forma \u00f3ptima a tu cuerpo y estilo de conducci\u00f3n.\r\n  En conjunto, se analizan y mejoran espec\u00edficamente la posici\u00f3n, los puntos de contacto y las secuencias de movimiento.\r\n          <\/p>\r\n\r\n          <p>\r\n  El objetivo es lograr una configuraci\u00f3n que no solo ofrezca un buen rendimiento deportivo, sino que tambi\u00e9n resulte estable, eficiente y c\u00f3moda en trayectos largos.\r\n          <\/p>\r\n\r\n          <div class=\"result\">\r\n            <strong>Resultado:<\/strong> Una posici\u00f3n de conducci\u00f3n personalizada para un mayor placer al volante, una mejor eficiencia y una comodidad notablemente superior.\r\n          <\/div>\r\n        <\/div>\r\n      <\/div>\r\n    <\/div>\r\n\r\n    <div class=\"section\" id=\"termin\">\r\n      <h2 class=\"section-title\">Aqu\u00ed le explicamos c\u00f3mo reservar su cita.<\/h2>\r\n\r\n      <div class=\"booking-steps\">\r\n        <div class=\"step\">\r\n          <div class=\"step-number\">1<\/div>\r\n          <p>Elige la oferta que mejor se adapte a ti en la herramienta de reservas.<\/p>\r\n        <\/div>\r\n        <div class=\"step\">\r\n          <div class=\"step-number\">2<\/div>\r\n          <p>Elige tu fecha preferida<\/p>\r\n        <\/div>\r\n        <div class=\"step\">\r\n          <div class=\"step-number\">3<\/div>\r\n          <p>Trae tu bicicleta y el equipo necesario o ven a probarla.<\/p>\r\n        <\/div>\r\n        <div class=\"step\">\r\n          <div class=\"step-number\">4<\/div>\r\n          <p>Comienza tus pr\u00f3ximas rutas con una mejor configuraci\u00f3n o la bicicleta nueva adecuada.<\/p>\r\n        <\/div>\r\n      <\/div>\r\n\r\n      <div class=\"cta-wrap\">\r\n        <a href=\"#amelia-container\" class=\"cta-button\">Reserva una cita ahora<\/a>\r\n      <\/div>\r\n    <\/div>\r\n\r\n  <\/div>\r\n<\/div>\r\n\r\n<style>\r\n  .bikefitting-page {\r\n    font-family: inherit;\r\n    color: #4e4e4e;\r\n    background: #ffffff;\r\n  }\r\n\r\n  .bikefitting-page .content {\r\n    padding: 0;\r\n  }\r\n\r\n  .bikefitting-page .section {\r\n    margin-bottom: 72px;\r\n  }\r\n\r\n  .bikefitting-page .section-title {\r\n    font-size: 2rem;\r\n    font-weight: 700;\r\n    color: #4e4e4e;\r\n    margin-bottom: 32px;\r\n    position: relative;\r\n    padding-bottom: 14px;\r\n  }\r\n\r\n  .bikefitting-page .section-title::after {\r\n    content: \"\";\r\n    position: absolute;\r\n    left: 0;\r\n    bottom: 0;\r\n    width: 90px;\r\n    height: 4px;\r\n    background: #ffb635;\r\n    border-radius: 999px;\r\n  }\r\n\r\n  .hero-section {\r\n    margin-bottom: 72px;\r\n  }\r\n\r\n  .hero-card {\r\n    background: linear-gradient(135deg, #fff8e8 0%, #ffffff 100%);\r\n    border: 1px solid #c4c4c4;\r\n    border-radius: 24px;\r\n    padding: 56px 48px;\r\n    box-shadow: 0 12px 30px rgba(0, 0, 0, 0.06);\r\n    position: relative;\r\n    overflow: hidden;\r\n  }\r\n\r\n  .hero-card::before {\r\n    content: \"\";\r\n    position: absolute;\r\n    top: 0;\r\n    left: 0;\r\n    width: 140px;\r\n    height: 6px;\r\n    background: #ffb635;\r\n    border-radius: 0 0 999px 0;\r\n  }\r\n\r\n  .hero-content {\r\n    max-width: 760px;\r\n  }\r\n\r\n  .hero-label {\r\n    display: inline-block;\r\n    background: #ffb635;\r\n    color: #4e4e4e;\r\n    font-size: 0.82rem;\r\n    font-weight: 700;\r\n    padding: 8px 14px;\r\n    border-radius: 999px;\r\n    margin-bottom: 18px;\r\n  }\r\n\r\n  .hero-card h1 {\r\n    font-size: 2.6rem;\r\n    line-height: 1.15;\r\n    font-weight: 800;\r\n    color: #4e4e4e;\r\n    margin-bottom: 10px;\r\n  }\r\n\r\n  .hero-title {\r\n    font-size: 1.35rem;\r\n    line-height: 1.4;\r\n    font-weight: 700;\r\n    color: #4e4e4e;\r\n    margin-bottom: 14px;\r\n  }\r\n\r\n  .hero-tagline {\r\n    font-size: 1.08rem;\r\n    line-height: 1.6;\r\n    color: #4e4e4e;\r\n    font-weight: 600;\r\n    margin-bottom: 18px;\r\n  }\r\n\r\n  .hero-text {\r\n    font-size: 1rem;\r\n    line-height: 1.8;\r\n    color: #4e4e4e;\r\n    opacity: 0.92;\r\n    margin-bottom: 18px;\r\n  }\r\n\r\n  .hero-actions {\r\n    display: flex;\r\n    flex-wrap: wrap;\r\n    gap: 14px;\r\n    margin-top: 28px;\r\n  }\r\n\r\n  .package-grid {\r\n    display: grid;\r\n    grid-template-columns: repeat(2, minmax(0, 1fr));\r\n    gap: 28px;\r\n  }\r\n\r\n  .package,\r\n  .feature-card,\r\n  .info-card,\r\n  .step,\r\n  .notice-box,\r\n  .profile-card {\r\n    background: #fff;\r\n    border: 1px solid #c4c4c4;\r\n    border-radius: 18px;\r\n    box-shadow: 0 8px 24px rgba(0, 0, 0, 0.05);\r\n  }\r\n\r\n  .package,\r\n  .feature-card,\r\n  .info-card,\r\n  .profile-card {\r\n    padding: 30px;\r\n  }\r\n\r\n  .package h3,\r\n  .feature-card h3,\r\n  .profile-content h3 {\r\n    font-size: 1.35rem;\r\n    font-weight: 700;\r\n    color: #4e4e4e;\r\n    margin-bottom: 10px;\r\n  }\r\n\r\n  .package .tagline,\r\n  .profile-subtitle {\r\n    font-size: 0.98rem;\r\n    line-height: 1.6;\r\n    color: #4e4e4e;\r\n    opacity: 0.85;\r\n    margin-bottom: 22px;\r\n  }\r\n\r\n  .package-info {\r\n    display: flex;\r\n    flex-wrap: wrap;\r\n    gap: 14px;\r\n    margin-bottom: 24px;\r\n  }\r\n\r\n  .info-item {\r\n    background: #f8f8f8;\r\n    border: 1px solid #c4c4c4;\r\n    border-radius: 12px;\r\n    padding: 12px 16px;\r\n    font-size: 0.95rem;\r\n    color: #4e4e4e;\r\n  }\r\n\r\n  .info-item strong {\r\n    color: #4e4e4e;\r\n    font-weight: 700;\r\n  }\r\n\r\n  .package h4 {\r\n    font-size: 1rem;\r\n    font-weight: 700;\r\n    color: #4e4e4e;\r\n    margin: 22px 0 12px;\r\n  }\r\n\r\n  .package ul,\r\n  .info-card ul {\r\n    list-style: none;\r\n    padding: 0;\r\n    margin: 0 0 22px;\r\n  }\r\n\r\n  .package ul li,\r\n  .info-card ul li {\r\n    position: relative;\r\n    padding-left: 20px;\r\n    margin-bottom: 10px;\r\n    font-size: 0.96rem;\r\n    line-height: 1.7;\r\n    color: #4e4e4e;\r\n  }\r\n\r\n  .package ul li::before,\r\n  .info-card ul li::before {\r\n    content: \"\";\r\n    position: absolute;\r\n    left: 0;\r\n    top: 10px;\r\n    width: 8px;\r\n    height: 8px;\r\n    background: #ffb635;\r\n    border-radius: 50%;\r\n  }\r\n\r\n  .feature-grid {\r\n    display: grid;\r\n    grid-template-columns: repeat(2, minmax(0, 1fr));\r\n    gap: 28px;\r\n  }\r\n\r\n  .feature-card p,\r\n  .profile-content p {\r\n    font-size: 0.96rem;\r\n    line-height: 1.7;\r\n    color: #4e4e4e;\r\n    margin: 0 0 14px;\r\n  }\r\n\r\n  .notice-box {\r\n    margin-top: 32px;\r\n    padding: 24px 28px;\r\n    font-size: 0.92rem;\r\n    line-height: 1.7;\r\n    color: #4e4e4e;\r\n    background: #fffaf0;\r\n    border-left: 5px solid #ffb635;\r\n  }\r\n\r\n  .profile-card {\r\n    display: grid;\r\n    grid-template-columns: 320px minmax(0, 1fr);\r\n    gap: 0;\r\n    overflow: hidden;\r\n    padding: 0;\r\n  }\r\n\r\n  .profile-image-wrap {\r\n    background: #f8f8f8;\r\n  }\r\n\r\n  .profile-image {\r\n    display: block;\r\n    width: 100%;\r\n    height: 100%;\r\n    object-fit: cover;\r\n    min-height: 100%;\r\n  }\r\n\r\n  .profile-content {\r\n    padding: 32px;\r\n  }\r\n\r\n  .result {\r\n    margin-top: 22px;\r\n    padding-top: 18px;\r\n    border-top: 1px solid #c4c4c4;\r\n    font-size: 0.95rem;\r\n    line-height: 1.7;\r\n    color: #4e4e4e;\r\n  }\r\n\r\n  .result strong {\r\n    color: #4e4e4e;\r\n    font-weight: 700;\r\n  }\r\n\r\n  .booking-steps {\r\n    display: grid;\r\n    grid-template-columns: repeat(4, minmax(0, 1fr));\r\n    gap: 20px;\r\n    margin-top: 18px;\r\n  }\r\n\r\n  .step {\r\n    padding: 28px 22px;\r\n    text-align: center;\r\n    transition: transform 0.2s ease, box-shadow 0.2s ease;\r\n  }\r\n\r\n  .step:hover {\r\n    transform: translateY(-4px);\r\n    box-shadow: 0 12px 26px rgba(0, 0, 0, 0.08);\r\n  }\r\n\r\n  .step-number {\r\n    width: 64px;\r\n    height: 64px;\r\n    margin: 0 auto 18px;\r\n    border-radius: 50%;\r\n    background: #ffb635;\r\n    color: #4e4e4e;\r\n    display: flex;\r\n    align-items: center;\r\n    justify-content: center;\r\n    font-size: 1.6rem;\r\n    font-weight: 800;\r\n  }\r\n\r\n  .step p {\r\n    margin: 0;\r\n    font-size: 0.95rem;\r\n    line-height: 1.6;\r\n    color: #4e4e4e;\r\n  }\r\n\r\n  .cta-wrap {\r\n    text-align: center;\r\n    margin-top: 36px;\r\n  }\r\n\r\n  .cta-button {\r\n    display: inline-block;\r\n    background: #ffb635;\r\n    color: #4e4e4e;\r\n    padding: 16px 34px;\r\n    border-radius: 999px;\r\n    text-decoration: none;\r\n    font-size: 1rem;\r\n    font-weight: 700;\r\n    border: 2px solid #ffb635;\r\n    transition: all 0.25s ease;\r\n  }\r\n\r\n  .cta-button:hover {\r\n    background: #4e4e4e;\r\n    color: #ffffff;\r\n    border-color: #4e4e4e;\r\n  }\r\n\r\n  .cta-button-secondary {\r\n    background: transparent;\r\n    color: #4e4e4e;\r\n    border: 2px solid #c4c4c4;\r\n  }\r\n\r\n  .cta-button-secondary:hover {\r\n    background: #4e4e4e;\r\n    color: #ffffff;\r\n    border-color: #4e4e4e;\r\n  }\r\n\r\n  @media (max-width: 991px) {\r\n    .package-grid,\r\n    .feature-grid,\r\n    .profile-card {\r\n      grid-template-columns: 1fr;\r\n    }\r\n\r\n    .booking-steps {\r\n      grid-template-columns: repeat(2, minmax(0, 1fr));\r\n    }\r\n\r\n    .profile-card {\r\n      display: block;\r\n    }\r\n\r\n    .profile-image {\r\n      min-height: 320px;\r\n    }\r\n  }\r\n\r\n  @media (max-width: 767px) {\r\n    .bikefitting-page .section {\r\n      margin-bottom: 56px;\r\n    }\r\n\r\n    .bikefitting-page .section-title {\r\n      font-size: 1.65rem;\r\n      margin-bottom: 24px;\r\n    }\r\n\r\n    .hero-card {\r\n      padding: 32px 24px;\r\n      border-radius: 18px;\r\n    }\r\n\r\n    .hero-card h1 {\r\n      font-size: 2rem;\r\n    }\r\n\r\n    .hero-title {\r\n      font-size: 1.15rem;\r\n    }\r\n\r\n    .hero-tagline {\r\n      font-size: 1rem;\r\n    }\r\n\r\n    .hero-actions {\r\n      flex-direction: column;\r\n    }\r\n\r\n    .package,\r\n    .feature-card,\r\n    .info-card,\r\n    .notice-box,\r\n    .profile-content {\r\n      padding: 22px;\r\n    }\r\n\r\n    .booking-steps {\r\n      grid-template-columns: 1fr;\r\n      gap: 16px;\r\n    }\r\n\r\n    .cta-button {\r\n      width: 100%;\r\n      text-align: center;\r\n    }\r\n  }\r\n<\/style>\t\t\t\t<\/div>\n\t\t\t\t\t<\/div>\n\t\t\t\t<\/div>\n\t\t<div class=\"elementor-element elementor-element-86bd4cc e-flex e-con-boxed e-con e-parent\" data-id=\"86bd4cc\" data-element_type=\"container\" data-e-type=\"container\">\n\t\t\t\t\t<div class=\"e-con-inner\">\n\t\t\t\t<div class=\"elementor-element elementor-element-45aac5d elementor-widget elementor-widget-stepbooking\" data-id=\"45aac5d\" data-element_type=\"widget\" data-e-type=\"widget\" data-widget_type=\"stepbooking.default\">\n\t\t\t\t<div class=\"elementor-widget-container\">\n\t\t\t\t\t\n<script>\n  if (typeof hasAmeliaEntitiesApiCall === 'undefined' && ('' === '' && '' !== '1')) {\n    var hasAmeliaEntitiesApiCall = true;\n  }\n  var ameliaShortcodeData = (typeof ameliaShortcodeData === 'undefined') ? [] : ameliaShortcodeData;\n  ameliaShortcodeData.push(\n    {\n      'hasApiCall': (typeof hasAmeliaEntitiesApiCall !== 'undefined') && hasAmeliaEntitiesApiCall,\n      'trigger': '',\n      'trigger_type': '',\n      'triggered_form': 'sbsNew',\n      'in_dialog': '',\n      'show': '',\n      'counter': '1000',\n      'category': '2',\n      'service': '',\n      'employee': '',\n      'location': '',\n      'package': '',\n      'layout': '1',\n    }\n  );\n\n  var ameliaShortcodeDataTriggered = (typeof ameliaShortcodeDataTriggered === 'undefined') ? [] : ameliaShortcodeDataTriggered;\n  if (ameliaShortcodeData[ameliaShortcodeData.length - 1].trigger !== '') {\n    if (ameliaShortcodeDataTriggered.filter(a => a.counter === ameliaShortcodeData[ameliaShortcodeData.length - 1].counter).length === 0) {\n      ameliaShortcodeDataTriggered.push(ameliaShortcodeData.pop());\n    } else {\n      ameliaShortcodeData.pop()\n    }\n  }\n  if (typeof hasAmeliaEntitiesApiCall !== 'undefined' && hasAmeliaEntitiesApiCall) {\n    hasAmeliaEntitiesApiCall = false;\n  }\n<\/script>\n\n<div\n  id=\"amelia-v2-booking-1000\"\n  class=\"amelia-v2-booking\"\n >\n    <step-form-wrapper><\/step-form-wrapper><\/div>\n\t\t\t\t<\/div>\n\t\t\t\t<\/div>\n\t\t\t\t\t<\/div>\n\t\t\t\t<\/div>\n\t\t\t\t<\/div>\n\t\t","protected":false},"excerpt":{"rendered":"<p>Ajuste de la bicicleta y prueba de conducci\u00f3n Tu configuraci\u00f3n perfecta en la bicicleta Ajuste profesional de la bicicleta M\u00e1s confort. M\u00e1s potencia. M\u00e1s control. La posici\u00f3n de conducci\u00f3n correcta es crucial para la comodidad, el rendimiento y el placer de conducir. Con nuestro ajuste profesional de bicicletas, adaptamos tu bicicleta perfectamente a tu cuerpo. [&hellip;]<\/p>\n","protected":false},"author":3,"featured_media":0,"parent":0,"menu_order":0,"comment_status":"closed","ping_status":"closed","template":"","meta":{"footnotes":""},"class_list":["post-151766","page","type-page","status-publish","hentry"],"_links":{"self":[{"href":"https:\/\/hibike.com\/es\/wp-json\/wp\/v2\/pages\/151766","targetHints":{"allow":["GET"]}}],"collection":[{"href":"https:\/\/hibike.com\/es\/wp-json\/wp\/v2\/pages"}],"about":[{"href":"https:\/\/hibike.com\/es\/wp-json\/wp\/v2\/types\/page"}],"author":[{"embeddable":true,"href":"https:\/\/hibike.com\/es\/wp-json\/wp\/v2\/users\/3"}],"replies":[{"embeddable":true,"href":"https:\/\/hibike.com\/es\/wp-json\/wp\/v2\/comments?post=151766"}],"version-history":[{"count":0,"href":"https:\/\/hibike.com\/es\/wp-json\/wp\/v2\/pages\/151766\/revisions"}],"wp:attachment":[{"href":"https:\/\/hibike.com\/es\/wp-json\/wp\/v2\/media?parent=151766"}],"curies":[{"name":"wp","href":"https:\/\/api.w.org\/{rel}","templated":true}]}}