{"id":140571,"date":"2026-02-18T13:01:44","date_gmt":"2026-02-18T12:01:44","guid":{"rendered":"https:\/\/hibike.com\/shop\/sin%20categor\u00eda\/shimano-tl-fc39-kettenblatt-montagewerkzeug-fuer-shimano-steps\/"},"modified":"2026-03-25T21:50:46","modified_gmt":"2026-03-25T20:50:46","slug":"shimano-tl-fc39-kettenblatt-montagewerkzeug-fuer-shimano-steps","status":"publish","type":"product","link":"https:\/\/hibike.com\/es\/shop\/componentes_es\/accesorios_es\/herramienta_es\/shimano-tl-fc39-kettenblatt-montagewerkzeug-fuer-shimano-steps\/","title":{"rendered":"Herramienta de montaje de plato Shimano TL-FC39 para Shimano STEPS"},"content":{"rendered":"<div data-mblanguageid=\"1\">\n<div data-role=\"descmain\">\n<h2>Herramienta de montaje de plato Shimano TL-FC39 para Shimano STEPS<\/h2>\n<p>La Shimano TL-FC39 es una herramienta para anillos de bloqueo de bielas y platos de bicicletas el\u00e9ctricas STEPS. Es un accesorio dentado que debe usarse en combinaci\u00f3n con otra herramienta, como la TL-FC32. El acero endurecido con el que est\u00e1 fabricada la TL-FC39 garantiza estabilidad y durabilidad.  <\/p>\n<\/div>\n<div data-role=\"desclong\">&nbsp;<\/div>\n<div data-role=\"highlight\">\n<h3>Reflejos<\/h3>\n<ul>\n<li>Adaptador para usar con TL-FC36 o TL-FC32<\/li>\n<li>Se requiere TL-FC33 para un trinquete con accionamiento cuadrado de 1\/2&#8243;.<\/li>\n<li>Perfil de engranaje preciso<\/li>\n<li>Estable y duradero gracias al acero endurecido.<\/li>\n<\/ul>\n<\/div>\n<div data-role=\"spec\">\n<table>\n<tbody>\n<tr>\n<th>N\u00famero de pieza del fabricante: YEZY00016<\/th>\n<\/tr>\n<tr>\n<td>EAN: 4524667517993<\/td>\n<\/tr>\n<\/tbody>\n<\/table>\n<\/div>\n<div data-role=\"tech\">&nbsp;<\/div>\n<div data-role=\"scope\">\n<h3>Volumen de suministro<\/h3>\n<ul>\n<li>1 herramienta de montaje de plato Shimano TL-FC39<\/li>\n<\/ul>\n<\/div>\n<div data-role=\"video\">&nbsp;<\/div>\n<\/div>\n<table class=\"hibike-specs\">\n<tr>\n<th>Marca<\/th>\n<td>Shimano<\/td>\n<\/tr>\n<tr>\n<th>EAN<\/th>\n<td>4524667517993<\/td>\n<\/tr>\n<tr>\n<th>N\u00famero de pieza de fabricante<\/th>\n<td>YEZY00016<\/td>\n<\/tr>\n<\/table>\n","protected":false},"excerpt":{"rendered":"<p>Herramienta de montaje de plato Shimano TL-FC39 para Shimano STEPS La Shimano TL-FC39 es una herramienta para anillos de bloqueo de bielas y platos de bicicletas el\u00e9ctricas STEPS. Es un accesorio dentado que debe usarse en combinaci\u00f3n con otra herramienta, como la TL-FC32. El acero endurecido con el que est\u00e1 fabricada la TL-FC39 garantiza estabilidad [&hellip;]<\/p>\n","protected":false},"featured_media":417131,"comment_status":"open","ping_status":"closed","template":"","meta":[],"product_brand":[22441],"product_cat":[5727,19239,16768],"product_tag":[],"class_list":{"0":"post-140571","1":"product","2":"type-product","3":"status-publish","4":"has-post-thumbnail","6":"product_brand-shimano","7":"product_cat-componentes_es","8":"product_cat-accesorios_es","9":"product_cat-herramienta_es","10":"product_shipping_class-klein-ersatzteile","12":"first","13":"instock","14":"sale","15":"taxable","16":"shipping-taxable","17":"purchasable","18":"product-type-simple"},"_links":{"self":[{"href":"https:\/\/hibike.com\/es\/wp-json\/wp\/v2\/product\/140571","targetHints":{"allow":["GET"]}}],"collection":[{"href":"https:\/\/hibike.com\/es\/wp-json\/wp\/v2\/product"}],"about":[{"href":"https:\/\/hibike.com\/es\/wp-json\/wp\/v2\/types\/product"}],"replies":[{"embeddable":true,"href":"https:\/\/hibike.com\/es\/wp-json\/wp\/v2\/comments?post=140571"}],"version-history":[{"count":0,"href":"https:\/\/hibike.com\/es\/wp-json\/wp\/v2\/product\/140571\/revisions"}],"wp:featuredmedia":[{"embeddable":true,"href":"https:\/\/hibike.com\/es\/wp-json\/wp\/v2\/media\/417131"}],"wp:attachment":[{"href":"https:\/\/hibike.com\/es\/wp-json\/wp\/v2\/media?parent=140571"}],"wp:term":[{"taxonomy":"product_brand","embeddable":true,"href":"https:\/\/hibike.com\/es\/wp-json\/wp\/v2\/product_brand?post=140571"},{"taxonomy":"product_cat","embeddable":true,"href":"https:\/\/hibike.com\/es\/wp-json\/wp\/v2\/product_cat?post=140571"},{"taxonomy":"product_tag","embeddable":true,"href":"https:\/\/hibike.com\/es\/wp-json\/wp\/v2\/product_tag?post=140571"}],"curies":[{"name":"wp","href":"https:\/\/api.w.org\/{rel}","templated":true}]}}