{"id":140579,"date":"2026-02-18T13:01:44","date_gmt":"2026-02-18T12:01:44","guid":{"rendered":"https:\/\/hibike.com\/shop\/sin%20categor\u00eda\/tip-top-flickzeug-tt05-mtb\/"},"modified":"2026-04-10T02:08:30","modified_gmt":"2026-04-10T00:08:30","slug":"tip-top-flickzeug-tt05-mtb","status":"publish","type":"product","link":"https:\/\/hibike.com\/es\/shop\/componentes_es\/accesorios_es\/herramienta_es\/tip-top-flickzeug-tt05-mtb\/","title":{"rendered":"Kit de reparaci\u00f3n de pinchazos Tip Top TT05 MTB"},"content":{"rendered":"<h2>Kit de reparaci\u00f3n de primera calidad para bicicletas de monta\u00f1a<\/h2>\n<p>\nEn una bicicleta de monta\u00f1a, todo es un poco m\u00e1s grande y robusto. Por lo tanto, el kit de reparaci\u00f3n de neum\u00e1ticos tambi\u00e9n debe ser un poco m\u00e1s robusto. Para pinchazos m\u00e1s grandes, se incluye un parche de 30 mm de di\u00e1metro y el l\u00edquido vulcanizante viene en una c\u00e1mara de 5 g. Los desmontables incluidos facilitan el montaje del neum\u00e1tico despu\u00e9s de parcharlo.\n<\/p>\n<h3>De primera categor\u00eda desde 1937<\/h3>\n<p>\nLos kits de reparaci\u00f3n de bicicletas Tip Top existen desde 1937. Originalmente en caja de metal, desde hace d\u00e9cadas en caja de pl\u00e1stico, pero siempre en su caracter\u00edstico color verde. La gama TT05 fue especialmente formulada para bicicletas de monta\u00f1a.\n<\/p>\n<h3>Volumen de suministro de la gama TT05<\/h3>\n<ul>\n<li>2 parches tama\u00f1o F1 (los redondos con un di\u00e1metro de 25 mm)\n <\/li>\n<li>1 parche tama\u00f1o F2 (el ovalado, de 50 mm de largo y 25 mm de ancho)\n <\/li>\n<li>1 parche tama\u00f1o 0 (el grande y redondo con un di\u00e1metro de 30 mm)\n <\/li>\n<li>1 parche de capa tama\u00f1o F2 (ovalado, 50 mm de largo y 25 mm de ancho)\n <\/li>\n<li>1 tubo de l\u00edquido vulcanizante 5 g\n <\/li>\n<li>1 papel de lija\n <\/li>\n<li>2 palancas de pl\u00e1stico para neum\u00e1ticos\n<\/li>\n<\/ul>\n<table class=\"hibike-specs\">\n<tr>\n<th>Marca<\/th>\n<td>Tip-Top<\/td>\n<\/tr>\n<tr>\n<th>EAN<\/th>\n<td>4003115060194<\/td>\n<\/tr>\n<tr>\n<th>N\u00famero de pieza de fabricante<\/th>\n<td>5060193<\/td>\n<\/tr>\n<\/table>\n","protected":false},"excerpt":{"rendered":"<p>Kit de reparaci\u00f3n de primera calidad para bicicletas de monta\u00f1a En una bicicleta de monta\u00f1a, todo es un poco m\u00e1s grande y robusto. Por lo tanto, el kit de reparaci\u00f3n de neum\u00e1ticos tambi\u00e9n debe ser un poco m\u00e1s robusto. Para pinchazos m\u00e1s grandes, se incluye un parche de 30 mm de di\u00e1metro y el l\u00edquido [&hellip;]<\/p>\n","protected":false},"featured_media":430672,"comment_status":"open","ping_status":"closed","template":"","meta":[],"product_brand":[22766],"product_cat":[5727,16768,19239],"product_tag":[],"class_list":{"0":"post-140579","1":"product","2":"type-product","3":"status-publish","4":"has-post-thumbnail","6":"product_brand-tip-top","7":"product_cat-componentes_es","8":"product_cat-herramienta_es","9":"product_cat-accesorios_es","10":"product_shipping_class-klein-ersatzteile","12":"first","13":"instock","14":"sale","15":"taxable","16":"shipping-taxable","17":"purchasable","18":"product-type-simple"},"_links":{"self":[{"href":"https:\/\/hibike.com\/es\/wp-json\/wp\/v2\/product\/140579","targetHints":{"allow":["GET"]}}],"collection":[{"href":"https:\/\/hibike.com\/es\/wp-json\/wp\/v2\/product"}],"about":[{"href":"https:\/\/hibike.com\/es\/wp-json\/wp\/v2\/types\/product"}],"replies":[{"embeddable":true,"href":"https:\/\/hibike.com\/es\/wp-json\/wp\/v2\/comments?post=140579"}],"version-history":[{"count":1,"href":"https:\/\/hibike.com\/es\/wp-json\/wp\/v2\/product\/140579\/revisions"}],"predecessor-version":[{"id":465443,"href":"https:\/\/hibike.com\/es\/wp-json\/wp\/v2\/product\/140579\/revisions\/465443"}],"wp:featuredmedia":[{"embeddable":true,"href":"https:\/\/hibike.com\/es\/wp-json\/wp\/v2\/media\/430672"}],"wp:attachment":[{"href":"https:\/\/hibike.com\/es\/wp-json\/wp\/v2\/media?parent=140579"}],"wp:term":[{"taxonomy":"product_brand","embeddable":true,"href":"https:\/\/hibike.com\/es\/wp-json\/wp\/v2\/product_brand?post=140579"},{"taxonomy":"product_cat","embeddable":true,"href":"https:\/\/hibike.com\/es\/wp-json\/wp\/v2\/product_cat?post=140579"},{"taxonomy":"product_tag","embeddable":true,"href":"https:\/\/hibike.com\/es\/wp-json\/wp\/v2\/product_tag?post=140579"}],"curies":[{"name":"wp","href":"https:\/\/api.w.org\/{rel}","templated":true}]}}