{"id":140623,"date":"2026-02-18T13:01:43","date_gmt":"2026-02-18T12:01:43","guid":{"rendered":"https:\/\/hibike.com\/shop\/sin%20categor\u00eda\/sigma-sport-bc-10-0-wl-fahrradcomputer\/"},"modified":"2026-03-11T19:52:23","modified_gmt":"2026-03-11T18:52:23","slug":"sigma-sport-bc-10-0-wl-fahrradcomputer","status":"publish","type":"product","link":"https:\/\/hibike.com\/es\/shop\/componentes_es\/electronica_es\/computadora_es\/sigma-sport-bc-10-0-wl-fahrradcomputer\/","title":{"rendered":"Ciclocomputador Sigma Sport BC 10.0 WL"},"content":{"rendered":"<div data-mblanguageid=\"1\">\n<div data-role=\"descmain\">\n<h2>Un todoterreno con diez funciones<\/h2>\n<p>El compacto y f\u00e1cil de usar SIGMA BC 10.0 WL ofrece las diez funciones m\u00e1s importantes para el ciclismo. Adem\u00e1s de valores como la velocidad media y el kilometraje diario, los ciclistas pueden ver la temperatura exterior y su velocidad m\u00e1xima durante su recorrido. Este veloc\u00edmetro inal\u00e1mbrico es un aut\u00e9ntico todoterreno con todas las funciones esenciales.  <\/p>\n<\/div>\n<div data-role=\"desclong\">\n<h3>Las funciones esenciales de un vistazo<\/h3>\n<p>Ya sea que vayas a la oficina, hagas una excursi\u00f3n de fin de semana por el campo o superes tus l\u00edmites en una bicicleta de carretera, el BC 10.0 WL tiene todos los datos esenciales al alcance de tu mano. Este ciclocomputador inal\u00e1mbrico muestra la distancia recorrida, la velocidad, la distancia total, el tiempo de recorrido, la hora del d\u00eda, el tiempo total de recorrido, la velocidad media, la comparaci\u00f3n de velocidad media, la velocidad m\u00e1xima y la temperatura actual. <\/p>\n<p><b>La velocidad m\u00e1xima como motivaci\u00f3n<\/b><\/p>\n<p>Una caracter\u00edstica especial del BC 10.0 WL es que, adem\u00e1s de la velocidad actual y media, tambi\u00e9n muestra la velocidad m\u00e1xima. Esto motiva a los ciclistas a pedalear m\u00e1s r\u00e1pido y a batir sus propios r\u00e9cords de velocidad. <\/p>\n<p><b>Transmisi\u00f3n inal\u00e1mbrica de datos<\/b><\/p>\n<p>Gracias a la transmisi\u00f3n inal\u00e1mbrica por radio (WL) desarrollada por SIGMA, no se necesitan cables. Un transmisor de radio conectado a la horquilla transmite de forma continua y sin interferencias la velocidad medida en la rueda al receptor del BC 10.0 WL. <\/p>\n<p><b>Pantalla compacta y clara<\/b><\/p>\n<p>Las funciones del ciclocomputador se muestran claramente en la espaciosa pantalla de 31 x 39 mm. Los d\u00edgitos grandes son f\u00e1ciles de leer durante la conducci\u00f3n. El SIGMA ORIGINAL tiene un dise\u00f1o delgado y sencillo, lo que lo hace igual de elegante en una bicicleta de ciudad o de monta\u00f1a.  <\/p>\n<p><b>Resistente a la intemperie y con bater\u00eda de larga duraci\u00f3n.<\/b><\/p>\n<p>El BC 10.0 WL es impermeable y resistente a la intemperie, por lo que est\u00e1 listo para usar en cualquier momento. Los ciclistas tampoco tienen que preocuparse por la duraci\u00f3n de la bater\u00eda del ciclocomputador. La pila de bot\u00f3n integrada y reemplazable (CR 2032) es suficiente para alimentar el BC 10.0 WL durante m\u00e1s de dos a\u00f1os. Todos los datos y ajustes est\u00e1n protegidos durante el cambio de bater\u00eda.   <\/p>\n<p><b>Excursiones de varios d\u00edas<\/b><\/p>\n<p>El BC 10.0 WL mide el tiempo y la distancia recorrida incluso en rutas ciclistas m\u00e1s largas. Esto facilita el seguimiento de la distancia total de unas vacaciones ciclistas de varios d\u00edas. <\/p>\n<p><b>Montaje r\u00e1pido<\/b><\/p>\n<p>El soporte para manillar del BC 10.0 WL y el sensor de velocidad se fijan r\u00e1pidamente a la bicicleta con las bridas incluidas. El ciclocomputador se puede desmontar y guardar f\u00e1cilmente en cualquier momento. <\/p>\n<p><b>F\u00e1cil de usar<\/b><\/p>\n<p>Un bot\u00f3n en la parte inferior permite un manejo f\u00e1cil e intuitivo del ciclocomputador inal\u00e1mbrico. Esto permite cambiar de funci\u00f3n de forma segura y sin esfuerzo, incluso mientras se conduce. <\/p>\n<p><b>talento ling\u00fc\u00edstico<\/b><\/p>\n<p>El BC 10.0 WL es un peque\u00f1o genio del lenguaje. La pantalla de texto completo permite elegir entre siete idiomas: ingl\u00e9s, alem\u00e1n, franc\u00e9s, italiano, espa\u00f1ol, neerland\u00e9s y polaco. <\/p>\n<p><b>Tama\u00f1os de neum\u00e1ticos predefinidos<\/b><\/p>\n<p>Gracias a los tama\u00f1os de neum\u00e1ticos predefinidos, configurar el BC 10.0 WL es muy sencillo, desde bicicletas infantiles hasta bicicletas de 29&#8243;. Tambi\u00e9n es posible introducir la circunferencia del neum\u00e1tico con precisi\u00f3n milim\u00e9trica. <\/p>\n<\/div>\n<div data-role=\"highlight\">\n<h3>Reflejos<\/h3>\n<ul>\n<li>Transmisi\u00f3n de radio codificada ATS<\/li>\n<li>Visualizaci\u00f3n de texto completo en siete idiomas<\/li>\n<li>Tama\u00f1os de neum\u00e1ticos predefinidos<\/li>\n<li>Arranque y parada autom\u00e1ticos<\/li>\n<li>Almacenamiento de datos despu\u00e9s del reemplazo de la bater\u00eda (valores totales y configuraciones)<\/li>\n<li>Resistente al agua seg\u00fan IPX8<\/li>\n<li>Intervalo de servicio ajustable (en el concesionario)<\/li>\n<\/ul>\n<\/div>\n<div data-role=\"spec\">\n<h3>especificaci\u00f3n<\/h3>\n<table>\n<tbody>\n<tr>\n<th>especificaci\u00f3n<\/th>\n<th>Descripci\u00f3n<\/th>\n<\/tr>\n<tr>\n<td>Dimensiones (An x L x Al)<\/td>\n<td>550 x 110 x 400 mm<\/td>\n<\/tr>\n<tr>\n<td>Peso<\/td>\n<td>aprox. 91 g<\/td>\n<\/tr>\n<tr>\n<td>Tama\u00f1o de la pantalla<\/td>\n<td>1,90\u00bb<\/td>\n<\/tr>\n<tr>\n<td>Tipo de visualizaci\u00f3n<\/td>\n<td>Blanco y negro<\/td>\n<\/tr>\n<tr>\n<td>Bater\u00eda<\/td>\n<td>CR2032<\/td>\n<\/tr>\n<tr>\n<td>Pantalla t\u00e1ctil<\/td>\n<td>No<\/td>\n<\/tr>\n<tr>\n<td>Clase de protecci\u00f3n<\/td>\n<td>IPX8<\/td>\n<\/tr>\n<tr>\n<td>Transmisi\u00f3n de datos<\/td>\n<td>radio<\/td>\n<\/tr>\n<tr>\n<th>Generalmente<\/th>\n<th>&nbsp;<\/th>\n<\/tr>\n<tr>\n<td>Tama\u00f1o de rueda ajustable seg\u00fan el tipo de neum\u00e1tico<\/td>\n<td>S\u00ed<\/td>\n<\/tr>\n<tr>\n<td>Inicio\/parada autom\u00e1tica sin restricciones<\/td>\n<td>S\u00ed<\/td>\n<\/tr>\n<tr>\n<td>Idiomas seleccionables<\/td>\n<td>7 (DE, EN, FR, IT, ES, NL, PL)<\/td>\n<\/tr>\n<tr>\n<td>Comparaci\u00f3n de velocidades actuales y medias<\/td>\n<td>S\u00ed<\/td>\n<\/tr>\n<tr>\n<td>Tiempo total de viaje<\/td>\n<td>S\u00ed<\/td>\n<\/tr>\n<tr>\n<td>Velocidad media<\/td>\n<td>S\u00ed<\/td>\n<\/tr>\n<tr>\n<td>Intervalo de servicio ajustable (en el concesionario)<\/td>\n<td>S\u00ed<\/td>\n<\/tr>\n<tr>\n<td>Almacenamiento de datos despu\u00e9s del reemplazo de la bater\u00eda (valores totales y configuraciones)<\/td>\n<td>S\u00ed<\/td>\n<\/tr>\n<tr>\n<th>Funci\u00f3n b\u00e1sica<\/th>\n<th>&nbsp;<\/th>\n<\/tr>\n<tr>\n<td>velocidad<\/td>\n<td>S\u00ed<\/td>\n<\/tr>\n<tr>\n<td>Velocidad m\u00e1xima<\/td>\n<td>S\u00ed<\/td>\n<\/tr>\n<tr>\n<td>distancia<\/td>\n<td>S\u00ed<\/td>\n<\/tr>\n<tr>\n<td>tiempo<\/td>\n<td>S\u00ed<\/td>\n<\/tr>\n<tr>\n<td>Tiempo de viaje<\/td>\n<td>S\u00ed<\/td>\n<\/tr>\n<tr>\n<td>Distancia total<\/td>\n<td>S\u00ed<\/td>\n<\/tr>\n<\/tbody>\n<\/table>\n<div data-role=\"tech\">&nbsp;<\/div>\n<div data-role=\"scope\">\n<h3>Volumen de suministro<\/h3>\n<ul>\n<li>1 x Ciclocomputador Sigma Sport BC 10.0 WL (consulte la descripci\u00f3n del art\u00edculo para obtener m\u00e1s detalles)<\/li>\n<li>1 x bater\u00eda<\/li>\n<li>1 x soporte que incluye hardware de montaje <\/li>\n<li>1 transmisor ATS<\/li>\n<li>1 x im\u00e1n de radio<\/li>\n<li>1 x Manual de instrucciones<\/li>\n<\/ul>\n<\/div>\n<div data-role=\"video\">&nbsp;<\/div>\n<\/div>\n<\/div>\n<table class=\"hibike-specs\">\n<tr>\n<th>Marca<\/th>\n<td>Sigma Sport<\/td>\n<\/tr>\n<tr>\n<th>EAN<\/th>\n<td>4016224102112<\/td>\n<\/tr>\n<tr>\n<th>N\u00famero de pieza de fabricante<\/th>\n<td>10211<\/td>\n<\/tr>\n<\/table>\n","protected":false},"excerpt":{"rendered":"<p>Un todoterreno con diez funciones El compacto y f\u00e1cil de usar SIGMA BC 10.0 WL ofrece las diez funciones m\u00e1s importantes para el ciclismo. Adem\u00e1s de valores como la velocidad media y el kilometraje diario, los ciclistas pueden ver la temperatura exterior y su velocidad m\u00e1xima durante su recorrido. Este veloc\u00edmetro inal\u00e1mbrico es un aut\u00e9ntico [&hellip;]<\/p>\n","protected":false},"featured_media":0,"comment_status":"open","ping_status":"closed","template":"","meta":[],"product_brand":[22611],"product_cat":[5727,17031,19401],"product_tag":[],"class_list":{"0":"post-140623","1":"product","2":"type-product","3":"status-publish","5":"product_brand-sigma-sport","6":"product_cat-componentes_es","7":"product_cat-electronica_es","8":"product_cat-computadora_es","9":"product_shipping_class-klein-ersatzteile","11":"first","12":"outofstock","13":"sale","14":"taxable","15":"shipping-taxable","16":"purchasable","17":"product-type-simple"},"_links":{"self":[{"href":"https:\/\/hibike.com\/es\/wp-json\/wp\/v2\/product\/140623","targetHints":{"allow":["GET"]}}],"collection":[{"href":"https:\/\/hibike.com\/es\/wp-json\/wp\/v2\/product"}],"about":[{"href":"https:\/\/hibike.com\/es\/wp-json\/wp\/v2\/types\/product"}],"replies":[{"embeddable":true,"href":"https:\/\/hibike.com\/es\/wp-json\/wp\/v2\/comments?post=140623"}],"version-history":[{"count":0,"href":"https:\/\/hibike.com\/es\/wp-json\/wp\/v2\/product\/140623\/revisions"}],"wp:attachment":[{"href":"https:\/\/hibike.com\/es\/wp-json\/wp\/v2\/media?parent=140623"}],"wp:term":[{"taxonomy":"product_brand","embeddable":true,"href":"https:\/\/hibike.com\/es\/wp-json\/wp\/v2\/product_brand?post=140623"},{"taxonomy":"product_cat","embeddable":true,"href":"https:\/\/hibike.com\/es\/wp-json\/wp\/v2\/product_cat?post=140623"},{"taxonomy":"product_tag","embeddable":true,"href":"https:\/\/hibike.com\/es\/wp-json\/wp\/v2\/product_tag?post=140623"}],"curies":[{"name":"wp","href":"https:\/\/api.w.org\/{rel}","templated":true}]}}