{"id":144388,"date":"2026-02-18T13:58:51","date_gmt":"2026-02-18T12:58:51","guid":{"rendered":"https:\/\/hibike.com\/?post_type=product&#038;p=144388"},"modified":"2026-03-30T13:30:48","modified_gmt":"2026-03-30T11:30:48","slug":"deore-xt-fc-m8120-1x12-kurbelgarnitur-30-zaehne","status":"publish","type":"product","link":"https:\/\/hibike.com\/es\/shop\/componentes_es\/conducir_es\/manivelas_es\/deore-xt-fc-m8120-1x12-kurbelgarnitur-30-zaehne\/","title":{"rendered":"Juego de bielas Shimano Deore XT FC-M8120 1&#215;12"},"content":{"rendered":"<h2>Shimano Deore XT FC-M8120. Tu juego de bielas para un m\u00e1ximo rendimiento todoterreno. <\/h2>\n<div class=\"eshopcontent\">\n<div data-role=\"descmain\">\n<p>El Shimano Deore XT FC-M8120 es un juego de bielas de 1&#215;12 velocidades de alto rendimiento, dise\u00f1ado espec\u00edficamente para rutas de trail exigentes y ciclismo de monta\u00f1a agresivo. Su construcci\u00f3n de aluminio anodizado, forjado en hueco, ofrece el equilibrio perfecto entre ligereza y rigidez. La innovadora tecnolog\u00eda Dynamic Chain Engagement+ garantiza que la cadena se mantenga perfectamente engranada, incluso en terrenos dif\u00edciles, con un funcionamiento silencioso y eficiente.  <\/p>\n<\/div>\n<div data-role=\"desclong\">\n<h3>Dise\u00f1ado para tu aventura<\/h3>\n<p>Este juego de bielas fue dise\u00f1ado para ciclistas como t\u00fa que no se conforman con nada. El sistema de montaje directo permite cambios de plato rapid\u00edsimos. La tecnolog\u00eda Hollowtech II garantiza una transferencia de potencia \u00f3ptima. Con un peso de tan solo 628 gramos, ahorrar\u00e1s peso sin sacrificar estabilidad.   <\/p>\n<h3>La precisi\u00f3n se une a la confiabilidad<\/h3>\n<p>El factor Q de 178 mm garantiza una estabilidad de pedaleo \u00f3ptima y un movimiento natural. La l\u00ednea de cadena de 55 mm est\u00e1 dise\u00f1ada espec\u00edficamente para las geometr\u00edas Boost modernas y funciona a la perfecci\u00f3n con transmisiones de 12 velocidades. Tanto si practicas enduro, all-mountain o cross-country, este juego de bielas ofrece una potencia constante en cualquier condici\u00f3n clim\u00e1tica y terreno.   <\/p>\n<\/div>\n<div data-role=\"spec\">\n<h3>especificaci\u00f3n<\/h3>\n<table>\n<thead>\n<tr>\n<th>caracter\u00edstica<\/th>\n<th>Descripci\u00f3n<\/th>\n<\/tr>\n<\/thead>\n<tbody>\n<tr>\n<td>Perfil del eje<\/td>\n<td>Eje hueco de 24 mm (Hollowtech II)<\/td>\n<\/tr>\n<tr>\n<td>Sistema de montaje del plato<\/td>\n<td>Montaje directo (est\u00e1ndar Shimano MTB)<\/td>\n<\/tr>\n<tr>\n<td>Campo de aplicaci\u00f3n<\/td>\n<td>BTT. Enduro. All Mountain. Campo a trav\u00e9s<\/td>\n<\/tr>\n<tr>\n<td>Color<\/td>\n<td>Negro<\/td>\n<\/tr>\n<tr>\n<td>Anchura de la carcasa<\/td>\n<td>68 mm o 73 mm<\/td>\n<\/tr>\n<tr>\n<td>Peso<\/td>\n<td>aprox. 608<\/td>\n<\/tr>\n<tr>\n<td>L\u00ednea de cadena<\/td>\n<td>55 mm<\/td>\n<\/tr>\n<tr>\n<td>Material eje<\/td>\n<td>Acero. chapado<\/td>\n<\/tr>\n<tr>\n<td>Material bielas<\/td>\n<td>Aluminio anodizado<\/td>\n<\/tr>\n<tr>\n<td>Factor Q<\/td>\n<td>178 mil\u00edmetros<\/td>\n<\/tr>\n<tr>\n<td>Marchas traseras<\/td>\n<td>12 velocidades<\/td>\n<\/tr>\n<tr>\n<td>Marchas delanteras<\/td>\n<td>1 velocidad<\/td>\n<\/tr>\n<tr>\n<td>Tecnolog\u00eda<\/td>\n<td>Cadena Din\u00e1mica Engagement+<\/td>\n<\/tr>\n<tr>\n<td>Tipo<\/td>\n<td>Aumento (incremento adicional de 3 mm)<\/td>\n<\/tr>\n<\/tbody>\n<\/table>\n<\/div>\n<div data-role=\"scope\">\n<h3>Volumen de suministro<\/h3>\n<ul>\n<li>1 juego de bielas Shimano Deore XT FC-M8120<\/li>\n<\/ul>\n<\/div>\n<p>&nbsp;<\/p>\n<div data-role=\"testimonials\">\n<h3>Esto es lo que pensamos al respecto<\/h3>\n<p>La Shimano Deore XT FC-M8120 es la mejor opci\u00f3n para ciclistas de trail ambiciosos que buscan reducir peso y maximizar la estabilidad. El juego de bielas impresiona por su dise\u00f1o ligero y robusta construcci\u00f3n. Los ciclistas elogian la transmisi\u00f3n de potencia extremadamente suave y fiable. Un usuario entusiasta comenta: \u00abLa retenci\u00f3n de la cadena es incre\u00edble. No importa lo empinado o rocoso que sea el terreno, la cadena se mantiene exactamente donde debe\u00bb. El funcionamiento silencioso y la fluidez de los cambios, incluso en tramos t\u00e9cnicos, son particularmente impresionantes. \u00abTras la actualizaci\u00f3n, not\u00e9 inmediatamente lo mucho m\u00e1s suave y eficiente que era mi transmisi\u00f3n\u00bb. La inversi\u00f3n se amortiza f\u00e1cilmente en t\u00e9rminos de durabilidad y rendimiento.       <\/p>\n<\/div>\n<\/div>\n<p>\u201c`<\/p>\n<table class=\"hibike-specs\">\n<tr>\n<th>Marca<\/th>\n<td>Shimano<\/td>\n<\/tr>\n<tr>\n<th>EAN<\/th>\n<td>4255898601815<\/td>\n<\/tr>\n<tr>\n<th>N\u00famero de pieza de fabricante<\/th>\n<td>KFCM81201EXA0<\/td>\n<\/tr>\n<\/table>\n","protected":false},"excerpt":{"rendered":"<p>Shimano Deore XT FC-M8120. Tu juego de bielas para un m\u00e1ximo rendimiento todoterreno. El Shimano Deore XT FC-M8120 es un juego de bielas de 1&#215;12 velocidades de alto rendimiento, dise\u00f1ado espec\u00edficamente para rutas de trail exigentes y ciclismo de monta\u00f1a agresivo. Su construcci\u00f3n de aluminio anodizado, forjado en hueco, ofrece el equilibrio perfecto entre ligereza [&hellip;]<\/p>\n","protected":false},"featured_media":253031,"comment_status":"open","ping_status":"closed","template":"","meta":[],"product_brand":[22441],"product_cat":[5727,16727,16728],"product_tag":[],"class_list":{"0":"post-144388","1":"product","2":"type-product","3":"status-publish","4":"has-post-thumbnail","6":"product_brand-shimano","7":"product_cat-componentes_es","8":"product_cat-conducir_es","9":"product_cat-manivelas_es","10":"product_shipping_class-klein-ersatzteile","12":"first","13":"instock","14":"sale","15":"taxable","16":"shipping-taxable","17":"purchasable","18":"product-type-variable"},"_links":{"self":[{"href":"https:\/\/hibike.com\/es\/wp-json\/wp\/v2\/product\/144388","targetHints":{"allow":["GET"]}}],"collection":[{"href":"https:\/\/hibike.com\/es\/wp-json\/wp\/v2\/product"}],"about":[{"href":"https:\/\/hibike.com\/es\/wp-json\/wp\/v2\/types\/product"}],"replies":[{"embeddable":true,"href":"https:\/\/hibike.com\/es\/wp-json\/wp\/v2\/comments?post=144388"}],"version-history":[{"count":0,"href":"https:\/\/hibike.com\/es\/wp-json\/wp\/v2\/product\/144388\/revisions"}],"wp:featuredmedia":[{"embeddable":true,"href":"https:\/\/hibike.com\/es\/wp-json\/wp\/v2\/media\/253031"}],"wp:attachment":[{"href":"https:\/\/hibike.com\/es\/wp-json\/wp\/v2\/media?parent=144388"}],"wp:term":[{"taxonomy":"product_brand","embeddable":true,"href":"https:\/\/hibike.com\/es\/wp-json\/wp\/v2\/product_brand?post=144388"},{"taxonomy":"product_cat","embeddable":true,"href":"https:\/\/hibike.com\/es\/wp-json\/wp\/v2\/product_cat?post=144388"},{"taxonomy":"product_tag","embeddable":true,"href":"https:\/\/hibike.com\/es\/wp-json\/wp\/v2\/product_tag?post=144388"}],"curies":[{"name":"wp","href":"https:\/\/api.w.org\/{rel}","templated":true}]}}