{"id":146644,"date":"2026-02-18T11:57:01","date_gmt":"2026-02-18T10:57:01","guid":{"rendered":"https:\/\/hibike.com\/shop\/sin%20categor\u00eda\/fox-float-dps-3pos-evol-performance-series-daempfer-210x55mm-mod-2021-bulk\/"},"modified":"2026-04-16T02:03:46","modified_gmt":"2026-04-16T00:03:46","slug":"fox-float-dps-3pos-evol-performance-series-daempfer-210x55mm-mod-2021-bulk","status":"publish","type":"product","link":"https:\/\/hibike.com\/es\/shop\/componentes_es\/silenciar_es\/compuerta-de-aire_es\/fox-float-dps-3pos-evol-performance-series-daempfer-210x55mm-mod-2021-bulk\/","title":{"rendered":"Amortiguador Fox Float DPS 3pos Evol Performance Series 210x55mm Mod. 2021 (A GRANEL)"},"content":{"rendered":"<h2>Fox Float DPS Performance: el revolucionario del trail<\/h2>\n<div class=\"eshopcontent\">\n<div data-role=\"descmain\">\n<p>Experimenta puro control y eficiencia en cada sendero. La Fox Float DPS 3pos Evol lleva tu potencia de pedaleo directamente al suelo y absorbe los impactos como ninguna otra. Perfecta para ciclistas deportivos que quieren m\u00e1s.  <\/p>\n<\/div>\n<div data-role=\"desclong\">\n<h3>Por qu\u00e9 te encantar\u00e1 este amortiguador<\/h3>\n<p>Imagina correr por los senderos y sentir cada bache sin perder energ\u00eda. Eso es el Fox Float DPS Performance. Con el sistema de c\u00e1mara de aire EVOL LV, reacciona de forma ultrasensible a los peque\u00f1os baches. El sistema de doble pist\u00f3n garantiza una amortiguaci\u00f3n precisa en los modos Abierto, Medio y Firme. S\u00f3lo tienes que adaptarlo a tus sensaciones de conducci\u00f3n y disfrutar de la m\u00e1xima tracci\u00f3n. Su ligera carcasa de aluminio ahorra peso. El cambio de juego absoluto para recorridos ambiciosos y descensos duros.      <\/p>\n<\/div>\n<div data-role=\"spec\">\n<h3>especificaci\u00f3n<\/h3>\n<table>\n<thead>\n<tr>\n<th>caracter\u00edstica<\/th>\n<th>Descripci\u00f3n<\/th>\n<\/tr>\n<\/thead>\n<tbody>\n<tr>\n<td>revestimiento<\/td>\n<td>Anodizado negro (Rendimiento)<\/td>\n<\/tr>\n<tr>\n<td>Sistema de amortiguaci\u00f3n<\/td>\n<td>DPS (sistema de pist\u00f3n doble) con palanca de 3 posiciones (abierto\/medio\/firme)<\/td>\n<\/tr>\n<tr>\n<td>\u00c1rea de aplicaci\u00f3n<\/td>\n<td>Trail, All-Mountain, Enduro<\/td>\n<\/tr>\n<tr>\n<td>Longitud de montaje x carrera<\/td>\n<td>210 x 55 mm<\/td>\n<\/tr>\n<tr>\n<td>suspensi\u00f3n<\/td>\n<td>Suspensi\u00f3n neum\u00e1tica EVOL LV (gran volumen)<\/td>\n<\/tr>\n<tr>\n<td>Peso<\/td>\n<td>Aprox. 270 g<\/td>\n<\/tr>\n<tr>\n<td>Presi\u00f3n de aire m\u00e1x.<\/td>\n<td>24,1 bar (350 psi)<\/td>\n<\/tr>\n<tr>\n<td>Material de la carcasa<\/td>\n<td>aluminio<\/td>\n<\/tr>\n<tr>\n<td>Material del eje<\/td>\n<td>aluminio<\/td>\n<\/tr>\n<tr>\n<td>Melod\u00eda<\/td>\n<td>Ajuste de rendimiento con espaciador<\/td>\n<\/tr>\n<tr>\n<td>Rebote<\/td>\n<td>S\u00ed<\/td>\n<\/tr>\n<\/tbody>\n<\/table>\n<\/div>\n<div data-role=\"scope\">\n<h3>Especificaciones de Fox<\/h3>\n<p>N\u00famero de pieza: 972-72-198<br \/> Descripci\u00f3n: 2023_21, FLOAT DPS, PS, A, 3 pos, Evol LV, Santa Cruz, Hightower, 210, 55, 0.2 Spacer, LCM, LRL01, CML, Standard Logo<\/p>\n<h3>&nbsp;<\/h3>\n<h3>Volumen de suministro<\/h3>\n<ul>\n<li>Amortiguador Fox Float DPS Performance 210&#215;55 mm<\/li>\n<\/ul>\n<\/div>\n<\/div>\n<table class=\"hibike-specs\">\n<tr>\n<th>Marca<\/th>\n<td>Fox Racing Shox<\/td>\n<\/tr>\n<tr>\n<th>EAN<\/th>\n<td>0652508455822<\/td>\n<\/tr>\n<tr>\n<th>N\u00famero de parte del fabricante<\/th>\n<td>972-72-198<\/td>\n<\/tr>\n<\/table>\n","protected":false},"excerpt":{"rendered":"<p>Fox Float DPS Performance: el revolucionario del trail Experimenta puro control y eficiencia en cada sendero. La Fox Float DPS 3pos Evol lleva tu potencia de pedaleo directamente al suelo y absorbe los impactos como ninguna otra. Perfecta para ciclistas deportivos que quieren m\u00e1s. Por qu\u00e9 te encantar\u00e1 este amortiguador Imagina correr por los senderos [&hellip;]<\/p>\n","protected":false},"featured_media":247199,"comment_status":"open","ping_status":"closed","template":"","meta":[],"product_brand":[22511],"product_cat":[5727,16939,16940],"product_tag":[19555],"class_list":{"0":"post-146644","1":"product","2":"type-product","3":"status-publish","4":"has-post-thumbnail","6":"product_brand-fox-racing-shox","7":"product_cat-componentes_es","8":"product_cat-silenciar_es","9":"product_cat-compuerta-de-aire_es","10":"product_tag-bulk","11":"product_shipping_class-klein-ersatzteile","13":"first","14":"instock","15":"sale","16":"taxable","17":"shipping-taxable","18":"purchasable","19":"product-type-simple"},"_links":{"self":[{"href":"https:\/\/hibike.com\/es\/wp-json\/wp\/v2\/product\/146644","targetHints":{"allow":["GET"]}}],"collection":[{"href":"https:\/\/hibike.com\/es\/wp-json\/wp\/v2\/product"}],"about":[{"href":"https:\/\/hibike.com\/es\/wp-json\/wp\/v2\/types\/product"}],"replies":[{"embeddable":true,"href":"https:\/\/hibike.com\/es\/wp-json\/wp\/v2\/comments?post=146644"}],"version-history":[{"count":1,"href":"https:\/\/hibike.com\/es\/wp-json\/wp\/v2\/product\/146644\/revisions"}],"predecessor-version":[{"id":471917,"href":"https:\/\/hibike.com\/es\/wp-json\/wp\/v2\/product\/146644\/revisions\/471917"}],"wp:featuredmedia":[{"embeddable":true,"href":"https:\/\/hibike.com\/es\/wp-json\/wp\/v2\/media\/247199"}],"wp:attachment":[{"href":"https:\/\/hibike.com\/es\/wp-json\/wp\/v2\/media?parent=146644"}],"wp:term":[{"taxonomy":"product_brand","embeddable":true,"href":"https:\/\/hibike.com\/es\/wp-json\/wp\/v2\/product_brand?post=146644"},{"taxonomy":"product_cat","embeddable":true,"href":"https:\/\/hibike.com\/es\/wp-json\/wp\/v2\/product_cat?post=146644"},{"taxonomy":"product_tag","embeddable":true,"href":"https:\/\/hibike.com\/es\/wp-json\/wp\/v2\/product_tag?post=146644"}],"curies":[{"name":"wp","href":"https:\/\/api.w.org\/{rel}","templated":true}]}}