{"id":147328,"date":"2026-02-18T12:51:53","date_gmt":"2026-02-18T11:51:53","guid":{"rendered":"https:\/\/hibike.com\/shop\/sin%20categor\u00eda\/cervelo-s5-ultegra-di2-gr-56cm-five-black-mod-2026\/"},"modified":"2026-04-02T16:22:41","modified_gmt":"2026-04-02T14:22:41","slug":"cervelo-s5-ultegra-di2-gr-56cm-five-black-mod-2026","status":"publish","type":"product","link":"https:\/\/hibike.com\/es\/shop\/bicicleta_es\/bicicletas-de-carreras_es\/cervelo-s5-ultegra-di2-gr-56cm-five-black-mod-2026\/","title":{"rendered":"Cerv\u00e9lo S5 Ultegra Di2"},"content":{"rendered":"<div class=\"eshopcontent\">\n<div data-role=\"descmain\">\n<h2>M\u00e1ximo rendimiento, pura velocidad: el nuevo S5 Ultegra Di2<\/h2>\n<p>\u00bfQuieres experimentar la m\u00e1xima velocidad y tecnolog\u00eda de vanguardia? La S5 Ultegra Di2 te llevar\u00e1 a otro nivel. Dise\u00f1o aerodin\u00e1mico, rigidez inigualable y la precisi\u00f3n electr\u00f3nica de Shimano: esta bicicleta de carretera aerodin\u00e1mica est\u00e1 hecha para ciclistas apasionados que buscan sentir la diferencia en carreras y rutas largas. \u00a1S\u00fabete, siente la velocidad y marca nuevas marcas personales!   <\/p>\n<\/div>\n<div data-role=\"desclong\">\n<h3>Listo para competir: el S5 Ultegra Di2 de un vistazo<\/h3>\n<p>La S5 Ultegra Di2 es una aut\u00e9ntica bicicleta de carreras para entusiastas de la velocidad, contrarrelojistas y cualquiera que quiera destacar en el pelot\u00f3n. Con su cuadro de carbono extremadamente aerodin\u00e1mico, geometr\u00eda agresiva y paso de rueda de hasta 34 mm, esta bicicleta marca un nuevo hito. El cableado interno y la transmisi\u00f3n electr\u00f3nica Shimano Ultegra Di2 de 12 velocidades garantizan una est\u00e9tica impecable y cambios de marcha ultrarr\u00e1pidos. Gracias a los frenos de disco hidr\u00e1ulicos y las ruedas aerodin\u00e1micas ligeras y r\u00edgidas, siempre tendr\u00e1s el control total, incluso a altas velocidades y en curvas cerradas.   <\/p>\n<h3>Caracter\u00edsticas principales para las exigencias deportivas<\/h3>\n<p>Destacan especialmente su excepcional eficiencia en aceleraci\u00f3n y rebufo, su bajo peso y la fiable selecci\u00f3n de componentes Shimano. Ya sea para entrenamientos ambiciosos o carreras exigentes, con la S5 alcanzar\u00e1s tu m\u00e1ximo potencial. <\/p>\n<\/div>\n<div data-role=\"spec\">\n<h3>especificaci\u00f3n<\/h3>\n<table>\n<thead>\n<tr>\n<th>caracter\u00edstica<\/th>\n<th>Descripci\u00f3n<\/th>\n<\/tr>\n<\/thead>\n<tbody>\n<tr>\n<td>frenos<\/td>\n<td>Frenos de disco hidr\u00e1ulicos Shimano Ultegra<\/td>\n<\/tr>\n<tr>\n<td>Casete<\/td>\n<td>Shimano Ultegra, 11-30 o 11-34, 12 velocidades<\/td>\n<\/tr>\n<tr>\n<td>Tenedor<\/td>\n<td>Cerv\u00e9lo All-Carbon, Bayoneta S5<\/td>\n<\/tr>\n<tr>\n<td>Tallas<\/td>\n<td>48, 51, 54, 56, 58, (seg\u00fan el minorista)<\/td>\n<\/tr>\n<tr>\n<td>manivela<\/td>\n<td>Shimano Ultegra R8100, 52\/36T, 12 velocidades<\/td>\n<\/tr>\n<tr>\n<td>ruedas<\/td>\n<td>Reserve 52 (delantero) y Reserve 63 (trasero) Zipp ZR1 ST, Tubeless Ready<\/td>\n<\/tr>\n<tr>\n<td>bigote daliniano<\/td>\n<td>Cerv\u00e9lo HB14 Carbon<\/td>\n<\/tr>\n<tr>\n<td>Ancho m\u00e1ximo del neum\u00e1tico<\/td>\n<td>hasta 34 mm<\/td>\n<\/tr>\n<tr>\n<td>Marco<\/td>\n<td>Carbon Aero, exclusivamente electr\u00f3nica<\/td>\n<\/tr>\n<tr>\n<td>Llantas<\/td>\n<td>Vittoria Corsa Pro TLR 700x28c o 29c<\/td>\n<\/tr>\n<tr>\n<td>sill\u00edn<\/td>\n<td>Selle Italia NOVUS BOOST EVO SuperFlow Ti<\/td>\n<\/tr>\n<tr>\n<td>tija de sill\u00edn<\/td>\n<td>Cerv\u00e9lo SP20 Carbon<\/td>\n<\/tr>\n<tr>\n<td>circuito<\/td>\n<td>Shimano Ultegra Di2 R8150, 12 velocidades, electr\u00f3nico<\/td>\n<\/tr>\n<tr>\n<td>tasa impositiva<\/td>\n<td>FSA IS2, 1-1\/8 x 1-3\/8<\/td>\n<\/tr>\n<tr>\n<td>Ejes pasantes<\/td>\n<td>Cerv\u00e9lo Aero, 12&#215;100\/142 mm<\/td>\n<\/tr>\n<\/tbody>\n<\/table>\n<\/div>\n<div data-role=\"scope\">\n<h3>Volumen de suministro<\/h3>\n<ul>\n<li>Bicicleta de carretera S5 completamente ensamblada (Ultegra Di2, 12 velocidades)<\/li>\n<li>Funda protectora para cuadro y horquilla (protecci\u00f3n para el transporte)<\/li>\n<li>Cargador para Shimano Di2<\/li>\n<li>Manual de usuario y soportes para accesorios Cerv\u00e9lo (por ejemplo, para ordenadores o accesorios)<\/li>\n<li>Piezas peque\u00f1as y herramientas<\/li>\n<\/ul>\n<\/div>\n<div data-role=\"accessories\">\n<h3>Recomendaciones de accesorios<\/h3>\n<table>\n<thead>\n<tr>\n<th>Accesorios<\/th>\n<th>Por qu\u00e9 lo necesitas<\/th>\n<\/tr>\n<\/thead>\n<tbody>\n<tr>\n<td>Ciclocomputador con GPS Garmin Edge 840<\/td>\n<td>Posibilidad de montaje aerodin\u00e1mico perfecto, medici\u00f3n de potencia fiable y navegaci\u00f3n en cada viaje.<\/td>\n<\/tr>\n<tr>\n<td>Juego de portabidones Cerv\u00e9lo Carbon<\/td>\n<td>Ligero, aerodin\u00e1mico y de aspecto ideal: se mantiene firmemente sujeto al cuadro incluso a altas velocidades.<\/td>\n<\/tr>\n<tr>\n<td>Correa de pecho para monitor de frecuencia card\u00edaca Wahoo Tickr<\/td>\n<td>Combina el control del entrenamiento basado en datos con la m\u00e1xima eficiencia en el entrenamiento de carrera.<\/td>\n<\/tr>\n<tr>\n<td>Alforja Zipp Service Course SL<\/td>\n<td>Espacio elegante para herramientas y mangueras de repuesto: apenas afecta la aerodin\u00e1mica y permanece fijado de forma segura.<\/td>\n<\/tr>\n<tr>\n<td>Bater\u00eda de repuesto Shimano Di2 BT-DN300<\/td>\n<td>Seguridad para largas competiciones y entrenamientos: una bater\u00eda de repuesto vale su peso en oro en una carrera.<\/td>\n<\/tr>\n<\/tbody>\n<\/table>\n<\/div>\n<div data-role=\"testimonials\">\n<h3>Esto es lo que pensamos al respecto<\/h3>\n<p>Con el S5 Ultegra Di2, est\u00e1s totalmente comprometido con el dise\u00f1o aerodin\u00e1mico innovador y la m\u00e1xima precisi\u00f3n en la competici\u00f3n: cada detalle te impulsa hacia adelante.<\/p>\n<p>\u201cAl empezar, puedo sentir inmediatamente lo r\u00edgido y eficiente que es el cuadro: \u00a1simplemente un cohete!\u00bb<\/p>\n<p>\u201cEl cambio electr\u00f3nico funciona incre\u00edblemente r\u00e1pido y es un placer utilizar los frenos de disco en cada curva\u00bb.<\/p>\n<p>Muchos usuarios informan de tiempos de vuelta significativamente mejorados y una experiencia de conducci\u00f3n excepcionalmente segura, incluso a velocidades m\u00e1ximas.<\/p>\n<p>El S5 realmente brilla en las aplicaciones de carreras, impresionando a los conductores ambiciosos con su excelente manejo y su aspecto de \u00faltima generaci\u00f3n.<\/p>\n<\/div>\n<\/div>\n<table class=\"hibike-specs\">\n<tr>\n<th>Marca<\/th>\n<td>Cerv\u00e9lo<\/td>\n<\/tr>\n<tr>\n<th>EAN<\/th>\n<td>0616663232094<\/td>\n<\/tr>\n<tr>\n<th>N\u00famero de pieza de fabricante<\/th>\n<td>0L0S5GUI1C56<\/td>\n<\/tr>\n<\/table>\n","protected":false},"excerpt":{"rendered":"<p>M\u00e1ximo rendimiento, pura velocidad: el nuevo S5 Ultegra Di2 \u00bfQuieres experimentar la m\u00e1xima velocidad y tecnolog\u00eda de vanguardia? La S5 Ultegra Di2 te llevar\u00e1 a otro nivel. Dise\u00f1o aerodin\u00e1mico, rigidez inigualable y la precisi\u00f3n electr\u00f3nica de Shimano: esta bicicleta de carretera aerodin\u00e1mica est\u00e1 hecha para ciclistas apasionados que buscan sentir la diferencia en carreras y [&hellip;]<\/p>\n","protected":false},"featured_media":248904,"comment_status":"open","ping_status":"closed","template":"","meta":[],"product_brand":[22521],"product_cat":[16971,16972],"product_tag":[],"class_list":{"0":"post-147328","1":"product","2":"type-product","3":"status-publish","4":"has-post-thumbnail","6":"product_brand-cervelo","7":"product_cat-bicicleta_es","8":"product_cat-bicicletas-de-carreras_es","9":"product_shipping_class-fahrrad","10":"pa_farbe-negro","11":"pa_groesse-56cm","13":"first","14":"instock","15":"sale","16":"taxable","17":"shipping-taxable","18":"purchasable","19":"product-type-variable"},"_links":{"self":[{"href":"https:\/\/hibike.com\/es\/wp-json\/wp\/v2\/product\/147328","targetHints":{"allow":["GET"]}}],"collection":[{"href":"https:\/\/hibike.com\/es\/wp-json\/wp\/v2\/product"}],"about":[{"href":"https:\/\/hibike.com\/es\/wp-json\/wp\/v2\/types\/product"}],"replies":[{"embeddable":true,"href":"https:\/\/hibike.com\/es\/wp-json\/wp\/v2\/comments?post=147328"}],"version-history":[{"count":0,"href":"https:\/\/hibike.com\/es\/wp-json\/wp\/v2\/product\/147328\/revisions"}],"wp:featuredmedia":[{"embeddable":true,"href":"https:\/\/hibike.com\/es\/wp-json\/wp\/v2\/media\/248904"}],"wp:attachment":[{"href":"https:\/\/hibike.com\/es\/wp-json\/wp\/v2\/media?parent=147328"}],"wp:term":[{"taxonomy":"product_brand","embeddable":true,"href":"https:\/\/hibike.com\/es\/wp-json\/wp\/v2\/product_brand?post=147328"},{"taxonomy":"product_cat","embeddable":true,"href":"https:\/\/hibike.com\/es\/wp-json\/wp\/v2\/product_cat?post=147328"},{"taxonomy":"product_tag","embeddable":true,"href":"https:\/\/hibike.com\/es\/wp-json\/wp\/v2\/product_tag?post=147328"}],"curies":[{"name":"wp","href":"https:\/\/api.w.org\/{rel}","templated":true}]}}