{"id":147503,"date":"2026-02-18T11:51:48","date_gmt":"2026-02-18T10:51:48","guid":{"rendered":"https:\/\/hibike.com\/shop\/sin%20categor\u00eda\/cervelo-schaltauge-direct-mount-fuer-aspero-caledonia-s-r-p-px-se-bulk\/"},"modified":"2026-03-30T14:20:54","modified_gmt":"2026-03-30T12:20:54","slug":"cervelo-schaltauge-direct-mount-fuer-aspero-caledonia-s-r-p-px-se-bulk","status":"publish","type":"product","link":"https:\/\/hibike.com\/es\/shop\/bicicleta_es\/marco_es\/accesorios\/cervelo-schaltauge-direct-mount-fuer-aspero-caledonia-s-r-p-px-se-bulk\/","title":{"rendered":"Patilla de cambio Cervelo de montaje directo para Aspero\/Caledonia\/S-\/RP-\/PX-SE (BULK)"},"content":{"rendered":"<div data-mblanguageid=\"1\">\n<div data-role=\"descmain\">\n<h2>Patilla de cambio Cervelo de montaje directo<\/h2>\n<p>Patilla de cambio Cervelo montaje directo para Aspero\/Caledonia\/S-\/RP-\/PX-SE<\/p>\n<\/div>\n<div data-role=\"desclong\">&nbsp;<\/div>\n<div data-role=\"highlight\">\n<p>Compatible con los siguientes modelos:<\/p>\n<ul>\n<li>Aspero<\/li>\n<li>Aspero-5<\/li>\n<li>Caledonia<\/li>\n<li>Caledonia-5<\/li>\n<li>R3 y Serie R a partir de 2019<\/li>\n<li>R5 de 2019<\/li>\n<li>P5 de 2019<\/li>\n<li>Serie P de 2019<\/li>\n<li>PX\/P3X<\/li>\n<li>Solista<\/li>\n<\/ul>\n<p>&nbsp;<\/p>\n<p>para ejes pasantes roscados<\/p>\n<p>PALANCA DE CAMBIO TRASERO PARA EJES PASANTES ROSCADOS<\/p>\n<\/div>\n<div data-role=\"spec\">&nbsp;<\/div>\n<div data-role=\"tech\">&nbsp;<\/div>\n<div data-role=\"scope\">\n<h3>Volumen de suministro<\/h3>\n<ul>\n<li>1 patilla de cambio Cervelo de montaje directo para Aspero\/Caledonia\/S-\/RP-\/PX-SE (embalaje a granel) (consulte la descripci\u00f3n del art\u00edculo para obtener m\u00e1s detalles)<\/li>\n<\/ul>\n<\/div>\n<div data-role=\"video\">&nbsp;<\/div>\n<\/div>\n<table class=\"hibike-specs\">\n<tr>\n<th>Marca<\/th>\n<td>Cerv\u00e9lo<\/td>\n<\/tr>\n<tr>\n<th>EAN<\/th>\n<td>04255898601129<\/td>\n<\/tr>\n<\/table>\n","protected":false},"excerpt":{"rendered":"<div data-mblanguageid=\"1\">\n<div data-role=\"descmain\">\n<h2>Cervelo Schaltauge Direct Mount<\/h2>\n<p>Cervelo Schaltauge Direct Mount f&uuml;r Aspero\/Caledonia\/S-\/R-P-\/PX-SE<\/p>\n<\/div>\n<div data-role=\"desclong\">&nbsp;<\/div>\n<div data-role=\"highlight\">\n<p>passt f&uuml;r folgende Modelle:<\/p>\n<ul>\n<li>Aspero<\/li>\n<li>Aspero-5<\/li>\n<li>Caledonia<\/li>\n<li>Caledonia-5<\/li>\n<li>R3 und R-Series ab 2019<\/li>\n<li>R5 ab 2019<\/li>\n<li>P5 ab 2019<\/li>\n<li>P-Series ab 2019<\/li>\n<li>PX\/P3X<\/li>\n<li>Soloist<\/li>\n<\/ul>\n<p>&nbsp;<\/p>\n<p>f&uuml;r Steckachsen mit Gewinde<\/p>\n<p>REAR DERAILLEUR HANGER FOR THREADED THROUGH AXLES<\/p>\n<\/div>\n<div data-role=\"spec\">&nbsp;<\/div>\n<div data-role=\"tech\">&nbsp;<\/div>\n<div data-role=\"scope\">\n<h3>Lieferumfang<\/h3>\n<ul>\n<li>1 x Cervelo Schaltauge Direct Mount f&uuml;r Aspero\/Caledonia\/S-\/R-P-\/PX-SE (BULK-Verpackung) (siehe Artikelbeschreibung f&uuml;r Details)<\/li>\n<\/ul>\n<\/div>\n<div data-role=\"video\">&nbsp;<\/div>\n<\/div>\n","protected":false},"featured_media":248808,"comment_status":"open","ping_status":"closed","template":"","meta":[],"product_brand":[22521],"product_cat":[23243,16971,17000],"product_tag":[19555],"class_list":{"0":"post-147503","1":"product","2":"type-product","3":"status-publish","4":"has-post-thumbnail","6":"product_brand-cervelo","7":"product_cat-accesorios","8":"product_cat-bicicleta_es","9":"product_cat-marco_es","10":"product_tag-bulk","11":"product_shipping_class-klein-ersatzteile","13":"first","14":"instock","15":"sale","16":"taxable","17":"shipping-taxable","18":"purchasable","19":"product-type-simple"},"_links":{"self":[{"href":"https:\/\/hibike.com\/es\/wp-json\/wp\/v2\/product\/147503","targetHints":{"allow":["GET"]}}],"collection":[{"href":"https:\/\/hibike.com\/es\/wp-json\/wp\/v2\/product"}],"about":[{"href":"https:\/\/hibike.com\/es\/wp-json\/wp\/v2\/types\/product"}],"replies":[{"embeddable":true,"href":"https:\/\/hibike.com\/es\/wp-json\/wp\/v2\/comments?post=147503"}],"version-history":[{"count":0,"href":"https:\/\/hibike.com\/es\/wp-json\/wp\/v2\/product\/147503\/revisions"}],"wp:featuredmedia":[{"embeddable":true,"href":"https:\/\/hibike.com\/es\/wp-json\/wp\/v2\/media\/248808"}],"wp:attachment":[{"href":"https:\/\/hibike.com\/es\/wp-json\/wp\/v2\/media?parent=147503"}],"wp:term":[{"taxonomy":"product_brand","embeddable":true,"href":"https:\/\/hibike.com\/es\/wp-json\/wp\/v2\/product_brand?post=147503"},{"taxonomy":"product_cat","embeddable":true,"href":"https:\/\/hibike.com\/es\/wp-json\/wp\/v2\/product_cat?post=147503"},{"taxonomy":"product_tag","embeddable":true,"href":"https:\/\/hibike.com\/es\/wp-json\/wp\/v2\/product_tag?post=147503"}],"curies":[{"name":"wp","href":"https:\/\/api.w.org\/{rel}","templated":true}]}}