{"id":147670,"date":"2026-02-18T13:51:42","date_gmt":"2026-02-18T12:51:42","guid":{"rendered":"https:\/\/hibike.com\/shop\/sin%20categor\u00eda\/kona-libre-gloss-mod-2024\/"},"modified":"2026-03-09T23:11:05","modified_gmt":"2026-03-09T22:11:05","slug":"kona-libre-gloss-mod-2024","status":"publish","type":"product","link":"https:\/\/hibike.com\/es\/shop\/componentes_es\/neumaticos-y-camaras_es\/kona-libre-gloss-mod-2024\/","title":{"rendered":"Kona Libre"},"content":{"rendered":"<div id=\"tested_product\">\n<p class=\"tested_product_head\">Aviso<\/p>\n<p>Las im\u00e1genes y especificaciones del producto son solo ilustrativas y pueden variar a lo largo de la temporada. El fabricante se reserva el derecho de sustituir los componentes mostrados por otros equivalentes o superiores, siempre que el tipo y el uso previsto de la bicicleta se mantengan inalterados. El uso de otros componentes puede deberse a problemas de suministro o interrupciones de producci\u00f3n.<\/p>\n<\/div>\n<div class=\"eshopcontent\">\n<div data-role=\"descmain\">\n<h2>La pr\u00f3xima aventura te espera con Kona Libre<\/h2>\n<p>Ligera, r\u00e1pida y lista para cualquier terreno. La Libre te lleva a nuevos senderos y te garantiza la m\u00e1xima diversi\u00f3n. Ya sea en grava, asfalto o bikepacking, experimentar\u00e1s la libertad y el rendimiento en una nueva dimensi\u00f3n. Siente el dinamismo con cada pedalada y disfruta de la comodidad en recorridos largos.    <\/p>\n<\/div>\n<div data-role=\"desclong\">\n<h3>Tu bicicleta de gravel para retos deportivos<\/h3>\n<p>La Kona Libre es perfecta para ciclistas deportivos que buscan la aut\u00e9ntica aventura y no hacen concesiones. Combina una construcci\u00f3n robusta, una geometr\u00eda equilibrada y componentes modernos para convertir cada salida en una experiencia \u00fanica. La bicicleta cuenta con un amplio paso de rueda, una integraci\u00f3n inteligente y una posici\u00f3n de conducci\u00f3n equilibrada. La combinaci\u00f3n de un eficiente cuadro de aluminio y una horquilla de carbono garantiza un manejo sencillo y una comodidad excepcional en terrenos dif\u00edciles.   <\/p>\n<h3>Experiencia de conducci\u00f3n para conductores exigentes<\/h3>\n<p>Ya sea una salida r\u00e1pida despu\u00e9s del trabajo, una larga ruta gravel o una desafiante excursi\u00f3n de bikepacking, la Libre es ultradeportiva, reactiva y siempre te hace sentir que lo est\u00e1s dando todo. Sus neum\u00e1ticos anchos ofrecen un agarre y una seguridad excepcionales. Con puntos de montaje bien dise\u00f1ados para portabidones y accesorios, siempre tendr\u00e1s flexibilidad en tus desplazamientos.   <\/p>\n<\/div>\n<div data-role=\"spec\">\n<h3>especificaci\u00f3n<\/h3>\n<table>\n<thead>\n<tr>\n<th>caracter\u00edstica<\/th>\n<th>Descripci\u00f3n<\/th>\n<\/tr>\n<\/thead>\n<tbody>\n<tr>\n<td>Marco<\/td>\n<td>Cuadro de aluminio conificado Kona 6061, soportes para portabotellas (2x), portaequipajes, bolsa para el tubo superior, cable de freno enrutado internamente, latiguillo de freno enrutado externamente<\/td>\n<\/tr>\n<tr>\n<td>Tenedor<\/td>\n<td>Kona Libre Carbon, eje pasante de 12 x 100 mm, montaje plano, ojales para montaje en bolsa<\/td>\n<\/tr>\n<tr>\n<td>bigote daliniano<\/td>\n<td>Manillar Kona Road Dropbar con cinta de corcho c\u00f3moda<\/td>\n<\/tr>\n<tr>\n<td>provenir<\/td>\n<td>Carretera de Kona<\/td>\n<\/tr>\n<tr>\n<td>Auriculares<\/td>\n<td>FSA n.\u00b0 57B<\/td>\n<\/tr>\n<tr>\n<td>Palanca de freno\/cambio<\/td>\n<td>SRAM Apex, 1&#215;11 velocidades<\/td>\n<\/tr>\n<tr>\n<td>manivela<\/td>\n<td>SRAM Apex, 40 dientes<\/td>\n<\/tr>\n<tr>\n<td>pedalier<\/td>\n<td>SRAM GXP, 68 mm (caja BSA)<\/td>\n<\/tr>\n<tr>\n<td>casete<\/td>\n<td>SRAM PG-1130, 11-42 dientes<\/td>\n<\/tr>\n<tr>\n<td>Cadena<\/td>\n<td>SRAM PC-1110<\/td>\n<\/tr>\n<tr>\n<td>frenos<\/td>\n<td>TRP HDC711C, frenos de disco mec\u00e1nicos\/hidr\u00e1ulicos<\/td>\n<\/tr>\n<tr>\n<td>sill\u00edn<\/td>\n<td>WTB Volt<\/td>\n<\/tr>\n<tr>\n<td>centros<\/td>\n<td>F\u00f3rmula 100&#215;12 mm\/12&#215;142 mm<\/td>\n<\/tr>\n<tr>\n<td>Tama\u00f1o de la rueda<\/td>\n<td>28&#8243; \/ 700 \u00b0C<\/td>\n<\/tr>\n<tr>\n<td>Llantas<\/td>\n<td>Estoy esperando el ST i23 TCS 2.0<\/td>\n<\/tr>\n<tr>\n<td>Llantas<\/td>\n<td>Maxxis Rambler Silkshield TR 700x45c<\/td>\n<\/tr>\n<tr>\n<td>Ancho m\u00e1ximo del neum\u00e1tico<\/td>\n<td>700x45C (especificaci\u00f3n del fabricante, dependiendo de la combinaci\u00f3n llanta\/neum\u00e1tico hasta 700x48C)<\/td>\n<\/tr>\n<\/tbody>\n<\/table>\n<\/div>\n<div data-role=\"scope\">\n<h3>Volumen de suministro<\/h3>\n<ul>\n<li>1 x Kona Libre (ver descripci\u00f3n del art\u00edculo para m\u00e1s detalles)<\/li>\n<\/ul>\n<\/div>\n<\/div>\n<table class=\"hibike-specs\">\n<tr>\n<th>Marca<\/th>\n<td>Kona<\/td>\n<\/tr>\n<tr>\n<th>EAN<\/th>\n<td>841073149117<\/td>\n<\/tr>\n<tr>\n<th>N\u00famero de pieza de fabricante<\/th>\n<td>B35LB50<\/td>\n<\/tr>\n<\/table>\n","protected":false},"excerpt":{"rendered":"<p>Aviso Las im\u00e1genes y especificaciones del producto son solo ilustrativas y pueden variar a lo largo de la temporada. El fabricante se reserva el derecho de sustituir los componentes mostrados por otros equivalentes o superiores, siempre que el tipo y el uso previsto de la bicicleta se mantengan inalterados. El uso de otros componentes puede [&hellip;]<\/p>\n","protected":false},"featured_media":208502,"comment_status":"open","ping_status":"closed","template":"","meta":[],"product_brand":[22751],"product_cat":[16811],"product_tag":[],"class_list":{"0":"post-147670","1":"product","2":"type-product","3":"status-publish","4":"has-post-thumbnail","6":"product_brand-kona","7":"product_cat-neumaticos-y-camaras_es","8":"product_shipping_class-fahrrad","9":"pa_farbe-gruen","10":"pa_groesse-20687","12":"first","13":"outofstock","14":"sale","15":"taxable","16":"shipping-taxable","17":"purchasable","18":"product-type-variable","19":"has-default-attributes"},"_links":{"self":[{"href":"https:\/\/hibike.com\/es\/wp-json\/wp\/v2\/product\/147670","targetHints":{"allow":["GET"]}}],"collection":[{"href":"https:\/\/hibike.com\/es\/wp-json\/wp\/v2\/product"}],"about":[{"href":"https:\/\/hibike.com\/es\/wp-json\/wp\/v2\/types\/product"}],"replies":[{"embeddable":true,"href":"https:\/\/hibike.com\/es\/wp-json\/wp\/v2\/comments?post=147670"}],"version-history":[{"count":0,"href":"https:\/\/hibike.com\/es\/wp-json\/wp\/v2\/product\/147670\/revisions"}],"wp:featuredmedia":[{"embeddable":true,"href":"https:\/\/hibike.com\/es\/wp-json\/wp\/v2\/media\/208502"}],"wp:attachment":[{"href":"https:\/\/hibike.com\/es\/wp-json\/wp\/v2\/media?parent=147670"}],"wp:term":[{"taxonomy":"product_brand","embeddable":true,"href":"https:\/\/hibike.com\/es\/wp-json\/wp\/v2\/product_brand?post=147670"},{"taxonomy":"product_cat","embeddable":true,"href":"https:\/\/hibike.com\/es\/wp-json\/wp\/v2\/product_cat?post=147670"},{"taxonomy":"product_tag","embeddable":true,"href":"https:\/\/hibike.com\/es\/wp-json\/wp\/v2\/product_tag?post=147670"}],"curies":[{"name":"wp","href":"https:\/\/api.w.org\/{rel}","templated":true}]}}