{"id":409790,"date":"2026-03-11T18:18:08","date_gmt":"2026-03-11T17:18:08","guid":{"rendered":"https:\/\/hibike.com\/shop\/sin%20categor\u00eda\/neumatico-plegable-continental-grand-prix-5000-28-28-622-700x28c-piel-negro-negro-a-granel\/"},"modified":"2026-03-30T17:42:16","modified_gmt":"2026-03-30T15:42:16","slug":"neumatico-plegable-continental-grand-prix-5000-28-28-622-700x28c-piel-negro-negro-a-granel","status":"publish","type":"product","link":"https:\/\/hibike.com\/es\/shop\/componentes_es\/neumaticos-y-camaras_es\/28-pulgadas_es\/neumatico-plegable-continental-grand-prix-5000-28-28-622-700x28c-piel-negro-negro-a-granel\/","title":{"rendered":"Neum\u00e1tico plegable Continental Grand Prix 5000 28&#8243; 28-622 (700x28C) piel negro\/negro (A GRANEL)"},"content":{"rendered":"<div class=\"eshopcontent\">\n<div data-role=\"descmain\">\n<h2>GP5000: \u00a1Tu turbo para pura potencia de moto de carreras!<\/h2>\n<p>El neum\u00e1tico plegable Continental Grand Prix 5000 28&#8243; te catapulta a la cima con un 12% m\u00e1s de resistencia a la rodadura y un 20% m\u00e1s de protecci\u00f3n antipinchazos. Siente la comodidad y el agarre que te mantienen firme sobre el asfalto en cada curva. \u00bfListo para tu pr\u00f3xima mejor marca?  <\/p>\n<\/div>\n<div data-role=\"desclong\">\n<h3>Por qu\u00e9 la GP5000 es tu nueva arma<\/h3>\n<p>Imagina volar sobre la carretera sin ninguna resistencia innecesaria. El GP5000 lo hace posible. Con el compuesto optimizado BlackChili, le sacas m\u00e1s kil\u00f3metros y tienes un agarre a prueba de bombas incluso bajo la lluvia. La tecnolog\u00eda LazerGrip en la zona de los hombros te da confianza en cada curva. Active Comfort amortigua las vibraciones para que te mantengas fresco durante m\u00e1s tiempo. Vectran Breaker protege contra los pinchazos, m\u00e1s fuerte que nunca. Fabricado en Alemania. Calidad que puedes sentir. \u00a1Consigue la ventaja y machaca tus vueltas!        <\/p>\n<\/div>\n<div data-role=\"spec\">\n<h3>especificaci\u00f3n<\/h3>\n<table>\n<thead>\n<tr>\n<th>caracter\u00edstica<\/th>\n<th>Descripci\u00f3n<\/th>\n<\/tr>\n<\/thead>\n<tbody>\n<tr>\n<td>Presi\u00f3n en bares<\/td>\n<td>6,5 \u2013 8,5 bar<\/td>\n<\/tr>\n<tr>\n<td>Compuesto<\/td>\n<td>Compuesto de chile negro<\/td>\n<\/tr>\n<tr>\n<td>Campo de aplicaci\u00f3n<\/td>\n<td>Bicicleta de carretera<\/td>\n<\/tr>\n<tr>\n<td>ETRTO<\/td>\n<td>28-622 \/ 700x25C<\/td>\n<\/tr>\n<tr>\n<td>Peso (aprox.)<\/td>\n<td>265 g<\/td>\n<\/tr>\n<tr>\n<td>Tama\u00f1o de la rueda<\/td>\n<td>28 pulgadas<\/td>\n<\/tr>\n<tr>\n<td>Protecci\u00f3n antipinchazos<\/td>\n<td>Vectran Breaker (20% mejor)<\/td>\n<\/tr>\n<tr>\n<td>Dise\u00f1o del neum\u00e1tico<\/td>\n<td>Neum\u00e1tico plegable<\/td>\n<\/tr>\n<tr>\n<td>Resistencia a la rodadura<\/td>\n<td>12% mejor<\/td>\n<\/tr>\n<tr>\n<td>Tecnolog\u00edas<\/td>\n<td>LazerGrip, Confort Activo<\/td>\n<\/tr>\n<tr>\n<td>Sin c\u00e1mara<\/td>\n<td>No<\/td>\n<\/tr>\n<\/tbody>\n<\/table>\n<\/div>\n<div data-role=\"scope\">\n<h3>Volumen de suministro<\/h3>\n<ul>\n<li>1x Neum\u00e1tico plegable Continental Grand Prix 5000 28&#8243; (28-622) (A GRANEL)<\/li>\n<\/ul>\n<\/div>\n<\/div>\n<table class=\"hibike-specs\">\n<tr>\n<th>Marca<\/th>\n<td>continental<\/td>\n<\/tr>\n<tr>\n<th>EAN<\/th>\n<td>4255898608463<\/td>\n<\/tr>\n<\/table>\n","protected":false},"excerpt":{"rendered":"<p>GP5000: \u00a1Tu turbo para pura potencia de moto de carreras! El neum\u00e1tico plegable Continental Grand Prix 5000 28&#8243; te catapulta a la cima con un 12% m\u00e1s de resistencia a la rodadura y un 20% m\u00e1s de protecci\u00f3n antipinchazos. Siente la comodidad y el agarre que te mantienen firme sobre el asfalto en cada curva. [&hellip;]<\/p>\n","protected":false},"featured_media":469115,"comment_status":"open","ping_status":"closed","template":"","meta":[],"product_brand":[22496],"product_cat":[20686,5727,16811],"product_tag":[19555],"class_list":{"0":"post-409790","1":"product","2":"type-product","3":"status-publish","4":"has-post-thumbnail","6":"product_brand-continental","7":"product_cat-28-pulgadas_es","8":"product_cat-componentes_es","9":"product_cat-neumaticos-y-camaras_es","10":"product_tag-bulk","11":"product_shipping_class-klein-ersatzteile","13":"first","14":"instock","15":"sale","16":"taxable","17":"shipping-taxable","18":"purchasable","19":"product-type-simple"},"_links":{"self":[{"href":"https:\/\/hibike.com\/es\/wp-json\/wp\/v2\/product\/409790","targetHints":{"allow":["GET"]}}],"collection":[{"href":"https:\/\/hibike.com\/es\/wp-json\/wp\/v2\/product"}],"about":[{"href":"https:\/\/hibike.com\/es\/wp-json\/wp\/v2\/types\/product"}],"replies":[{"embeddable":true,"href":"https:\/\/hibike.com\/es\/wp-json\/wp\/v2\/comments?post=409790"}],"version-history":[{"count":0,"href":"https:\/\/hibike.com\/es\/wp-json\/wp\/v2\/product\/409790\/revisions"}],"wp:featuredmedia":[{"embeddable":true,"href":"https:\/\/hibike.com\/es\/wp-json\/wp\/v2\/media\/469115"}],"wp:attachment":[{"href":"https:\/\/hibike.com\/es\/wp-json\/wp\/v2\/media?parent=409790"}],"wp:term":[{"taxonomy":"product_brand","embeddable":true,"href":"https:\/\/hibike.com\/es\/wp-json\/wp\/v2\/product_brand?post=409790"},{"taxonomy":"product_cat","embeddable":true,"href":"https:\/\/hibike.com\/es\/wp-json\/wp\/v2\/product_cat?post=409790"},{"taxonomy":"product_tag","embeddable":true,"href":"https:\/\/hibike.com\/es\/wp-json\/wp\/v2\/product_tag?post=409790"}],"curies":[{"name":"wp","href":"https:\/\/api.w.org\/{rel}","templated":true}]}}