{"id":151121,"date":"2026-02-16T14:43:55","date_gmt":"2026-02-16T13:43:55","guid":{"rendered":"https:\/\/hibike.com\/carriere\/"},"modified":"2026-03-09T19:37:31","modified_gmt":"2026-03-09T18:37:31","slug":"carriere","status":"publish","type":"page","link":"https:\/\/hibike.com\/fr\/carriere\/","title":{"rendered":"Carri\u00e8re"},"content":{"rendered":"\t\t<div data-elementor-type=\"wp-page\" data-elementor-id=\"151121\" class=\"elementor elementor-151121 elementor-66005\" data-elementor-post-type=\"page\">\n\t\t\t\t<div class=\"elementor-element elementor-element-b37291c e-flex e-con-boxed e-con e-parent\" data-id=\"b37291c\" data-element_type=\"container\" data-e-type=\"container\">\n\t\t\t\t\t<div class=\"e-con-inner\">\n\t\t\t\t<div class=\"elementor-element elementor-element-7b2afb8 elementor-widget elementor-widget-html\" data-id=\"7b2afb8\" data-element_type=\"widget\" data-e-type=\"widget\" data-widget_type=\"html.default\">\n\t\t\t\t\t<div class=\"container\">\n  <div class=\"hero\">\n    <h1>Emplois chez hibike<\/h1>\n    <div class=\"subtitle\">Pas envie de porter un costume et de vous ennuyer ? Alors venez nous rejoindre ! <\/div>\n    <div class=\"tagline\">Bureau - Entrep\u00f4t - Magasin - Atelier<\/div>\n    <div class=\"description\">\n  hibike est une marque forte de Merlin Cycles GmbH, bas\u00e9e \u00e0 Kronberg im Taunus.\n  Envie de nouveaut\u00e9 ? Alors vous \u00eates au bon endroit. \n  Que ce soit au bureau, \u00e0 l'entrep\u00f4t, au magasin ou \u00e0 l'atelier, nous sommes toujours \u00e0 la recherche de nouveaux talents !\n    <\/div>\n  <\/div>\n\n  <div class=\"content\">\n    <div class=\"section\">\n      <h2 class=\"section-title\">Offres d'emploi<\/h2>\n\n     <a href=\"LIEN VERS L'OFFRE D'EMPLOI 1\" class=\"job-box\">\n  <div class=\"package\">\n    <h3>Employ\u00e9(e) d'atelier (h\/f\/x)<\/h3>\n    <p class=\"tagline\">Temps plein<\/p>\n  <\/div>\n<\/a>\n\n<a href=\"LIEN VERS L'OFFRE D'EMPLOI 2\" class=\"job-box\">\n  <div class=\"package\">\n    <h3>Employ\u00e9(e) logistique d'entrep\u00f4t \/ commission (h\/f\/x)<\/h3>\n    <p class=\"tagline\">Temps plein<\/p>\n  <\/div>\n<\/a>\n\n<a href=\"LIEN VERS L'OFFRE D'EMPLOI 3\" class=\"job-box\">\n  <div class=\"package\">\n    <h3>Assistant(e) d'\u00e9quipe \/ Office-manager (h\/f\/x)<\/h3>\n    <p class=\"tagline\">Temps plein<\/p>\n  <\/div>\n<\/a>\n\n     \n      <\/div>\n\n      <div class=\"divider\">\u2e3b<\/div>\n\n      <div class=\"package\">\n        <h3>Candidature spontan\u00e9e<\/h3>\n        <p class=\"tagline\">\n  Vous ne trouvez peut-\u00eatre pas l'offre d'emploi qui vous convient ? Alors peut-\u00eatre devrions-nous tout de m\u00eame engager la conversation. \n  Nous avons d\u00e9j\u00e0 eu l'occasion de travailler ensemble.\n        <\/p>\n\n        <p style=\"font-weight:300; line-height:1.8; margin-top: 15px;\">\n  Nous sommes donc toujours heureux de recevoir de bonnes candidatures spontan\u00e9es. Envoyez-nous votre CV en d\u00e9crivant\n ce que vous voulez faire dans votre vie professionnelle et ce pour quoi vous \u00eates vraiment dou\u00e9. Nous serions ravis de savoir comment vous pouvez vous int\u00e9grer \u00e0 notre \u00e9quipe.  \n  Nous sommes impatients !\n        <\/p>\n      <\/div>\n    <\/div>\n\n    <div class=\"divider\">\u2e3b<\/div>\n\n    <div class=\"section\">\n      <h2 class=\"section-title\">Voici ce qui se passe ...<\/h2>\n\n      <div class=\"package\">\n        <h3>Comment postuler<\/h3>\n        <p class=\"tagline\">\n  Si vous souhaitez postuler, envoyez-nous votre candidature par e-mail.\n Merci de pr\u00e9ciser pour quoi vous postulez ou d'indiquer le code ou le mot-cl\u00e9 mentionn\u00e9 dans l'offre d'emploi.\n        <\/p>\n\n        <div class=\"result\">\n          <strong>Envoyez votre dossier \u00e0 :<\/strong><br>          <span style=\"font-weight:300;\">bewerbung@merlincycles.de<\/span> <span style=\"font-weight:300;\">(de pr\u00e9f\u00e9rence en format PDF)<\/span>\n        <\/div>\n\n        <div class=\"result\">\n          <strong>La confidentialit\u00e9 :<\/strong>\n          <span style=\"font-weight:300;\">Nous vous garantissons bien entendu le traitement confidentiel de votre candidature !<\/span>\n        <\/div>\n      <\/div>\n    <\/div>\n  <\/div>\n<\/div>\n\n<style>\n  .hero { margin-bottom: 60px; }\n  .hero h1 { font-size: 30px; margin-bottom: 20px; font-weight: 700; }\n  .hero .subtitle { font-size: 1.3em; margin-bottom: 15px; font-weight: 600; }\n  .hero .tagline { font-size: 1em; margin-bottom: 25px; font-weight: 300; }\n  .hero .description { font-size: 0.95em; line-height: 1.8; font-weight: 300; }\n\n  .content { padding: 0; }\n  .section { margin-bottom: 60px; }\n  .section-title {\n    font-size: 28px;\n    margin-bottom: 40px;\n    font-weight: 700;\n    border-bottom: 2px solid #000;\n    padding-bottom: 15px;\n  }\n\n  .package {\n    border: 2px solid #000;\n    padding: 30px;\n    margin-bottom: 25px;\n  }\n  .package h3 { font-size: 20px; margin-bottom: 10px; font-weight: 700; }\n  .package .tagline { font-size: 0.95em; margin-bottom: 0; font-weight: 300; line-height: 1.7; }\n\n  .result {\n    border-top: 1px solid #000;\n    padding-top: 18px;\n    margin-top: 18px;\n    font-size: 0.95em;\n  }\n  .result strong { font-weight: 600; }\n\n  .divider { text-align: center; font-size: 1.5em; margin: 50px 0; }\n\n  @media (max-width: 768px) {\n    body { padding: 20px 15px; }\n    .hero h1 { font-size: 1.8em; }\n    .hero .subtitle { font-size: 1.2em; }\n    .package { padding: 20px; }\n  }\n<\/style>\n\t\t\t\t<\/div>\n\t\t\t\t\t<\/div>\n\t\t\t\t<\/div>\n\t\t\t\t<\/div>\n\t\t","protected":false},"excerpt":{"rendered":"<p>Emplois chez hibike Pas envie de porter un costume et de vous ennuyer ? Alors venez nous rejoindre ! Bureau \u2013 Entrep\u00f4t \u2013 Magasin \u2013 Atelier hibike est une marque forte de Merlin Cycles GmbH, bas\u00e9e \u00e0 Kronberg im Taunus. Envie de nouveaut\u00e9 ? Alors vous \u00eates au bon endroit. Que ce soit au bureau, [&hellip;]<\/p>\n","protected":false},"author":1,"featured_media":0,"parent":0,"menu_order":0,"comment_status":"closed","ping_status":"closed","template":"","meta":{"footnotes":""},"class_list":["post-151121","page","type-page","status-publish","hentry"],"_links":{"self":[{"href":"https:\/\/hibike.com\/fr\/wp-json\/wp\/v2\/pages\/151121","targetHints":{"allow":["GET"]}}],"collection":[{"href":"https:\/\/hibike.com\/fr\/wp-json\/wp\/v2\/pages"}],"about":[{"href":"https:\/\/hibike.com\/fr\/wp-json\/wp\/v2\/types\/page"}],"author":[{"embeddable":true,"href":"https:\/\/hibike.com\/fr\/wp-json\/wp\/v2\/users\/1"}],"replies":[{"embeddable":true,"href":"https:\/\/hibike.com\/fr\/wp-json\/wp\/v2\/comments?post=151121"}],"version-history":[{"count":0,"href":"https:\/\/hibike.com\/fr\/wp-json\/wp\/v2\/pages\/151121\/revisions"}],"wp:attachment":[{"href":"https:\/\/hibike.com\/fr\/wp-json\/wp\/v2\/media?parent=151121"}],"curies":[{"name":"wp","href":"https:\/\/api.w.org\/{rel}","templated":true}]}}