{"id":140546,"date":"2026-02-18T13:01:45","date_gmt":"2026-02-18T12:01:45","guid":{"rendered":"https:\/\/hibike.com\/shop\/non%20class\u00e9\/tip-top-flickzeug-tt01-touring\/"},"modified":"2026-03-25T21:50:16","modified_gmt":"2026-03-25T20:50:16","slug":"tip-top-flickzeug-tt01-touring","status":"publish","type":"product","link":"https:\/\/hibike.com\/fr\/shop\/composants_fr\/accessoires_fr\/outil_fr\/tip-top-flickzeug-tt01-touring\/","title":{"rendered":"Kit de r\u00e9paration Tip Top TT01 Touring"},"content":{"rendered":"<h2>Kit de r\u00e9paration de crevaison TipTop dans le petit emballage TT01<\/h2>\n<p>Le kit de r\u00e9paration Tip Top est le nec plus ultra en mati\u00e8re de r\u00e9paration de v\u00e9los. Cette marque, reconnaissable \u00e0 son logo noir et rouge et \u00e0 ses rustines si caract\u00e9ristiques, existe depuis 1937. Ces rustines, associ\u00e9es au liquide de vulcanisation (solution SVS), forment un syst\u00e8me qui les fixe d\u00e9finitivement \u00e0 la chambre \u00e0 air. C&rsquo;est parfaitement \u00e9tanche&nbsp;!   <\/p>\n<h3>La bo\u00eete de r\u00e9paration verte typique<\/h3>\n<p>Initialement vendu dans une bo\u00eete m\u00e9tallique, puis depuis des d\u00e9cennies dans une bo\u00eete en plastique, mais toujours de couleur verte, le kit TT01 est un kit polyvalent pour r\u00e9parer toutes les chambres \u00e0 air, que ce soit sur un v\u00e9lo de route, un v\u00e9lo de randonn\u00e9e, un v\u00e9lo de ville ou un VTT. Encore plus compact que le kit TT02, il est id\u00e9al lorsque l&rsquo;espace est limit\u00e9. Sinon, les rustines sont identiques.   <\/p>\n<h3>Contenu de la livraison : gamme TT01<\/h3>\n<ul>\n<li>4 \u00e9cussons de taille F1 (les ronds d&rsquo;un diam\u00e8tre de 25 mm) <\/li>\n<li>1 patch de taille F2 (le mod\u00e8le ovale, 50 mm de long et 25 mm de large) <\/li>\n<li>1 tube de 3 g de liquide SVS (fluide de vulcanisation).<\/li>\n<li>1 Papier de verre<\/li>\n<li>1 tuyau de vanne<\/li>\n<li>1 Instructions<\/li>\n<\/ul>\n<table class=\"hibike-specs\">\n<tr>\n<th>Marque<\/th>\n<td>Tip-Top<\/td>\n<\/tr>\n<tr>\n<th>EAN<\/th>\n<td>4003115060002<\/td>\n<\/tr>\n<tr>\n<th>MPN<\/th>\n<td>5060007<\/td>\n<\/tr>\n<\/table>\n","protected":false},"excerpt":{"rendered":"<p>Kit de r\u00e9paration de crevaison TipTop dans le petit emballage TT01 Le kit de r\u00e9paration Tip Top est le nec plus ultra en mati\u00e8re de r\u00e9paration de v\u00e9los. Cette marque, reconnaissable \u00e0 son logo noir et rouge et \u00e0 ses rustines si caract\u00e9ristiques, existe depuis 1937. Ces rustines, associ\u00e9es au liquide de vulcanisation (solution SVS), [&hellip;]<\/p>\n","protected":false},"featured_media":422229,"comment_status":"open","ping_status":"closed","template":"","meta":[],"product_brand":[22765],"product_cat":[5723,19238,16767],"product_tag":[],"class_list":{"0":"post-140546","1":"product","2":"type-product","3":"status-publish","4":"has-post-thumbnail","6":"product_brand-tip-top","7":"product_cat-composants_fr","8":"product_cat-accessoires_fr","9":"product_cat-outil_fr","10":"product_shipping_class-klein-ersatzteile","12":"first","13":"instock","14":"taxable","15":"shipping-taxable","16":"purchasable","17":"product-type-simple"},"_links":{"self":[{"href":"https:\/\/hibike.com\/fr\/wp-json\/wp\/v2\/product\/140546","targetHints":{"allow":["GET"]}}],"collection":[{"href":"https:\/\/hibike.com\/fr\/wp-json\/wp\/v2\/product"}],"about":[{"href":"https:\/\/hibike.com\/fr\/wp-json\/wp\/v2\/types\/product"}],"replies":[{"embeddable":true,"href":"https:\/\/hibike.com\/fr\/wp-json\/wp\/v2\/comments?post=140546"}],"version-history":[{"count":0,"href":"https:\/\/hibike.com\/fr\/wp-json\/wp\/v2\/product\/140546\/revisions"}],"wp:featuredmedia":[{"embeddable":true,"href":"https:\/\/hibike.com\/fr\/wp-json\/wp\/v2\/media\/422229"}],"wp:attachment":[{"href":"https:\/\/hibike.com\/fr\/wp-json\/wp\/v2\/media?parent=140546"}],"wp:term":[{"taxonomy":"product_brand","embeddable":true,"href":"https:\/\/hibike.com\/fr\/wp-json\/wp\/v2\/product_brand?post=140546"},{"taxonomy":"product_cat","embeddable":true,"href":"https:\/\/hibike.com\/fr\/wp-json\/wp\/v2\/product_cat?post=140546"},{"taxonomy":"product_tag","embeddable":true,"href":"https:\/\/hibike.com\/fr\/wp-json\/wp\/v2\/product_tag?post=140546"}],"curies":[{"name":"wp","href":"https:\/\/api.w.org\/{rel}","templated":true}]}}