{"id":140578,"date":"2026-02-18T13:01:44","date_gmt":"2026-02-18T12:01:44","guid":{"rendered":"https:\/\/hibike.com\/shop\/non%20class\u00e9\/tip-top-flickzeug-tt05-mtb\/"},"modified":"2026-04-10T02:08:31","modified_gmt":"2026-04-10T00:08:31","slug":"tip-top-flickzeug-tt05-mtb","status":"publish","type":"product","link":"https:\/\/hibike.com\/fr\/shop\/composants_fr\/accessoires_fr\/outil_fr\/tip-top-flickzeug-tt05-mtb\/","title":{"rendered":"Kit de r\u00e9paration de crevaison Tip Top TT05 VTT"},"content":{"rendered":"<h2>Kit de r\u00e9paration haut de gamme pour VTT<\/h2>\n<p>\nSur un VTT, tout est plus grand et plus robuste. Le kit de r\u00e9paration de pneus doit donc \u00eatre plus complet. Pour les crevaisons importantes, une rustine de 30 mm de diam\u00e8tre est fournie, et le liquide de vulcanisation est conditionn\u00e9 dans un tube de 5 g. Les d\u00e9monte-pneus inclus facilitent le remontage du pneu apr\u00e8s la r\u00e9paration.\n<\/p>\n<h3>Excellence depuis 1937<\/h3>\n<p>\nLes kits de r\u00e9paration de v\u00e9los Tip Top existent depuis 1937. Initialement conditionn\u00e9s dans une bo\u00eete m\u00e9tallique, ils sont d\u00e9sormais propos\u00e9s depuis des d\u00e9cennies dans une bo\u00eete en plastique, mais conservent leur couleur verte embl\u00e9matique. La gamme TT05 a \u00e9t\u00e9 sp\u00e9cialement con\u00e7ue pour les VTT.\n<\/p>\n<h3>Contenu de la livraison de la gamme TT05<\/h3>\n<ul>\n<li>2 \u00e9cussons de taille F1 (les ronds d&rsquo;un diam\u00e8tre de 25 mm)\n <\/li>\n<li>1 patch de taille F2 (le mod\u00e8le ovale, 50 mm de long et 25 mm de large)\n <\/li>\n<li>1 patch taille 0 (le grand patch rond de 30 mm de diam\u00e8tre)\n <\/li>\n<li>1 patch de taille F2 (ovale, 50 mm de long et 25 mm de large)\n <\/li>\n<li>1 tube de liquide de vulcanisation 5 g\n <\/li>\n<li>1 Papier de verre\n <\/li>\n<li>2 d\u00e9monte-pneus en plastique\n<\/li>\n<\/ul>\n<table class=\"hibike-specs\">\n<tr>\n<th>Marque<\/th>\n<td>Tip-Top<\/td>\n<\/tr>\n<tr>\n<th>EAN<\/th>\n<td>4003115060194<\/td>\n<\/tr>\n<tr>\n<th>MPN<\/th>\n<td>5060193<\/td>\n<\/tr>\n<\/table>\n","protected":false},"excerpt":{"rendered":"<p>Kit de r\u00e9paration haut de gamme pour VTT Sur un VTT, tout est plus grand et plus robuste. Le kit de r\u00e9paration de pneus doit donc \u00eatre plus complet. Pour les crevaisons importantes, une rustine de 30 mm de diam\u00e8tre est fournie, et le liquide de vulcanisation est conditionn\u00e9 dans un tube de 5 g. [&hellip;]<\/p>\n","protected":false},"featured_media":430672,"comment_status":"open","ping_status":"closed","template":"","meta":[],"product_brand":[22765],"product_cat":[5723,16767,19238],"product_tag":[],"class_list":{"0":"post-140578","1":"product","2":"type-product","3":"status-publish","4":"has-post-thumbnail","6":"product_brand-tip-top","7":"product_cat-composants_fr","8":"product_cat-outil_fr","9":"product_cat-accessoires_fr","10":"product_shipping_class-klein-ersatzteile","12":"first","13":"instock","14":"sale","15":"taxable","16":"shipping-taxable","17":"purchasable","18":"product-type-simple"},"_links":{"self":[{"href":"https:\/\/hibike.com\/fr\/wp-json\/wp\/v2\/product\/140578","targetHints":{"allow":["GET"]}}],"collection":[{"href":"https:\/\/hibike.com\/fr\/wp-json\/wp\/v2\/product"}],"about":[{"href":"https:\/\/hibike.com\/fr\/wp-json\/wp\/v2\/types\/product"}],"replies":[{"embeddable":true,"href":"https:\/\/hibike.com\/fr\/wp-json\/wp\/v2\/comments?post=140578"}],"version-history":[{"count":1,"href":"https:\/\/hibike.com\/fr\/wp-json\/wp\/v2\/product\/140578\/revisions"}],"predecessor-version":[{"id":465445,"href":"https:\/\/hibike.com\/fr\/wp-json\/wp\/v2\/product\/140578\/revisions\/465445"}],"wp:featuredmedia":[{"embeddable":true,"href":"https:\/\/hibike.com\/fr\/wp-json\/wp\/v2\/media\/430672"}],"wp:attachment":[{"href":"https:\/\/hibike.com\/fr\/wp-json\/wp\/v2\/media?parent=140578"}],"wp:term":[{"taxonomy":"product_brand","embeddable":true,"href":"https:\/\/hibike.com\/fr\/wp-json\/wp\/v2\/product_brand?post=140578"},{"taxonomy":"product_cat","embeddable":true,"href":"https:\/\/hibike.com\/fr\/wp-json\/wp\/v2\/product_cat?post=140578"},{"taxonomy":"product_tag","embeddable":true,"href":"https:\/\/hibike.com\/fr\/wp-json\/wp\/v2\/product_tag?post=140578"}],"curies":[{"name":"wp","href":"https:\/\/api.w.org\/{rel}","templated":true}]}}