{"id":140618,"date":"2026-02-18T13:01:43","date_gmt":"2026-02-18T12:01:43","guid":{"rendered":"https:\/\/hibike.com\/shop\/non%20class\u00e9\/sigma-sport-bc-10-0-wr-fahrradcomputer\/"},"modified":"2026-03-25T21:50:48","modified_gmt":"2026-03-25T20:50:48","slug":"sigma-sport-bc-10-0-wr-fahrradcomputer","status":"publish","type":"product","link":"https:\/\/hibike.com\/fr\/shop\/composants_fr\/electronique_fr\/ordinateur_fr\/sigma-sport-bc-10-0-wr-fahrradcomputer\/","title":{"rendered":"Compteur de v\u00e9lo Sigma Sport BC 10.0 WR"},"content":{"rendered":"<div data-mblanguageid=\"1\">\n<div data-role=\"descmain\">\n<h2>Appareil polyvalent dot\u00e9 de dix fonctions<\/h2>\n<p>Le compteur SIGMA BC 10.0 WR, compact et intuitif, offre les dix fonctions essentielles pour le cyclisme. Outre des valeurs telles que la vitesse moyenne et le kilom\u00e9trage journalier, les cyclistes peuvent consulter la temp\u00e9rature ext\u00e9rieure et leur vitesse maximale pendant leur sortie&nbsp;! Ce compteur filaire se r\u00e9v\u00e8le ainsi un outil v\u00e9ritablement polyvalent, dot\u00e9 de toutes les fonctions indispensables.  <\/p>\n<\/div>\n<div data-role=\"desclong\">\n<h3>Les fonctions essentielles en un coup d&rsquo;\u0153il<\/h3>\n<p>Que vous alliez au bureau, partiez en escapade \u00e0 la campagne le week-end ou repoussiez vos limites sur un v\u00e9lo de route, le BC 10.0 WR vous offre toutes les donn\u00e9es essentielles \u00e0 port\u00e9e de main. Ce compteur de v\u00e9lo sans fil affiche la distance parcourue, la vitesse, la distance totale, la dur\u00e9e de la sortie, l&rsquo;heure, la vitesse moyenne, une comparaison des vitesses moyennes, la vitesse maximale et la temp\u00e9rature actuelle. <\/p>\n<p><b>La vitesse maximale comme motivation<\/b><\/p>\n<p>L&rsquo;une des particularit\u00e9s du BC 10.0 WR est qu&rsquo;en plus de la vitesse instantan\u00e9e et moyenne, il affiche \u00e9galement la vitesse maximale. De quoi motiver les cyclistes \u00e0 p\u00e9daler plus vite et \u00e0 battre leurs propres records de vitesse. <\/p>\n<p><b>Transmission de donn\u00e9es stable<\/b><\/p>\n<p>La connexion directe par c\u00e2ble entre le compteur de vitesse et l&rsquo;\u00e9metteur garantit une mesure de vitesse fiable et \u00e9limine le besoin d&rsquo;une pile pour la transmission sans fil. Le capteur \u00e0 lames souples filaire, gr\u00e2ce \u00e0 sa conception fine et compacte, se monte facilement sur le v\u00e9lo. <\/p>\n<p><b>\u00c9cran compact et clair<\/b><\/p>\n<p>Les fonctions du compteur de v\u00e9lo sont clairement affich\u00e9es sur le large \u00e9cran de 31 x 39 mm. Les grands chiffres sont faciles \u00e0 lire en roulant. Le SIGMA ORIGINAL poss\u00e8de un design fin et \u00e9pur\u00e9, ce qui le rend aussi \u00e9l\u00e9gant sur un v\u00e9lo de ville que sur un VTT.  <\/p>\n<p><b>R\u00e9sistant aux intemp\u00e9ries et dot\u00e9 d&rsquo;une longue autonomie.<\/b><\/p>\n<p>Le compteur BC 10.0 WR est \u00e9tanche et r\u00e9sistant aux intemp\u00e9ries, pr\u00eat \u00e0 l&#8217;emploi en toutes circonstances. Les cyclistes n&rsquo;ont pas non plus \u00e0 se soucier de l&rsquo;autonomie de la batterie. La pile bouton int\u00e9gr\u00e9e et rempla\u00e7able (CR 2032) assure une autonomie de plus de deux ans. Toutes les donn\u00e9es et tous les param\u00e8tres sont conserv\u00e9s lors du remplacement de la pile.   <\/p>\n<p><b>circuits de plusieurs jours<\/b><\/p>\n<p>Le BC 10.0 WR mesure le temps et la distance parcourus, m\u00eame lors de longues randonn\u00e9es \u00e0 v\u00e9lo. Il est ainsi facile de suivre la distance totale d&rsquo;un s\u00e9jour cycliste de plusieurs jours. <\/p>\n<p><b>Assemblage et fonctionnement faciles<\/b><\/p>\n<p>Le support de guidon du BC 10.0 WR se fixe au v\u00e9lo \u00e0 l&rsquo;aide des attaches de c\u00e2ble fournies. Un bouton situ\u00e9 en bas permet une utilisation simple et intuitive du compteur de v\u00e9lo. Ceci permet de passer d&rsquo;une fonction \u00e0 l&rsquo;autre en toute s\u00e9curit\u00e9, m\u00eame en roulant.  <\/p>\n<p><b>Talent linguistique<\/b><\/p>\n<p>Le BC 10.0 WR est un petit bijou de technologie linguistique. Son affichage plein texte vous permet de choisir parmi sept langues&nbsp;: anglais, allemand, fran\u00e7ais, italien, espagnol, n\u00e9erlandais ou polonais. <\/p>\n<p><b>Tailles de pneus pr\u00e9d\u00e9finies<\/b><\/p>\n<p>Gr\u00e2ce aux tailles de pneus pr\u00e9d\u00e9finies, configurer le BC 10.0 WR est un jeu d&rsquo;enfant, que ce soit pour les petits v\u00e9los d&rsquo;enfants ou les VTT 29 pouces. Il est \u00e9galement possible de saisir la circonf\u00e9rence du pneu au millim\u00e8tre pr\u00e8s. <\/p>\n<\/div>\n<div data-role=\"highlight\">\n<h3>Points forts<\/h3>\n<ul>\n<li>Affichage du texte int\u00e9gral en sept langues<\/li>\n<li>Tailles de pneus pr\u00e9d\u00e9finies<\/li>\n<li>D\u00e9marrage\/arr\u00eat automatique<\/li>\n<li>Stockage des donn\u00e9es apr\u00e8s remplacement de la batterie (valeurs totales et param\u00e8tres)<\/li>\n<li>\u00c9tanche \u00e0 la norme IPX8<\/li>\n<li>Intervalle d&rsquo;entretien r\u00e9glable (chez le concessionnaire)<\/li>\n<\/ul>\n<\/div>\n<div data-role=\"spec\">\n<h3>sp\u00e9cification<\/h3>\n<table>\n<tbody>\n<tr>\n<th>sp\u00e9cification<\/th>\n<th>Description<\/th>\n<\/tr>\n<tr>\n<td>Dimensions (L x l x H)<\/td>\n<td>550 x 110 x 400 mm<\/td>\n<\/tr>\n<tr>\n<td>Poids<\/td>\n<td>environ 91 g<\/td>\n<\/tr>\n<tr>\n<td>Taille de l&rsquo;\u00e9cran<\/td>\n<td>1,90\u00a0\u00bb<\/td>\n<\/tr>\n<tr>\n<td>Type d&rsquo;affichage<\/td>\n<td>Noir et blanc<\/td>\n<\/tr>\n<tr>\n<td>Batterie<\/td>\n<td>CR2032<\/td>\n<\/tr>\n<tr>\n<td>\u00e9cran tactile<\/td>\n<td>Non<\/td>\n<\/tr>\n<tr>\n<td>Classe de protection<\/td>\n<td>IPX8<\/td>\n<\/tr>\n<tr>\n<td>transmission de donn\u00e9es<\/td>\n<td>C\u00e2bl\u00e9<\/td>\n<\/tr>\n<tr>\n<th>En g\u00e9n\u00e9ral<\/th>\n<th>&nbsp;<\/th>\n<\/tr>\n<tr>\n<td>La taille des roues est ajustable en fonction du type de pneu.<\/td>\n<td>Oui<\/td>\n<\/tr>\n<tr>\n<td>D\u00e9marrage\/arr\u00eat automatique sans restriction<\/td>\n<td>Oui<\/td>\n<\/tr>\n<tr>\n<td>Langues s\u00e9lectionnables<\/td>\n<td>7 (DE, EN, FR, IT, ES, NL, PL)<\/td>\n<\/tr>\n<tr>\n<td>Comparaison des vitesses actuelles et moyennes<\/td>\n<td>Oui<\/td>\n<\/tr>\n<tr>\n<td>Dur\u00e9e totale du trajet<\/td>\n<td>Oui<\/td>\n<\/tr>\n<tr>\n<td>vitesse moyenne<\/td>\n<td>Oui<\/td>\n<\/tr>\n<tr>\n<td>Intervalle d&rsquo;entretien r\u00e9glable (chez le concessionnaire)<\/td>\n<td>Oui<\/td>\n<\/tr>\n<tr>\n<td>Stockage des donn\u00e9es apr\u00e8s remplacement de la batterie (valeurs totales et param\u00e8tres)<\/td>\n<td>Oui<\/td>\n<\/tr>\n<tr>\n<th>Fonction de base<\/th>\n<th>&nbsp;<\/th>\n<\/tr>\n<tr>\n<td>vitesse<\/td>\n<td>Oui<\/td>\n<\/tr>\n<tr>\n<td>vitesse maximale<\/td>\n<td>Oui<\/td>\n<\/tr>\n<tr>\n<td>distance<\/td>\n<td>Oui<\/td>\n<\/tr>\n<tr>\n<td>temps<\/td>\n<td>Oui<\/td>\n<\/tr>\n<tr>\n<td>Temps de trajet<\/td>\n<td>Oui<\/td>\n<\/tr>\n<tr>\n<td>Distance totale<\/td>\n<td>Oui<\/td>\n<\/tr>\n<\/tbody>\n<\/table>\n<div data-role=\"tech\">&nbsp;<\/div>\n<div data-role=\"scope\">\n<h3>\u00c9tendue de la prestation<\/h3>\n<ul>\n<li>1 compteur de v\u00e9lo Sigma Sport BC 10.0 WR (voir la description du produit pour plus de d\u00e9tails)<\/li>\n<li>1 pile<\/li>\n<li>1 support avec visserie de montage<\/li>\n<li>1 aimant \u00e0 rayon<\/li>\n<li>1 x Manuel d&rsquo;instructions<\/li>\n<\/ul>\n<\/div>\n<div data-role=\"video\">&nbsp;<\/div>\n<\/div>\n<\/div>\n<table class=\"hibike-specs\">\n<tr>\n<th>Marque<\/th>\n<td>Sigma Sport<\/td>\n<\/tr>\n<tr>\n<th>EAN<\/th>\n<td>4016224102105<\/td>\n<\/tr>\n<tr>\n<th>MPN<\/th>\n<td>10210<\/td>\n<\/tr>\n<\/table>\n","protected":false},"excerpt":{"rendered":"<p>Appareil polyvalent dot\u00e9 de dix fonctions Le compteur SIGMA BC 10.0 WR, compact et intuitif, offre les dix fonctions essentielles pour le cyclisme. Outre des valeurs telles que la vitesse moyenne et le kilom\u00e9trage journalier, les cyclistes peuvent consulter la temp\u00e9rature ext\u00e9rieure et leur vitesse maximale pendant leur sortie&nbsp;! Ce compteur filaire se r\u00e9v\u00e8le ainsi [&hellip;]<\/p>\n","protected":false},"featured_media":424705,"comment_status":"open","ping_status":"closed","template":"","meta":[],"product_brand":[22610],"product_cat":[17029,19400,5723],"product_tag":[],"class_list":{"0":"post-140618","1":"product","2":"type-product","3":"status-publish","4":"has-post-thumbnail","6":"product_brand-sigma-sport","7":"product_cat-electronique_fr","8":"product_cat-ordinateur_fr","9":"product_cat-composants_fr","10":"product_shipping_class-klein-ersatzteile","12":"first","13":"instock","14":"sale","15":"taxable","16":"shipping-taxable","17":"purchasable","18":"product-type-simple"},"_links":{"self":[{"href":"https:\/\/hibike.com\/fr\/wp-json\/wp\/v2\/product\/140618","targetHints":{"allow":["GET"]}}],"collection":[{"href":"https:\/\/hibike.com\/fr\/wp-json\/wp\/v2\/product"}],"about":[{"href":"https:\/\/hibike.com\/fr\/wp-json\/wp\/v2\/types\/product"}],"replies":[{"embeddable":true,"href":"https:\/\/hibike.com\/fr\/wp-json\/wp\/v2\/comments?post=140618"}],"version-history":[{"count":0,"href":"https:\/\/hibike.com\/fr\/wp-json\/wp\/v2\/product\/140618\/revisions"}],"wp:featuredmedia":[{"embeddable":true,"href":"https:\/\/hibike.com\/fr\/wp-json\/wp\/v2\/media\/424705"}],"wp:attachment":[{"href":"https:\/\/hibike.com\/fr\/wp-json\/wp\/v2\/media?parent=140618"}],"wp:term":[{"taxonomy":"product_brand","embeddable":true,"href":"https:\/\/hibike.com\/fr\/wp-json\/wp\/v2\/product_brand?post=140618"},{"taxonomy":"product_cat","embeddable":true,"href":"https:\/\/hibike.com\/fr\/wp-json\/wp\/v2\/product_cat?post=140618"},{"taxonomy":"product_tag","embeddable":true,"href":"https:\/\/hibike.com\/fr\/wp-json\/wp\/v2\/product_tag?post=140618"}],"curies":[{"name":"wp","href":"https:\/\/api.w.org\/{rel}","templated":true}]}}