{"id":146643,"date":"2026-02-18T11:57:01","date_gmt":"2026-02-18T10:57:01","guid":{"rendered":"https:\/\/hibike.com\/shop\/non%20class\u00e9\/fox-float-dps-3pos-evol-performance-series-daempfer-210x55mm-mod-2021-bulk\/"},"modified":"2026-04-16T02:04:09","modified_gmt":"2026-04-16T00:04:09","slug":"fox-float-dps-3pos-evol-performance-series-daempfer-210x55mm-mod-2021-bulk","status":"publish","type":"product","link":"https:\/\/hibike.com\/fr\/shop\/composants_fr\/muet_fr\/registre-dair_fr\/fox-float-dps-3pos-evol-performance-series-daempfer-210x55mm-mod-2021-bulk\/","title":{"rendered":"Amortisseur Fox Float DPS 3pos Evol Performance Series Mod. 210x55mm Mod. 2021 (EN VRAC)"},"content":{"rendered":"<h2>Fox Float DPS Performance \u2013 Votre r\u00e9volution en mati\u00e8re de trail<\/h2>\n<div class=\"eshopcontent\">\n<div data-role=\"descmain\">\n<p>Faites l&rsquo;exp\u00e9rience du contr\u00f4le pur et de l&rsquo;efficacit\u00e9 sur tous les trails. Le Fox Float DPS 3pos Evol transmet votre puissance de p\u00e9dalage directement au sol et absorbe les chocs comme aucun autre. Parfait pour les cyclistes sportifs qui en veulent plus.  <\/p>\n<\/div>\n<div data-role=\"desclong\">\n<h3>Pourquoi vous allez adorer cet amortisseur<\/h3>\n<p>Imaginez que vous d\u00e9valez les sentiers en sentant chaque bosse sans perdre d&rsquo;\u00e9nergie. C&rsquo;est le Fox Float DPS Performance. Avec le syst\u00e8me de chambre \u00e0 air EVOL LV, il r\u00e9agit de mani\u00e8re ultrasensible aux petits chocs. Le syst\u00e8me Dual Piston assure un amortissement pr\u00e9cis en mode Open, Medium et Firm. Vous l&rsquo;adaptez facilement \u00e0 vos sensations de pilotage et profitez d&rsquo;une traction maximale. Le bo\u00eetier en aluminium l\u00e9ger permet de r\u00e9duire le poids. Le gamechanger absolu pour les randonn\u00e9es ambitieuses et les descentes difficiles.      <\/p>\n<\/div>\n<div data-role=\"spec\">\n<h3>sp\u00e9cification<\/h3>\n<table>\n<thead>\n<tr>\n<th>fonctionnalit\u00e9<\/th>\n<th>Description<\/th>\n<\/tr>\n<\/thead>\n<tbody>\n<tr>\n<td>rev\u00eatement<\/td>\n<td>Anodis\u00e9 noir (Performance)<\/td>\n<\/tr>\n<tr>\n<td>Syst\u00e8me d&rsquo;amortissement<\/td>\n<td>Syst\u00e8me \u00e0 double piston (DPS) avec levier \u00e0 3 positions (Ouvert\/Moyen\/Ferm\u00e9)<\/td>\n<\/tr>\n<tr>\n<td>Domaine d&rsquo;application<\/td>\n<td>Trail, All-Mountain, Enduro<\/td>\n<\/tr>\n<tr>\n<td>Longueur d&rsquo;installation x course<\/td>\n<td>210 x 55 mm<\/td>\n<\/tr>\n<tr>\n<td>suspension<\/td>\n<td>Suspension pneumatique EVOL LV (grand volume)<\/td>\n<\/tr>\n<tr>\n<td>Poids<\/td>\n<td>Environ 270 g<\/td>\n<\/tr>\n<tr>\n<td>Pression d&rsquo;air max.<\/td>\n<td>350 psi (24,1 bar)<\/td>\n<\/tr>\n<tr>\n<td>Mat\u00e9riau du bo\u00eetier<\/td>\n<td>Aluminium<\/td>\n<\/tr>\n<tr>\n<td>Mat\u00e9riau de la tige<\/td>\n<td>Aluminium<\/td>\n<\/tr>\n<tr>\n<td>R\u00e9gler<\/td>\n<td>R\u00e9glage des performances avec entretoise<\/td>\n<\/tr>\n<tr>\n<td>Rebond<\/td>\n<td>Oui<\/td>\n<\/tr>\n<\/tbody>\n<\/table>\n<\/div>\n<div data-role=\"scope\">\n<h3>Lunettes de renard<\/h3>\n<p>R\u00e9f\u00e9rence : 972-72-198<br \/> Description : 2023_21, FLOAT DPS, PS, A, 3pos, Evol LV, Santa Cruz, Hightower, 210, 55, Entretoise 0,2, LCM, LRL01, CML, Logo standard<\/p>\n<h3>&nbsp;<\/h3>\n<h3>\u00c9tendue de la prestation<\/h3>\n<ul>\n<li>Amortisseur Fox Float DPS Performance 210&#215;55 mm<\/li>\n<\/ul>\n<\/div>\n<\/div>\n<table class=\"hibike-specs\">\n<tr>\n<th>Marque<\/th>\n<td>Fox Racing Shox<\/td>\n<\/tr>\n<tr>\n<th>EAN<\/th>\n<td>0652508455822<\/td>\n<\/tr>\n<tr>\n<th>MPN<\/th>\n<td>972-72-198<\/td>\n<\/tr>\n<\/table>\n","protected":false},"excerpt":{"rendered":"<p>Fox Float DPS Performance \u2013 Votre r\u00e9volution en mati\u00e8re de trail Faites l&rsquo;exp\u00e9rience du contr\u00f4le pur et de l&rsquo;efficacit\u00e9 sur tous les trails. Le Fox Float DPS 3pos Evol transmet votre puissance de p\u00e9dalage directement au sol et absorbe les chocs comme aucun autre. Parfait pour les cyclistes sportifs qui en veulent plus. Pourquoi vous [&hellip;]<\/p>\n","protected":false},"featured_media":247200,"comment_status":"open","ping_status":"closed","template":"","meta":[],"product_brand":[22510],"product_cat":[5723,16937,16938],"product_tag":[19554],"class_list":{"0":"post-146643","1":"product","2":"type-product","3":"status-publish","4":"has-post-thumbnail","6":"product_brand-fox-racing-shox","7":"product_cat-composants_fr","8":"product_cat-muet_fr","9":"product_cat-registre-dair_fr","10":"product_tag-bulk","11":"product_shipping_class-klein-ersatzteile","13":"first","14":"instock","15":"sale","16":"taxable","17":"shipping-taxable","18":"purchasable","19":"product-type-simple"},"_links":{"self":[{"href":"https:\/\/hibike.com\/fr\/wp-json\/wp\/v2\/product\/146643","targetHints":{"allow":["GET"]}}],"collection":[{"href":"https:\/\/hibike.com\/fr\/wp-json\/wp\/v2\/product"}],"about":[{"href":"https:\/\/hibike.com\/fr\/wp-json\/wp\/v2\/types\/product"}],"replies":[{"embeddable":true,"href":"https:\/\/hibike.com\/fr\/wp-json\/wp\/v2\/comments?post=146643"}],"version-history":[{"count":1,"href":"https:\/\/hibike.com\/fr\/wp-json\/wp\/v2\/product\/146643\/revisions"}],"predecessor-version":[{"id":471963,"href":"https:\/\/hibike.com\/fr\/wp-json\/wp\/v2\/product\/146643\/revisions\/471963"}],"wp:featuredmedia":[{"embeddable":true,"href":"https:\/\/hibike.com\/fr\/wp-json\/wp\/v2\/media\/247200"}],"wp:attachment":[{"href":"https:\/\/hibike.com\/fr\/wp-json\/wp\/v2\/media?parent=146643"}],"wp:term":[{"taxonomy":"product_brand","embeddable":true,"href":"https:\/\/hibike.com\/fr\/wp-json\/wp\/v2\/product_brand?post=146643"},{"taxonomy":"product_cat","embeddable":true,"href":"https:\/\/hibike.com\/fr\/wp-json\/wp\/v2\/product_cat?post=146643"},{"taxonomy":"product_tag","embeddable":true,"href":"https:\/\/hibike.com\/fr\/wp-json\/wp\/v2\/product_tag?post=146643"}],"curies":[{"name":"wp","href":"https:\/\/api.w.org\/{rel}","templated":true}]}}