{"id":147327,"date":"2026-02-18T12:51:53","date_gmt":"2026-02-18T11:51:53","guid":{"rendered":"https:\/\/hibike.com\/shop\/non%20class\u00e9\/cervelo-s5-ultegra-di2-gr-56cm-five-black-mod-2026\/"},"modified":"2026-04-02T16:22:41","modified_gmt":"2026-04-02T14:22:41","slug":"cervelo-s5-ultegra-di2-gr-56cm-five-black-mod-2026","status":"publish","type":"product","link":"https:\/\/hibike.com\/fr\/shop\/velo_fr\/velos-de-course_fr\/cervelo-s5-ultegra-di2-gr-56cm-five-black-mod-2026\/","title":{"rendered":"Cerv\u00e9lo S5 Ultegra Di2"},"content":{"rendered":"<div class=\"eshopcontent\">\n<div data-role=\"descmain\">\n<h2>Performances maximales, vitesse pure : le nouveau S5 Ultegra Di2<\/h2>\n<p>Envie de vitesse maximale et de technologies de pointe&nbsp;? Le S5 Ultegra Di2 vous propulsera vers de nouveaux sommets. Design a\u00e9rodynamique, rigidit\u00e9 sans compromis et pr\u00e9cision \u00e9lectronique Shimano&nbsp;: ce v\u00e9lo de route a\u00e9rodynamique est con\u00e7u pour les cyclistes passionn\u00e9s qui veulent ressentir la diff\u00e9rence en comp\u00e9tition comme sur les longues distances. Enfourchez-le, go\u00fbtez \u00e0 la vitesse et battez vos records&nbsp;!   <\/p>\n<\/div>\n<div data-role=\"desclong\">\n<h3>Pr\u00eat pour la comp\u00e9tition&nbsp;: Le S5 Ultegra Di2 en bref<\/h3>\n<p>Le S5 Ultegra Di2 est un v\u00e9ritable v\u00e9lo de course con\u00e7u pour les passionn\u00e9s de vitesse, les sp\u00e9cialistes du contre-la-montre et tous ceux qui souhaitent se d\u00e9marquer dans le peloton. Avec son cadre en carbone ultra-a\u00e9rodynamique, sa g\u00e9om\u00e9trie agressive et son d\u00e9gagement pour pneus jusqu&rsquo;\u00e0 34 mm, ce v\u00e9lo \u00e9tablit une nouvelle r\u00e9f\u00e9rence. Le passage de c\u00e2bles enti\u00e8rement interne et la transmission \u00e9lectronique Shimano Ultegra Di2 \u00e0 12 vitesses garantissent une esth\u00e9tique \u00e9pur\u00e9e et des changements de vitesse ultra-rapides. Gr\u00e2ce aux freins \u00e0 disque hydrauliques et aux roues a\u00e9rodynamiques l\u00e9g\u00e8res et rigides, vous garderez toujours une ma\u00eetrise totale, m\u00eame \u00e0 haute vitesse et dans les virages serr\u00e9s.   <\/p>\n<h3>Principales caract\u00e9ristiques pour les exigences sportives<\/h3>\n<p>Ses performances exceptionnelles \u00e0 l&rsquo;acc\u00e9l\u00e9ration et en aspiration, son poids plume et la fiabilit\u00e9 de ses composants Shimano sont particuli\u00e8rement remarquables. Que ce soit pour des entra\u00eenements intensifs ou des comp\u00e9titions exigeantes, le S5 vous permettra d&rsquo;exprimer pleinement votre potentiel. <\/p>\n<\/div>\n<div data-role=\"spec\">\n<h3>sp\u00e9cification<\/h3>\n<table>\n<thead>\n<tr>\n<th>fonctionnalit\u00e9<\/th>\n<th>Description<\/th>\n<\/tr>\n<\/thead>\n<tbody>\n<tr>\n<td>freins<\/td>\n<td>Freins \u00e0 disque hydrauliques Shimano Ultegra<\/td>\n<\/tr>\n<tr>\n<td>Cassette<\/td>\n<td>Shimano Ultegra, 11-30 ou 11-34, 12 vitesses<\/td>\n<\/tr>\n<tr>\n<td>Fourchette<\/td>\n<td>Cerv\u00e9lo All-Carbon, Ba\u00efonnette S5<\/td>\n<\/tr>\n<tr>\n<td>Tailles<\/td>\n<td>48, 51, 54, 56, 58 (selon le d\u00e9taillant)<\/td>\n<\/tr>\n<tr>\n<td>manivelle<\/td>\n<td>Shimano Ultegra R8100, 52\/36 dents, 12 vitesses<\/td>\n<\/tr>\n<tr>\n<td>roues<\/td>\n<td>Pneus Zipp ZR1 ST Reserve 52 (avant) et Reserve 63 (arri\u00e8re), compatibles Tubeless.<\/td>\n<\/tr>\n<tr>\n<td>guidon<\/td>\n<td>Cerv\u00e9lo HB14 Carbon<\/td>\n<\/tr>\n<tr>\n<td>Largeur maximale du pneu<\/td>\n<td>jusqu&rsquo;\u00e0 34 mm<\/td>\n<\/tr>\n<tr>\n<td>Cadre<\/td>\n<td>Carbon Aero, exclusivement \u00e9lectronique<\/td>\n<\/tr>\n<tr>\n<td>Pneus<\/td>\n<td>Pneus Vittoria Corsa Pro TLR 700x28c ou 29c<\/td>\n<\/tr>\n<tr>\n<td>selle<\/td>\n<td>Selle Italia NOVUS BOOST EVO SuperFlow Ti<\/td>\n<\/tr>\n<tr>\n<td>tige de selle<\/td>\n<td>Cerv\u00e9lo SP20 Carbon<\/td>\n<\/tr>\n<tr>\n<td>circuit<\/td>\n<td>Shimano Ultegra Di2 R8150, 12 vitesses, \u00e9lectronique<\/td>\n<\/tr>\n<tr>\n<td>taux d&rsquo;imposition<\/td>\n<td>FSA IS2, 1-1\/8 x 1-3\/8<\/td>\n<\/tr>\n<tr>\n<td>Axes traversants<\/td>\n<td>Cerv\u00e9lo Aero, 12&#215;100\/142 mm<\/td>\n<\/tr>\n<\/tbody>\n<\/table>\n<\/div>\n<div data-role=\"scope\">\n<h3>\u00c9tendue de la prestation<\/h3>\n<ul>\n<li>V\u00e9lo de route S5 enti\u00e8rement assembl\u00e9 (Ultegra Di2, 12 vitesses)<\/li>\n<li>Housse de protection pour cadre et fourche (protection pour le transport)<\/li>\n<li>Chargeur pour Shimano Di2<\/li>\n<li>Manuel d&amp;#39;utilisation et supports d&amp;#39;accessoires Cerv\u00e9lo (par exemple pour ordinateurs ou accessoires)<\/li>\n<li>Petites pi\u00e8ces et outils<\/li>\n<\/ul>\n<\/div>\n<div data-role=\"accessories\">\n<h3>Recommandations d&rsquo;accessoires<\/h3>\n<table>\n<thead>\n<tr>\n<th>Accessoires<\/th>\n<th>Pourquoi vous en avez besoin<\/th>\n<\/tr>\n<\/thead>\n<tbody>\n<tr>\n<td>Compteur GPS pour v\u00e9lo Garmin Edge 840<\/td>\n<td>Montage a\u00e9rodynamique optimal possible, mesure de puissance fiable et navigation performante \u00e0 chaque sortie.<\/td>\n<\/tr>\n<tr>\n<td>Ensemble de porte-bidons en carbone Cerv\u00e9lo<\/td>\n<td>L\u00e9ger, a\u00e9rodynamique et d&rsquo;une apparence id\u00e9ale, il reste fermement fix\u00e9 au cadre m\u00eame \u00e0 grande vitesse.<\/td>\n<\/tr>\n<tr>\n<td>Ceinture pectorale de fr\u00e9quence cardiaque Wahoo Tickr<\/td>\n<td>Associez un contr\u00f4le de l&rsquo;entra\u00eenement bas\u00e9 sur les donn\u00e9es \u00e0 une efficacit\u00e9 maximale dans l&rsquo;entra\u00eenement \u00e0 la comp\u00e9tition.<\/td>\n<\/tr>\n<tr>\n<td>Sacoche de selle Zipp Service Course SL<\/td>\n<td>Un espace \u00e9l\u00e9gant pour les outils et le tuyau de rechange \u2013 n&rsquo;affecte quasiment pas l&rsquo;a\u00e9rodynamisme et reste solidement fix\u00e9.<\/td>\n<\/tr>\n<tr>\n<td>Batterie de remplacement Shimano Di2 BT-DN300<\/td>\n<td>La s\u00e9curit\u00e9 lors des comp\u00e9titions et des entra\u00eenements de longue dur\u00e9e \u2013 une batterie de rechange vaut son pesant d&rsquo;or en course.<\/td>\n<\/tr>\n<\/tbody>\n<\/table>\n<\/div>\n<div data-role=\"testimonials\">\n<h3>Voici notre avis \u00e0 ce sujet<\/h3>\n<p>Avec le S5 Ultegra Di2, vous \u00eates pleinement engag\u00e9 dans une conception a\u00e9rodynamique innovante et une pr\u00e9cision maximale en comp\u00e9tition \u2013 chaque d\u00e9tail vous fait progresser.<\/p>\n<p>\u00ab D\u00e8s les premiers tours de roue, je ressens imm\u00e9diatement la rigidit\u00e9 et l&rsquo;efficacit\u00e9 du cadre \u2013 une v\u00e9ritable fus\u00e9e ! \u00bb<\/p>\n<p>\u00ab Le passage des vitesses \u00e9lectronique est ultra-rapide, et les freins \u00e0 disque sont un vrai plaisir \u00e0 utiliser dans tous les virages. \u00bb<\/p>\n<p>De nombreux utilisateurs font \u00e9tat de temps au tour nettement am\u00e9lior\u00e9s et d&rsquo;une exp\u00e9rience de conduite exceptionnellement s\u00fbre, m\u00eame \u00e0 vitesse maximale.<\/p>\n<p>La S5 excelle v\u00e9ritablement en comp\u00e9tition, impressionnant les pilotes ambitieux par son excellente maniabilit\u00e9 et son design ultramoderne.<\/p>\n<\/div>\n<\/div>\n<table class=\"hibike-specs\">\n<tr>\n<th>marque<\/th>\n<td>Cerv\u00e9lo<\/td>\n<\/tr>\n<tr>\n<th>EAN<\/th>\n<td>0616663232094<\/td>\n<\/tr>\n<tr>\n<th>MPN<\/th>\n<td>0L0S5GUI1C56<\/td>\n<\/tr>\n<\/table>\n","protected":false},"excerpt":{"rendered":"<p>Performances maximales, vitesse pure : le nouveau S5 Ultegra Di2 Envie de vitesse maximale et de technologies de pointe&nbsp;? Le S5 Ultegra Di2 vous propulsera vers de nouveaux sommets. Design a\u00e9rodynamique, rigidit\u00e9 sans compromis et pr\u00e9cision \u00e9lectronique Shimano&nbsp;: ce v\u00e9lo de route a\u00e9rodynamique est con\u00e7u pour les cyclistes passionn\u00e9s qui veulent ressentir la diff\u00e9rence en [&hellip;]<\/p>\n","protected":false},"featured_media":248905,"comment_status":"open","ping_status":"closed","template":"","meta":[],"product_brand":[22520],"product_cat":[16969,16970],"product_tag":[],"class_list":{"0":"post-147327","1":"product","2":"type-product","3":"status-publish","4":"has-post-thumbnail","6":"product_brand-cervelo","7":"product_cat-velo_fr","8":"product_cat-velos-de-course_fr","9":"product_shipping_class-fahrrad","10":"pa_farbe-noir","11":"pa_groesse-56cm","13":"first","14":"instock","15":"sale","16":"taxable","17":"shipping-taxable","18":"purchasable","19":"product-type-variable"},"_links":{"self":[{"href":"https:\/\/hibike.com\/fr\/wp-json\/wp\/v2\/product\/147327","targetHints":{"allow":["GET"]}}],"collection":[{"href":"https:\/\/hibike.com\/fr\/wp-json\/wp\/v2\/product"}],"about":[{"href":"https:\/\/hibike.com\/fr\/wp-json\/wp\/v2\/types\/product"}],"replies":[{"embeddable":true,"href":"https:\/\/hibike.com\/fr\/wp-json\/wp\/v2\/comments?post=147327"}],"version-history":[{"count":0,"href":"https:\/\/hibike.com\/fr\/wp-json\/wp\/v2\/product\/147327\/revisions"}],"wp:featuredmedia":[{"embeddable":true,"href":"https:\/\/hibike.com\/fr\/wp-json\/wp\/v2\/media\/248905"}],"wp:attachment":[{"href":"https:\/\/hibike.com\/fr\/wp-json\/wp\/v2\/media?parent=147327"}],"wp:term":[{"taxonomy":"product_brand","embeddable":true,"href":"https:\/\/hibike.com\/fr\/wp-json\/wp\/v2\/product_brand?post=147327"},{"taxonomy":"product_cat","embeddable":true,"href":"https:\/\/hibike.com\/fr\/wp-json\/wp\/v2\/product_cat?post=147327"},{"taxonomy":"product_tag","embeddable":true,"href":"https:\/\/hibike.com\/fr\/wp-json\/wp\/v2\/product_tag?post=147327"}],"curies":[{"name":"wp","href":"https:\/\/api.w.org\/{rel}","templated":true}]}}