{"id":147502,"date":"2026-02-18T11:51:48","date_gmt":"2026-02-18T10:51:48","guid":{"rendered":"https:\/\/hibike.com\/shop\/non%20class\u00e9\/cervelo-schaltauge-direct-mount-fuer-aspero-caledonia-s-r-p-px-se-bulk\/"},"modified":"2026-04-02T06:02:12","modified_gmt":"2026-04-02T04:02:12","slug":"cervelo-schaltauge-direct-mount-fuer-aspero-caledonia-s-r-p-px-se-bulk","status":"publish","type":"product","link":"https:\/\/hibike.com\/fr\/shop\/velo_fr\/cadre_fr\/accessoires\/cervelo-schaltauge-direct-mount-fuer-aspero-caledonia-s-r-p-px-se-bulk\/","title":{"rendered":"Patte de d\u00e9railleur Cervelo \u00e0 fixation directe pour Aspero\/Caledonia\/S-\/RP-\/PX-SE (EN VRAC)"},"content":{"rendered":"<div data-mblanguageid=\"1\">\n<div data-role=\"descmain\">\n<h2>patte de d\u00e9railleur Cerv\u00e9lo \u00e0 fixation directe<\/h2>\n<p>Patte de d\u00e9railleur Cervelo montage direct pour Aspero\/Caledonia\/S-\/RP-\/PX-SE<\/p>\n<\/div>\n<div data-role=\"desclong\">&nbsp;<\/div>\n<div data-role=\"highlight\">\n<p>Compatible avec les mod\u00e8les suivants&nbsp;:<\/p>\n<ul>\n<li>Aspero<\/li>\n<li>Aspero-5<\/li>\n<li>Cal\u00e9donie<\/li>\n<li>Cal\u00e9donie-5<\/li>\n<li>R3 et s\u00e9rie R \u00e0 partir de 2019<\/li>\n<li>R5 de 2019<\/li>\n<li>P5 de 2019<\/li>\n<li>S\u00e9rie P \u00e0 partir de 2019<\/li>\n<li>PX\/P3X<\/li>\n<li>Soliste<\/li>\n<\/ul>\n<p>&nbsp;<\/p>\n<p>pour les axes traversants filet\u00e9s<\/p>\n<p>SUPPORT DE D\u00c9RAILLEUR ARRI\u00c8RE POUR AXES FILET\u00c9S<\/p>\n<\/div>\n<div data-role=\"spec\">&nbsp;<\/div>\n<div data-role=\"tech\">&nbsp;<\/div>\n<div data-role=\"scope\">\n<h3>\u00c9tendue de la prestation<\/h3>\n<ul>\n<li>1 x patte de d\u00e9railleur Cervelo Direct Mount pour Aspero\/Caledonia\/S-\/RP-\/PX-SE (emballage en vrac) (voir la description de l&rsquo;article pour plus de d\u00e9tails)<\/li>\n<\/ul>\n<\/div>\n<div data-role=\"video\">&nbsp;<\/div>\n<\/div>\n<table class=\"hibike-specs\">\n<tr>\n<th>marque<\/th>\n<td>Cerv\u00e9lo<\/td>\n<\/tr>\n<tr>\n<th>EAN<\/th>\n<td>04255898601129<\/td>\n<\/tr>\n<\/table>\n","protected":false},"excerpt":{"rendered":"<div data-mblanguageid=\"1\">\n<div data-role=\"descmain\">\n<h2>Cervelo Schaltauge Direct Mount<\/h2>\n<p>Cervelo Schaltauge Direct Mount f&uuml;r Aspero\/Caledonia\/S-\/R-P-\/PX-SE<\/p>\n<\/div>\n<div data-role=\"desclong\">&nbsp;<\/div>\n<div data-role=\"highlight\">\n<p>passt f&uuml;r folgende Modelle:<\/p>\n<ul>\n<li>Aspero<\/li>\n<li>Aspero-5<\/li>\n<li>Caledonia<\/li>\n<li>Caledonia-5<\/li>\n<li>R3 und R-Series ab 2019<\/li>\n<li>R5 ab 2019<\/li>\n<li>P5 ab 2019<\/li>\n<li>P-Series ab 2019<\/li>\n<li>PX\/P3X<\/li>\n<li>Soloist<\/li>\n<\/ul>\n<p>&nbsp;<\/p>\n<p>f&uuml;r Steckachsen mit Gewinde<\/p>\n<p>REAR DERAILLEUR HANGER FOR THREADED THROUGH AXLES<\/p>\n<\/div>\n<div data-role=\"spec\">&nbsp;<\/div>\n<div data-role=\"tech\">&nbsp;<\/div>\n<div data-role=\"scope\">\n<h3>Lieferumfang<\/h3>\n<ul>\n<li>1 x Cervelo Schaltauge Direct Mount f&uuml;r Aspero\/Caledonia\/S-\/R-P-\/PX-SE (BULK-Verpackung) (siehe Artikelbeschreibung f&uuml;r Details)<\/li>\n<\/ul>\n<\/div>\n<div data-role=\"video\">&nbsp;<\/div>\n<\/div>\n","protected":false},"featured_media":248809,"comment_status":"open","ping_status":"closed","template":"","meta":[],"product_brand":[22520],"product_cat":[16969,16998,23245],"product_tag":[19554],"class_list":{"0":"post-147502","1":"product","2":"type-product","3":"status-publish","4":"has-post-thumbnail","6":"product_brand-cervelo","7":"product_cat-velo_fr","8":"product_cat-cadre_fr","9":"product_cat-accessoires","10":"product_tag-bulk","11":"product_shipping_class-klein-ersatzteile","13":"first","14":"instock","15":"sale","16":"taxable","17":"shipping-taxable","18":"purchasable","19":"product-type-simple"},"_links":{"self":[{"href":"https:\/\/hibike.com\/fr\/wp-json\/wp\/v2\/product\/147502","targetHints":{"allow":["GET"]}}],"collection":[{"href":"https:\/\/hibike.com\/fr\/wp-json\/wp\/v2\/product"}],"about":[{"href":"https:\/\/hibike.com\/fr\/wp-json\/wp\/v2\/types\/product"}],"replies":[{"embeddable":true,"href":"https:\/\/hibike.com\/fr\/wp-json\/wp\/v2\/comments?post=147502"}],"version-history":[{"count":0,"href":"https:\/\/hibike.com\/fr\/wp-json\/wp\/v2\/product\/147502\/revisions"}],"wp:featuredmedia":[{"embeddable":true,"href":"https:\/\/hibike.com\/fr\/wp-json\/wp\/v2\/media\/248809"}],"wp:attachment":[{"href":"https:\/\/hibike.com\/fr\/wp-json\/wp\/v2\/media?parent=147502"}],"wp:term":[{"taxonomy":"product_brand","embeddable":true,"href":"https:\/\/hibike.com\/fr\/wp-json\/wp\/v2\/product_brand?post=147502"},{"taxonomy":"product_cat","embeddable":true,"href":"https:\/\/hibike.com\/fr\/wp-json\/wp\/v2\/product_cat?post=147502"},{"taxonomy":"product_tag","embeddable":true,"href":"https:\/\/hibike.com\/fr\/wp-json\/wp\/v2\/product_tag?post=147502"}],"curies":[{"name":"wp","href":"https:\/\/api.w.org\/{rel}","templated":true}]}}