{"id":147664,"date":"2026-02-18T13:51:42","date_gmt":"2026-02-18T12:51:42","guid":{"rendered":"https:\/\/hibike.com\/shop\/non%20class\u00e9\/kona-libre-gloss-mod-2024\/"},"modified":"2026-03-09T17:18:23","modified_gmt":"2026-03-09T16:18:23","slug":"kona-libre-gloss-mod-2024","status":"publish","type":"product","link":"https:\/\/hibike.com\/fr\/shop\/composants_fr\/pneus-et-chambres-a-air_fr\/kona-libre-gloss-mod-2024\/","title":{"rendered":"Kona Libre"},"content":{"rendered":"<div id=\"tested_product\">\n<p class=\"tested_product_head\">Avis<\/p>\n<p>Les images et sp\u00e9cifications des produits pr\u00e9sent\u00e9s sont donn\u00e9es \u00e0 titre indicatif seulement et peuvent varier au cours de la saison. Le fabricant se r\u00e9serve le droit de remplacer les composants illustr\u00e9s par des composants \u00e9quivalents ou sup\u00e9rieurs, \u00e0 condition que le type de v\u00e9lo et son utilisation pr\u00e9vue restent inchang\u00e9s. L\u2019utilisation d\u2019autres composants est due \u00e0 des probl\u00e8mes d\u2019approvisionnement et \u00e0 des arr\u00eats de production.<\/p>\n<\/div>\n<div class=\"eshopcontent\">\n<div data-role=\"descmain\">\n<h2>La prochaine aventure vous attend \u2013 avec le Kona Libre<\/h2>\n<p>L\u00e9g\u00e8re, rapide et pr\u00eate \u00e0 affronter tous les terrains, la Libre vous emm\u00e8ne sur de nouveaux sentiers et vous garantit un plaisir de pilotage maximal. Que ce soit sur gravier, asphalte ou en bikepacking, vous d\u00e9couvrirez une libert\u00e9 et des performances in\u00e9dites. Ressentez le dynamisme \u00e0 chaque coup de p\u00e9dale et profitez d&rsquo;un confort optimal m\u00eame lors des longues sorties.    <\/p>\n<\/div>\n<div data-role=\"desclong\">\n<h3>Votre v\u00e9lo gravel pour les d\u00e9fis sportifs<\/h3>\n<p>Le Kona Libre est id\u00e9al pour les cyclistes sportifs en qu\u00eate d&rsquo;aventure authentique et exigeants. Sa construction robuste, sa g\u00e9om\u00e9trie \u00e9quilibr\u00e9e et ses composants modernes font de chaque sortie une exp\u00e9rience unique. Ce v\u00e9lo offre un d\u00e9gagement de pneu g\u00e9n\u00e9reux, une int\u00e9gration astucieuse et une position de conduite \u00e9quilibr\u00e9e. L&rsquo;association d&rsquo;un cadre en aluminium performant et d&rsquo;une fourche en carbone garantit une maniabilit\u00e9 ais\u00e9e et un confort exceptionnel sur les terrains accident\u00e9s.   <\/p>\n<h3>Exp\u00e9rience de conduite pour conducteurs exigeants<\/h3>\n<p>Que ce soit pour une petite vir\u00e9e apr\u00e8s le travail, une longue randonn\u00e9e sur chemins de gravier ou un voyage \u00e0 v\u00e9lo plus exigeant, le Libre est ultra-sportif, r\u00e9actif et vous donne toujours l&rsquo;impression de vous surpasser. Ses pneus larges offrent une excellente adh\u00e9rence et une s\u00e9curit\u00e9 optimale. Gr\u00e2ce \u00e0 ses points de fixation bien con\u00e7us pour les porte-bidons et autres accessoires, vous b\u00e9n\u00e9ficiez d&rsquo;une grande flexibilit\u00e9 en toutes circonstances.   <\/p>\n<\/div>\n<div data-role=\"spec\">\n<h3>sp\u00e9cification<\/h3>\n<table>\n<thead>\n<tr>\n<th>fonctionnalit\u00e9<\/th>\n<th>Description<\/th>\n<\/tr>\n<\/thead>\n<tbody>\n<tr>\n<td>Cadre<\/td>\n<td>Cadre Kona en aluminium 6061 \u00e0 \u00e9paisseur variable, fixations pour porte-bidons (2x), porte-bagages, sacoche de cadre, c\u00e2ble de frein interne, durite de frein externe<\/td>\n<\/tr>\n<tr>\n<td>Fourchette<\/td>\n<td>Kona Libre Carbon, axe traversant 12&#215;100 mm, fixation plate, \u0153illets pour fixation de sacoche<\/td>\n<\/tr>\n<tr>\n<td>guidon<\/td>\n<td>Guidon Kona Road Dropbar avec guidoline en li\u00e8ge confortable<\/td>\n<\/tr>\n<tr>\n<td>tige<\/td>\n<td>Route de Kona<\/td>\n<\/tr>\n<tr>\n<td>casque<\/td>\n<td>Num\u00e9ro FSA 57B<\/td>\n<\/tr>\n<tr>\n<td>Levier de frein\/de changement de vitesse<\/td>\n<td>SRAM Apex, 1&#215;11 vitesses<\/td>\n<\/tr>\n<tr>\n<td>manivelle<\/td>\n<td>SRAM Apex, 40 dents<\/td>\n<\/tr>\n<tr>\n<td>bo\u00eetier de p\u00e9dalier<\/td>\n<td>SRAM GXP, 68 mm (bo\u00eetier BSA)<\/td>\n<\/tr>\n<tr>\n<td>cassette<\/td>\n<td>Cassette SRAM PG-1130, 11-42 dents<\/td>\n<\/tr>\n<tr>\n<td>Cha\u00eene<\/td>\n<td>SRAM PC-1110<\/td>\n<\/tr>\n<tr>\n<td>freins<\/td>\n<td>Freins \u00e0 disque m\u00e9caniques\/hydrauliques TRP HDC711C<\/td>\n<\/tr>\n<tr>\n<td>selle<\/td>\n<td>Recherche Volt<\/td>\n<\/tr>\n<tr>\n<td>hubs<\/td>\n<td>Formule 100&#215;12 mm\/12&#215;142 mm<\/td>\n<\/tr>\n<tr>\n<td>Taille des roues<\/td>\n<td>28&Prime; \/ 700\u00b0C<\/td>\n<\/tr>\n<tr>\n<td>Jantes<\/td>\n<td>Recherche ST i23 TCS 2.0<\/td>\n<\/tr>\n<tr>\n<td>Pneus<\/td>\n<td>Maxxis Rambler Silkshield TR 700x45c<\/td>\n<\/tr>\n<tr>\n<td>Largeur maximale du pneu<\/td>\n<td>700x45C (sp\u00e9cifications du fabricant, selon la combinaison jante\/pneu jusqu&rsquo;\u00e0 700x48C)<\/td>\n<\/tr>\n<\/tbody>\n<\/table>\n<\/div>\n<div data-role=\"scope\">\n<h3>\u00c9tendue de la prestation<\/h3>\n<ul>\n<li>1 x Kona Libre (voir la description de l&rsquo;article pour plus de d\u00e9tails)<\/li>\n<\/ul>\n<\/div>\n<\/div>\n<table class=\"hibike-specs\">\n<tr>\n<th>marque<\/th>\n<td>Kona<\/td>\n<\/tr>\n<tr>\n<th>EAN<\/th>\n<td>841073149117<\/td>\n<\/tr>\n<tr>\n<th>MPN<\/th>\n<td>B35LB50<\/td>\n<\/tr>\n<\/table>\n","protected":false},"excerpt":{"rendered":"<p>Avis Les images et sp\u00e9cifications des produits pr\u00e9sent\u00e9s sont donn\u00e9es \u00e0 titre indicatif seulement et peuvent varier au cours de la saison. Le fabricant se r\u00e9serve le droit de remplacer les composants illustr\u00e9s par des composants \u00e9quivalents ou sup\u00e9rieurs, \u00e0 condition que le type de v\u00e9lo et son utilisation pr\u00e9vue restent inchang\u00e9s. L\u2019utilisation d\u2019autres composants [&hellip;]<\/p>\n","protected":false},"featured_media":208503,"comment_status":"open","ping_status":"closed","template":"","meta":[],"product_brand":[22750],"product_cat":[16809],"product_tag":[],"class_list":{"0":"post-147664","1":"product","2":"type-product","3":"status-publish","4":"has-post-thumbnail","6":"product_brand-kona","7":"product_cat-pneus-et-chambres-a-air_fr","8":"product_shipping_class-fahrrad","9":"pa_farbe-gruen","10":"pa_groesse-20685","12":"first","13":"outofstock","14":"sale","15":"taxable","16":"shipping-taxable","17":"purchasable","18":"product-type-variable","19":"has-default-attributes"},"_links":{"self":[{"href":"https:\/\/hibike.com\/fr\/wp-json\/wp\/v2\/product\/147664","targetHints":{"allow":["GET"]}}],"collection":[{"href":"https:\/\/hibike.com\/fr\/wp-json\/wp\/v2\/product"}],"about":[{"href":"https:\/\/hibike.com\/fr\/wp-json\/wp\/v2\/types\/product"}],"replies":[{"embeddable":true,"href":"https:\/\/hibike.com\/fr\/wp-json\/wp\/v2\/comments?post=147664"}],"version-history":[{"count":0,"href":"https:\/\/hibike.com\/fr\/wp-json\/wp\/v2\/product\/147664\/revisions"}],"wp:featuredmedia":[{"embeddable":true,"href":"https:\/\/hibike.com\/fr\/wp-json\/wp\/v2\/media\/208503"}],"wp:attachment":[{"href":"https:\/\/hibike.com\/fr\/wp-json\/wp\/v2\/media?parent=147664"}],"wp:term":[{"taxonomy":"product_brand","embeddable":true,"href":"https:\/\/hibike.com\/fr\/wp-json\/wp\/v2\/product_brand?post=147664"},{"taxonomy":"product_cat","embeddable":true,"href":"https:\/\/hibike.com\/fr\/wp-json\/wp\/v2\/product_cat?post=147664"},{"taxonomy":"product_tag","embeddable":true,"href":"https:\/\/hibike.com\/fr\/wp-json\/wp\/v2\/product_tag?post=147664"}],"curies":[{"name":"wp","href":"https:\/\/api.w.org\/{rel}","templated":true}]}}