{"id":176888,"date":"2026-02-10T12:39:49","date_gmt":"2026-02-10T11:39:49","guid":{"rendered":"https:\/\/hibike.com\/montaggio-bici\/"},"modified":"2026-03-18T18:39:04","modified_gmt":"2026-03-18T17:39:04","slug":"montaggio-bici","status":"publish","type":"page","link":"https:\/\/hibike.com\/it\/montaggio-bici\/","title":{"rendered":"Montaggio bici"},"content":{"rendered":"\t\t<div data-elementor-type=\"wp-page\" data-elementor-id=\"176888\" class=\"elementor elementor-176888 elementor-42906\" data-elementor-post-type=\"page\">\n\t\t\t\t<div class=\"elementor-element elementor-element-8511d81 e-flex e-con-boxed e-con e-parent\" data-id=\"8511d81\" data-element_type=\"container\" data-e-type=\"container\">\n\t\t\t\t\t<div class=\"e-con-inner\">\n\t\t\t\t<div class=\"elementor-element elementor-element-091876b elementor-widget elementor-widget-html\" data-id=\"091876b\" data-element_type=\"widget\" data-e-type=\"widget\" data-widget_type=\"html.default\">\n\t\t\t\t\t<div class=\"bikefitting-page\">\r\n  <div class=\"content\">\r\n\r\n    <div class=\"section hero-section\">\r\n      <div class=\"hero-card\">\r\n        <div class=\"hero-content\">\r\n          <span class=\"hero-label\">Regolazione della bicicletta e prova su strada<\/span>\r\n          <h1>La tua configurazione ideale per la bici<\/h1>\r\n          <h2 class=\"hero-title\">Montaggio professionale della bici<\/h2>\r\n          <p class=\"hero-tagline\">Pi\u00f9 comfort. Pi\u00f9 potenza. Pi\u00f9 controllo.  <\/p>\r\n\r\n          <p class=\"hero-text\">\r\n  La corretta posizione di seduta \u00e8 fondamentale per il comfort, le prestazioni e il piacere di guida.\r\n  Grazie al nostro servizio professionale di bike fitting, adattiamo perfettamente la tua bici al tuo corpo.\r\n  Questo ridurr\u00e0 il disagio e ti garantir\u00e0 maggiore efficienza e controllo in ogni corsa.\r\n          <\/p>\r\n\r\n          <p class=\"hero-text\">\r\n  Vi offriamo diversi pacchetti per l'adattamento della bicicletta, da un controllo rapido a un'analisi pi\u00f9 completa.\r\n  Se desiderate provare una nuova bicicletta in loco, potete anche prenotare direttamente qui un giro di prova.\r\n          <\/p>\r\n\r\n          <div class=\"hero-actions\">\r\n            <a href=\"#pakete\" class=\"cta-button\">Visualizza i pacchetti<\/a>\r\n <a href=\"#termin\" class=\"cta-button cta-button-secondary\">Prenota un appuntamento<\/a>\r\n          <\/div>\r\n        <\/div>\r\n      <\/div>\r\n    <\/div>\r\n\r\n    <div class=\"section\" id=\"pakete\">\r\n      <h2 class=\"section-title\">I nostri pacchetti di bike fitting<\/h2>\r\n\r\n      <div class=\"package-grid\">\r\n        <div class=\"package\">\r\n          <h3>Regolazione base della bicicletta<\/h3>\r\n          <p class=\"tagline\">Il punto di partenza ideale per un maggiore comfort e una migliore posizione di partenza.<\/p>\r\n\r\n          <div class=\"package-info\">\r\n            <div class=\"info-item\">\r\n              <strong>Prezzo:<\/strong> \u20ac119\r\n            <\/div>\r\n          <\/div>\r\n\r\n          <h4>Fibre<\/h4>\r\n          <ul>\r\n            <li>Analisi della tua attuale posizione di seduta<\/li>\r\n            <li>Adattamento dei punti di contatto chiave<\/li>\r\n            <li>Ottimizzazione del comfort e della postura di base<\/li>\r\n          <\/ul>\r\n\r\n          <div class=\"result\">\r\n            <strong>Risultato:<\/strong> una posizione di guida nettamente pi\u00f9 comoda e un'esperienza di guida migliore in bicicletta.\r\n          <\/div>\r\n        <\/div>\r\n\r\n        <div class=\"package\">\r\n          <h3>Regolazione bici di alta qualit\u00e0<\/h3>\r\n          <p class=\"tagline\">Analisi pi\u00f9 approfondite, messe a punto pi\u00f9 precise e adattamenti ancora pi\u00f9 accurati per te e la tua bicicletta.<\/p>\r\n\r\n          <div class=\"package-info\">\r\n            <div class=\"info-item\">\r\n              <strong>Prezzo:<\/strong> \u20ac159\r\n            <\/div>\r\n          <\/div>\r\n\r\n          <h4>Fibre<\/h4>\r\n          <ul>\r\n            <li>Analisi pi\u00f9 dettagliata della tua posizione e dei tuoi schemi di movimento.<\/li>\r\n            <li>Regolazione fine di sella, manubrio e punti di contatto rilevanti<\/li>\r\n            <li>Ottimizzazione per maggiore comfort, efficienza e controllo<\/li>\r\n          <\/ul>\r\n\r\n          <div class=\"result\">\r\n            <strong>Risultato:<\/strong> una configurazione ancora pi\u00f9 personalizzata per prestazioni migliorate e un'esperienza di guida superiore.\r\n          <\/div>\r\n        <\/div>\r\n\r\n        <div class=\"package\">\r\n          <h3>Prenota un test drive<\/h3>\r\n          <p class=\"tagline\">Prova la bici dei tuoi sogni direttamente con noi in loco.<\/p>\r\n\r\n          <div class=\"package-info\">\r\n            <div class=\"info-item\">\r\n              <strong>Prezzo:<\/strong> gratuito\r\n            <\/div>\r\n          <\/div>\r\n\r\n          <h4>Fibre<\/h4>\r\n          <ul>\r\n            <li>Prova su strada alcuni modelli selezionati della nostra gamma.<\/li>\r\n            <li>Consigli su dimensioni, configurazione e ambito di applicazione<\/li>\r\n            <li>Possibilit\u00e0 di confrontare direttamente modelli diversi<\/li>\r\n          <\/ul>\r\n\r\n          <div class=\"result\">\r\n            <strong>Risultato:<\/strong> scopri qual \u00e8 la bicicletta che fa davvero al caso tuo.\r\n          <\/div>\r\n        <\/div>\r\n      <\/div>\r\n\r\n      <div class=\"notice-box\">\r\n        <strong>Un avviso:<\/strong><br> Seleziona semplicemente l'offerta pi\u00f9 adatta alle tue esigenze nello strumento di prenotazione: Bikefitting base, Bikefitting premium o Prova su strada.\r\n      <\/div>\r\n    <\/div>\r\n\r\n    <div class=\"section\" id=\"ablauf\">\r\n      <h2 class=\"section-title\">Cosa aspettarsi durante la regolazione della bicicletta<\/h2>\r\n\r\n      <div class=\"feature-grid\">\r\n        <div class=\"feature-card\">\r\n          <h3>Analisi della tua posizione di partenza<\/h3>\r\n          <p>\r\n  Esamineremo attentamente la tua attuale posizione di seduta, i tuoi schemi di movimento e i punti di contatto con la bicicletta.\r\n          <\/p>\r\n        <\/div>\r\n\r\n        <div class=\"feature-card\">\r\n          <h3>Personalizzazione individuale<\/h3>\r\n          <p>\r\n  La sella, il manubrio e gli altri componenti pertinenti saranno realizzati su misura per te e per le tue esigenze.\r\n          <\/p>\r\n        <\/div>\r\n\r\n        <div class=\"feature-card\">\r\n          <h3>Maggiore comfort ed efficienza<\/h3>\r\n          <p>\r\n  L'obiettivo \u00e8 una configurazione che riduca i punti di pressione, prevenga il disagio e supporti le tue prestazioni nel miglior modo possibile.\r\n          <\/p>\r\n        <\/div>\r\n\r\n        <div class=\"feature-card\">\r\n          <h3>Sensazione di guida diretta<\/h3>\r\n          <p>\r\n  Anche piccoli aggiustamenti possono fare una grande differenza, in termini di stabilit\u00e0, controllo e piacere di guida.\r\n          <\/p>\r\n        <\/div>\r\n      <\/div>\r\n    <\/div>\r\n\r\n    <div class=\"section\">\r\n      <h2 class=\"section-title\">Chi trae beneficio da un'analisi biomeccanica della bicicletta?<\/h2>\r\n\r\n      <div class=\"info-card\">\r\n        <ul>\r\n          <li>Per disturbi come intorpidimento delle mani, dolore al collo o problemi di postura.<\/li>\r\n          <li>Dopo un nuovo acquisto o quando si passa a una nuova bicicletta<\/li>\r\n          <li>Se vuoi migliorare le tue prestazioni e l'efficienza sulla bici<\/li>\r\n          <li>Per bici da strada, bici da gravel, mountain bike e ciclisti sportivi di tutti i giorni<\/li>\r\n        <\/ul>\r\n\r\n        <div class=\"result\">\r\n          <strong>\u00c8 utile sapere che<\/strong> la regolazione della bicicletta \u00e8 utile sia per i ciclisti pi\u00f9 ambiziosi sia per coloro che desiderano semplicemente pedalare in modo pi\u00f9 rilassato e senza dolori.\r\n        <\/div>\r\n      <\/div>\r\n    <\/div>\r\n\r\n    <div class=\"section\">\r\n      <h2 class=\"section-title\">La tua persona di contatto<\/h2>\r\n\r\n      <div class=\"profile-card\">\r\n        <div class=\"profile-image-wrap\">\r\n          <img decoding=\"async\" src=\"https:\/\/hibike.com\/wp-content\/uploads\/2026\/03\/Aaron-scaled.jpg\" alt=\"Aaron Bikefitting\" class=\"profile-image\" title=\"\">\r\n        <\/div>\r\n\r\n        <div class=\"profile-content\">\r\n          <h3>Aaron<\/h3>\r\n          <p class=\"profile-subtitle\">Regolazione professionale della bicicletta con particolare attenzione al comfort, al controllo e alle prestazioni.<\/p>\r\n\r\n          <p>\r\n  Aaron ti aiuter\u00e0 a regolare al meglio la bicicletta in base al tuo fisico e al tuo stile di guida.\r\n  Insieme, posizione, punti di contatto e sequenze di movimento vengono analizzati e specificamente migliorati.\r\n          <\/p>\r\n\r\n          <p>\r\n  L'obiettivo \u00e8 una configurazione che non solo offra buone prestazioni in ambito sportivo, ma che risulti anche stabile, efficiente e confortevole nei lunghi tragitti.\r\n          <\/p>\r\n\r\n          <div class=\"result\">\r\n            <strong>Risultato:<\/strong> una posizione di guida personalizzata per un maggiore piacere di guida, una migliore efficienza e un comfort nettamente superiore.\r\n          <\/div>\r\n        <\/div>\r\n      <\/div>\r\n    <\/div>\r\n\r\n    <div class=\"section\" id=\"termin\">\r\n      <h2 class=\"section-title\">Ecco come prenotare il tuo appuntamento<\/h2>\r\n\r\n      <div class=\"booking-steps\">\r\n        <div class=\"step\">\r\n          <div class=\"step-number\">1<\/div>\r\n          <p>Seleziona l'offerta pi\u00f9 adatta alle tue esigenze nello strumento di prenotazione.<\/p>\r\n        <\/div>\r\n        <div class=\"step\">\r\n          <div class=\"step-number\">2<\/div>\r\n          <p>Scegli la data che preferisci<\/p>\r\n        <\/div>\r\n        <div class=\"step\">\r\n          <div class=\"step-number\">3<\/div>\r\n          <p>Porta la tua bicicletta e l'attrezzatura necessaria oppure vieni a fare un giro di prova.<\/p>\r\n        <\/div>\r\n        <div class=\"step\">\r\n          <div class=\"step-number\">4<\/div>\r\n          <p>Inizia le tue prossime uscite con un assetto migliore o con la bici nuova giusta<\/p>\r\n        <\/div>\r\n      <\/div>\r\n\r\n      <div class=\"cta-wrap\">\r\n        <a href=\"#amelia-container\" class=\"cta-button\">Prenota subito un appuntamento<\/a>\r\n      <\/div>\r\n    <\/div>\r\n\r\n  <\/div>\r\n<\/div>\r\n\r\n<style>\r\n  .bikefitting-page {\r\n    font-family: inherit;\r\n    color: #4e4e4e;\r\n    background: #ffffff;\r\n  }\r\n\r\n  .bikefitting-page .content {\r\n    padding: 0;\r\n  }\r\n\r\n  .bikefitting-page .section {\r\n    margin-bottom: 72px;\r\n  }\r\n\r\n  .bikefitting-page .section-title {\r\n    font-size: 2rem;\r\n    font-weight: 700;\r\n    color: #4e4e4e;\r\n    margin-bottom: 32px;\r\n    position: relative;\r\n    padding-bottom: 14px;\r\n  }\r\n\r\n  .bikefitting-page .section-title::after {\r\n    content: \"\";\r\n    position: absolute;\r\n    left: 0;\r\n    bottom: 0;\r\n    width: 90px;\r\n    height: 4px;\r\n    background: #ffb635;\r\n    border-radius: 999px;\r\n  }\r\n\r\n  .hero-section {\r\n    margin-bottom: 72px;\r\n  }\r\n\r\n  .hero-card {\r\n    background: linear-gradient(135deg, #fff8e8 0%, #ffffff 100%);\r\n    border: 1px solid #c4c4c4;\r\n    border-radius: 24px;\r\n    padding: 56px 48px;\r\n    box-shadow: 0 12px 30px rgba(0, 0, 0, 0.06);\r\n    position: relative;\r\n    overflow: hidden;\r\n  }\r\n\r\n  .hero-card::before {\r\n    content: \"\";\r\n    position: absolute;\r\n    top: 0;\r\n    left: 0;\r\n    width: 140px;\r\n    height: 6px;\r\n    background: #ffb635;\r\n    border-radius: 0 0 999px 0;\r\n  }\r\n\r\n  .hero-content {\r\n    max-width: 760px;\r\n  }\r\n\r\n  .hero-label {\r\n    display: inline-block;\r\n    background: #ffb635;\r\n    color: #4e4e4e;\r\n    font-size: 0.82rem;\r\n    font-weight: 700;\r\n    padding: 8px 14px;\r\n    border-radius: 999px;\r\n    margin-bottom: 18px;\r\n  }\r\n\r\n  .hero-card h1 {\r\n    font-size: 2.6rem;\r\n    line-height: 1.15;\r\n    font-weight: 800;\r\n    color: #4e4e4e;\r\n    margin-bottom: 10px;\r\n  }\r\n\r\n  .hero-title {\r\n    font-size: 1.35rem;\r\n    line-height: 1.4;\r\n    font-weight: 700;\r\n    color: #4e4e4e;\r\n    margin-bottom: 14px;\r\n  }\r\n\r\n  .hero-tagline {\r\n    font-size: 1.08rem;\r\n    line-height: 1.6;\r\n    color: #4e4e4e;\r\n    font-weight: 600;\r\n    margin-bottom: 18px;\r\n  }\r\n\r\n  .hero-text {\r\n    font-size: 1rem;\r\n    line-height: 1.8;\r\n    color: #4e4e4e;\r\n    opacity: 0.92;\r\n    margin-bottom: 18px;\r\n  }\r\n\r\n  .hero-actions {\r\n    display: flex;\r\n    flex-wrap: wrap;\r\n    gap: 14px;\r\n    margin-top: 28px;\r\n  }\r\n\r\n  .package-grid {\r\n    display: grid;\r\n    grid-template-columns: repeat(2, minmax(0, 1fr));\r\n    gap: 28px;\r\n  }\r\n\r\n  .package,\r\n  .feature-card,\r\n  .info-card,\r\n  .step,\r\n  .notice-box,\r\n  .profile-card {\r\n    background: #fff;\r\n    border: 1px solid #c4c4c4;\r\n    border-radius: 18px;\r\n    box-shadow: 0 8px 24px rgba(0, 0, 0, 0.05);\r\n  }\r\n\r\n  .package,\r\n  .feature-card,\r\n  .info-card,\r\n  .profile-card {\r\n    padding: 30px;\r\n  }\r\n\r\n  .package h3,\r\n  .feature-card h3,\r\n  .profile-content h3 {\r\n    font-size: 1.35rem;\r\n    font-weight: 700;\r\n    color: #4e4e4e;\r\n    margin-bottom: 10px;\r\n  }\r\n\r\n  .package .tagline,\r\n  .profile-subtitle {\r\n    font-size: 0.98rem;\r\n    line-height: 1.6;\r\n    color: #4e4e4e;\r\n    opacity: 0.85;\r\n    margin-bottom: 22px;\r\n  }\r\n\r\n  .package-info {\r\n    display: flex;\r\n    flex-wrap: wrap;\r\n    gap: 14px;\r\n    margin-bottom: 24px;\r\n  }\r\n\r\n  .info-item {\r\n    background: #f8f8f8;\r\n    border: 1px solid #c4c4c4;\r\n    border-radius: 12px;\r\n    padding: 12px 16px;\r\n    font-size: 0.95rem;\r\n    color: #4e4e4e;\r\n  }\r\n\r\n  .info-item strong {\r\n    color: #4e4e4e;\r\n    font-weight: 700;\r\n  }\r\n\r\n  .package h4 {\r\n    font-size: 1rem;\r\n    font-weight: 700;\r\n    color: #4e4e4e;\r\n    margin: 22px 0 12px;\r\n  }\r\n\r\n  .package ul,\r\n  .info-card ul {\r\n    list-style: none;\r\n    padding: 0;\r\n    margin: 0 0 22px;\r\n  }\r\n\r\n  .package ul li,\r\n  .info-card ul li {\r\n    position: relative;\r\n    padding-left: 20px;\r\n    margin-bottom: 10px;\r\n    font-size: 0.96rem;\r\n    line-height: 1.7;\r\n    color: #4e4e4e;\r\n  }\r\n\r\n  .package ul li::before,\r\n  .info-card ul li::before {\r\n    content: \"\";\r\n    position: absolute;\r\n    left: 0;\r\n    top: 10px;\r\n    width: 8px;\r\n    height: 8px;\r\n    background: #ffb635;\r\n    border-radius: 50%;\r\n  }\r\n\r\n  .feature-grid {\r\n    display: grid;\r\n    grid-template-columns: repeat(2, minmax(0, 1fr));\r\n    gap: 28px;\r\n  }\r\n\r\n  .feature-card p,\r\n  .profile-content p {\r\n    font-size: 0.96rem;\r\n    line-height: 1.7;\r\n    color: #4e4e4e;\r\n    margin: 0 0 14px;\r\n  }\r\n\r\n  .notice-box {\r\n    margin-top: 32px;\r\n    padding: 24px 28px;\r\n    font-size: 0.92rem;\r\n    line-height: 1.7;\r\n    color: #4e4e4e;\r\n    background: #fffaf0;\r\n    border-left: 5px solid #ffb635;\r\n  }\r\n\r\n  .profile-card {\r\n    display: grid;\r\n    grid-template-columns: 320px minmax(0, 1fr);\r\n    gap: 0;\r\n    overflow: hidden;\r\n    padding: 0;\r\n  }\r\n\r\n  .profile-image-wrap {\r\n    background: #f8f8f8;\r\n  }\r\n\r\n  .profile-image {\r\n    display: block;\r\n    width: 100%;\r\n    height: 100%;\r\n    object-fit: cover;\r\n    min-height: 100%;\r\n  }\r\n\r\n  .profile-content {\r\n    padding: 32px;\r\n  }\r\n\r\n  .result {\r\n    margin-top: 22px;\r\n    padding-top: 18px;\r\n    border-top: 1px solid #c4c4c4;\r\n    font-size: 0.95rem;\r\n    line-height: 1.7;\r\n    color: #4e4e4e;\r\n  }\r\n\r\n  .result strong {\r\n    color: #4e4e4e;\r\n    font-weight: 700;\r\n  }\r\n\r\n  .booking-steps {\r\n    display: grid;\r\n    grid-template-columns: repeat(4, minmax(0, 1fr));\r\n    gap: 20px;\r\n    margin-top: 18px;\r\n  }\r\n\r\n  .step {\r\n    padding: 28px 22px;\r\n    text-align: center;\r\n    transition: transform 0.2s ease, box-shadow 0.2s ease;\r\n  }\r\n\r\n  .step:hover {\r\n    transform: translateY(-4px);\r\n    box-shadow: 0 12px 26px rgba(0, 0, 0, 0.08);\r\n  }\r\n\r\n  .step-number {\r\n    width: 64px;\r\n    height: 64px;\r\n    margin: 0 auto 18px;\r\n    border-radius: 50%;\r\n    background: #ffb635;\r\n    color: #4e4e4e;\r\n    display: flex;\r\n    align-items: center;\r\n    justify-content: center;\r\n    font-size: 1.6rem;\r\n    font-weight: 800;\r\n  }\r\n\r\n  .step p {\r\n    margin: 0;\r\n    font-size: 0.95rem;\r\n    line-height: 1.6;\r\n    color: #4e4e4e;\r\n  }\r\n\r\n  .cta-wrap {\r\n    text-align: center;\r\n    margin-top: 36px;\r\n  }\r\n\r\n  .cta-button {\r\n    display: inline-block;\r\n    background: #ffb635;\r\n    color: #4e4e4e;\r\n    padding: 16px 34px;\r\n    border-radius: 999px;\r\n    text-decoration: none;\r\n    font-size: 1rem;\r\n    font-weight: 700;\r\n    border: 2px solid #ffb635;\r\n    transition: all 0.25s ease;\r\n  }\r\n\r\n  .cta-button:hover {\r\n    background: #4e4e4e;\r\n    color: #ffffff;\r\n    border-color: #4e4e4e;\r\n  }\r\n\r\n  .cta-button-secondary {\r\n    background: transparent;\r\n    color: #4e4e4e;\r\n    border: 2px solid #c4c4c4;\r\n  }\r\n\r\n  .cta-button-secondary:hover {\r\n    background: #4e4e4e;\r\n    color: #ffffff;\r\n    border-color: #4e4e4e;\r\n  }\r\n\r\n  @media (max-width: 991px) {\r\n    .package-grid,\r\n    .feature-grid,\r\n    .profile-card {\r\n      grid-template-columns: 1fr;\r\n    }\r\n\r\n    .booking-steps {\r\n      grid-template-columns: repeat(2, minmax(0, 1fr));\r\n    }\r\n\r\n    .profile-card {\r\n      display: block;\r\n    }\r\n\r\n    .profile-image {\r\n      min-height: 320px;\r\n    }\r\n  }\r\n\r\n  @media (max-width: 767px) {\r\n    .bikefitting-page .section {\r\n      margin-bottom: 56px;\r\n    }\r\n\r\n    .bikefitting-page .section-title {\r\n      font-size: 1.65rem;\r\n      margin-bottom: 24px;\r\n    }\r\n\r\n    .hero-card {\r\n      padding: 32px 24px;\r\n      border-radius: 18px;\r\n    }\r\n\r\n    .hero-card h1 {\r\n      font-size: 2rem;\r\n    }\r\n\r\n    .hero-title {\r\n      font-size: 1.15rem;\r\n    }\r\n\r\n    .hero-tagline {\r\n      font-size: 1rem;\r\n    }\r\n\r\n    .hero-actions {\r\n      flex-direction: column;\r\n    }\r\n\r\n    .package,\r\n    .feature-card,\r\n    .info-card,\r\n    .notice-box,\r\n    .profile-content {\r\n      padding: 22px;\r\n    }\r\n\r\n    .booking-steps {\r\n      grid-template-columns: 1fr;\r\n      gap: 16px;\r\n    }\r\n\r\n    .cta-button {\r\n      width: 100%;\r\n      text-align: center;\r\n    }\r\n  }\r\n<\/style>\t\t\t\t<\/div>\n\t\t\t\t\t<\/div>\n\t\t\t\t<\/div>\n\t\t<div class=\"elementor-element elementor-element-86bd4cc e-flex e-con-boxed e-con e-parent\" data-id=\"86bd4cc\" data-element_type=\"container\" data-e-type=\"container\">\n\t\t\t\t\t<div class=\"e-con-inner\">\n\t\t\t\t<div class=\"elementor-element elementor-element-45aac5d elementor-widget elementor-widget-stepbooking\" data-id=\"45aac5d\" data-element_type=\"widget\" data-e-type=\"widget\" data-widget_type=\"stepbooking.default\">\n\t\t\t\t<div class=\"elementor-widget-container\">\n\t\t\t\t\t\n<script>\n  if (typeof hasAmeliaEntitiesApiCall === 'undefined' && ('' === '' && '' !== '1')) {\n    var hasAmeliaEntitiesApiCall = true;\n  }\n  var ameliaShortcodeData = (typeof ameliaShortcodeData === 'undefined') ? [] : ameliaShortcodeData;\n  ameliaShortcodeData.push(\n    {\n      'hasApiCall': (typeof hasAmeliaEntitiesApiCall !== 'undefined') && hasAmeliaEntitiesApiCall,\n      'trigger': '',\n      'trigger_type': '',\n      'triggered_form': 'sbsNew',\n      'in_dialog': '',\n      'show': '',\n      'counter': '1000',\n      'category': '2',\n      'service': '',\n      'employee': '',\n      'location': '',\n      'package': '',\n      'layout': '1',\n    }\n  );\n\n  var ameliaShortcodeDataTriggered = (typeof ameliaShortcodeDataTriggered === 'undefined') ? [] : ameliaShortcodeDataTriggered;\n  if (ameliaShortcodeData[ameliaShortcodeData.length - 1].trigger !== '') {\n    if (ameliaShortcodeDataTriggered.filter(a => a.counter === ameliaShortcodeData[ameliaShortcodeData.length - 1].counter).length === 0) {\n      ameliaShortcodeDataTriggered.push(ameliaShortcodeData.pop());\n    } else {\n      ameliaShortcodeData.pop()\n    }\n  }\n  if (typeof hasAmeliaEntitiesApiCall !== 'undefined' && hasAmeliaEntitiesApiCall) {\n    hasAmeliaEntitiesApiCall = false;\n  }\n<\/script>\n\n<div\n  id=\"amelia-v2-booking-1000\"\n  class=\"amelia-v2-booking\"\n >\n    <step-form-wrapper><\/step-form-wrapper><\/div>\n\t\t\t\t<\/div>\n\t\t\t\t<\/div>\n\t\t\t\t\t<\/div>\n\t\t\t\t<\/div>\n\t\t\t\t<\/div>\n\t\t","protected":false},"excerpt":{"rendered":"<p>Regolazione della bicicletta e prova su strada La tua configurazione ideale per la bici Montaggio professionale della bici Pi\u00f9 comfort. Pi\u00f9 potenza. Pi\u00f9 controllo. La corretta posizione di seduta \u00e8 fondamentale per il comfort, le prestazioni e il piacere di guida. Grazie al nostro servizio professionale di bike fitting, adattiamo perfettamente la tua bici al [&hellip;]<\/p>\n","protected":false},"author":3,"featured_media":0,"parent":0,"menu_order":0,"comment_status":"closed","ping_status":"closed","template":"","meta":{"footnotes":""},"class_list":["post-176888","page","type-page","status-publish","hentry"],"_links":{"self":[{"href":"https:\/\/hibike.com\/it\/wp-json\/wp\/v2\/pages\/176888","targetHints":{"allow":["GET"]}}],"collection":[{"href":"https:\/\/hibike.com\/it\/wp-json\/wp\/v2\/pages"}],"about":[{"href":"https:\/\/hibike.com\/it\/wp-json\/wp\/v2\/types\/page"}],"author":[{"embeddable":true,"href":"https:\/\/hibike.com\/it\/wp-json\/wp\/v2\/users\/3"}],"replies":[{"embeddable":true,"href":"https:\/\/hibike.com\/it\/wp-json\/wp\/v2\/comments?post=176888"}],"version-history":[{"count":0,"href":"https:\/\/hibike.com\/it\/wp-json\/wp\/v2\/pages\/176888\/revisions"}],"wp:attachment":[{"href":"https:\/\/hibike.com\/it\/wp-json\/wp\/v2\/media?parent=176888"}],"curies":[{"name":"wp","href":"https:\/\/api.w.org\/{rel}","templated":true}]}}